{"id":3117,"date":"2020-09-21T18:09:54","date_gmt":"2020-09-21T17:09:54","guid":{"rendered":"https:\/\/mealpass.hr\/piskotki\/"},"modified":"2025-10-14T23:04:19","modified_gmt":"2025-10-14T22:04:19","slug":"piskotki","status":"publish","type":"page","link":"https:\/\/mealpass.hr\/sl\/piskotki\/","title":{"rendered":"Pi\u0161kotki"},"content":{"rendered":"<p>[et_pb_section fb_built=&#8221;1&#8243; _builder_version=&#8221;4.16&#8243; global_colors_info=&#8221;{}&#8221;][et_pb_row _builder_version=&#8221;4.16&#8243; background_size=&#8221;initial&#8221; background_position=&#8221;top_left&#8221; background_repeat=&#8221;repeat&#8221; global_colors_info=&#8221;{}&#8221;][et_pb_column type=&#8221;4_4&#8243; _builder_version=&#8221;4.16&#8243; custom_padding=&#8221;|||&#8221; global_colors_info=&#8221;{}&#8221; custom_padding__hover=&#8221;|||&#8221;][et_pb_text _builder_version=&#8221;4.16&#8243; header_2_font=&#8221;Abril Fatface||||||||&#8221; background_size=&#8221;initial&#8221; background_position=&#8221;top_left&#8221; background_repeat=&#8221;repeat&#8221; global_colors_info=&#8221;{}&#8221;]<\/p>\n<h2><!-- divi:heading --><strong><\/strong><\/h2>\n<p>Spletne strani podjetja Veta savjetovanje doo s sede\u017eem v Zagrebu, O\u017eujska 1 (v nadaljevanju: Veta savjetovanje) lahko po\u0161iljajo in uporabljajo tako imenovane &#8220;pi\u0161kotke&#8221;. Ta politika dolo\u010da delovanje teh datotek na straneh, ki so v lasti Veta konsevnja.<\/p>\n<p><strong>Kaj so pi\u0161kotki in za kaj se uporabljajo?<\/strong><\/p>\n<p>Pi\u0161kotki so besedilne datoteke, ki jih spletni brskalnik shrani na va\u0161i kon\u010dni napravi (ra\u010dunalnik, prenosnik, pametni telefon itd.). Ko obi\u0161\u010dete na\u0161o spletno stran, va\u0161 brskalnik po\u0161lje to datoteko in ga je tako mogo\u010de vsaki\u010d prepoznati. Pi\u0161kotki so potrebni za navigacijo po na\u0161ih storitvah.<\/p>\n<p><strong>Katere vrste pi\u0161kotkov uporabljamo?<\/strong><\/p>\n<p><em>Sejni pi\u0161kotki<\/em><em><br \/> <\/em><br \/>  Sejni pi\u0161kotki so za\u010dasne datoteke, ki se shranijo od trenutka, ko vstopite v dolo\u010deno storitev, vendar le dokler ne zaprete seje spletnega brskalnika ali zaprete samega brskalnika. V storitvah shranjujemo samo en sejni \u00bbpi\u0161kotek\u00ab \u2013 datoteko, ki je namenjena \u0161ifriranju podatkov o avtorizaciji uporabnika. Datoteka se ustvari, ko uporabnik vstopi v storitev, in se izbri\u0161e, ko zapre brskalnik.<\/p>\n<p><em>Trajni pi\u0161kotki<\/em><em><br \/> <\/em><br \/>  To so pi\u0161kotki, datoteke, ki omogo\u010dajo uporabo dolo\u010dene storitve in se shranjujejo dlje \u010dasa. Storitev shrani \u00bbpi\u0161kotek\u00ab z informacijami o prikazu sporo\u010dila, povezanega z upravljanjem datotek \u00bbpi\u0161kotkov\u00ab v na\u0161i storitvi. Ta datoteka se hrani eno leto od trenutka, ko je shranjena na kon\u010dni napravi.<\/p>\n<p><em>Zunanji pi\u0161kotki<\/em><em><br \/>\n  <br \/>\n<\/em><br \/> To so datoteke, ki temeljijo na zunanjih internetnih storitvah, s katerimi sodelujejo na\u0161e internetne storitve.<\/p>\n<p>Na na\u0161ih straneh se uporabljajo datoteke Google Analytics, ki se uporabljajo za zbiranje statisti\u010dnih podatkov o storitvi. \u00bbPi\u0161kotki\u00ab se shranjujejo od za\u010detka va\u0161ega obiska na\u0161e platforme. Za ve\u010d informacij preberite informacije o pi\u0161kotkih Google Analytics.<\/p>\n<p>Prav tako je mogo\u010de onemogo\u010diti iskanje pi\u0161kotkov s strani Google Analytics v va\u0161i napravi.<\/p>\n<p><strong>So \u00bbpi\u0161kotki\u00ab nevarni?<\/strong><\/p>\n<p>Ne, ker pi\u0161kotki niso ra\u010dunalni\u0161ki programi in jih ni mogo\u010de uporabiti kot kode. Ne \u0161irijo virusov in vsak uporabnik ima mo\u017enost upravljanja pi\u0161kotkov na svoji kon\u010dni napravi. Poleg tega se v pi\u0161kotkih obdelujejo le deli podatkov, ki v ve\u010dji meri ne omogo\u010dajo popolne identifikacije uporabnika.<\/p>\n<p><strong>Upravljanje pi\u0161kotkov<\/strong><\/p>\n<p>Pi\u0161kotke uporabljamo le s soglasjem uporabnika. Mo\u017enost shranjevanja datotek \u00bbpi\u0161kotkov\u00ab v va\u0161i napravi lahko kadar koli izklopite ali spremenite z ustreznimi nastavitvami v programski opremi za brskanje po spletu (spletnem brskalniku). Standardna programska oprema za brskanje po spletu vklju\u010duje shranjevanje datotek na kon\u010dni napravi in \u200b\u200bnam tako omogo\u010da obdelavo podatkov, zbranih v teh datotekah.<\/p>\n<p>Ker se pi\u0161kotki uporabljajo za pomnjenje va\u0161ih nastavitev, povezanih s temi datotekami, se morate zavedati posledic spremembe nastavitev, zlasti:<\/p>\n<ol>\n<li>\u010ce onemogo\u010dite shranjevanje pi\u0161kotkov v svoji napravi, se morda ne boste mogli prijaviti v storitve in morda ne boste mogli uporabljati njihovih funkcij.<\/li>\n<li>V primeru uporabe druge kon\u010dne naprave, ra\u010dunalni\u0161kega profila ali spletnega brskalnika je treba ponovno dolo\u010diti nastavitve glede pi\u0161kotkov.<\/li>\n<\/ol>\n<p>Za pridobitev podrobnih informacij o upravljanju nastavitev datotek \u00bbpi\u0161kotki\u00ab priporo\u010damo, da sledite navodilom spletnega brskalnika, ki ga uporabljate. Veta savjetovanje doo kot ponudnik storitev je implementiral re\u0161itve, ki jih je zahteval<\/p>\n<p>Direktiva o zasebnosti in elektronski kontinuiteti, ki vklju\u010duje uporabo pi\u0161kotkov, ker ob upo\u0161tevanju najbolj\u0161ih praks s svojimi strankami in uporabniki, ki obi\u0161\u010dejo na\u0161e storitve, ravna po\u0161teno in odprto.<\/p>\n<p><span> <\/span><\/p>\n<h2><strong> <\/strong><\/h2>\n<p><span> <\/span><br \/> <!-- \/divi:heading --><\/p>\n<p>[\/et_pb_text][\/et_pb_column][\/et_pb_row][\/et_pb_section]<\/p>\n<span class=\"et_bloom_bottom_trigger\"><\/span>","protected":false},"excerpt":{"rendered":"<p>Spletne strani podjetja Veta savjetovanje doo s sede\u017eem v Zagrebu, O\u017eujska 1 (v nadaljevanju: Veta savjetovanje) lahko po\u0161iljajo in uporabljajo tako imenovane &#8220;pi\u0161kotke&#8221;. Ta politika dolo\u010da delovanje teh datotek na straneh, ki so v lasti Veta konsevnja. Kaj so pi\u0161kotki in za kaj se uporabljajo? Pi\u0161kotki so besedilne datoteke, ki jih spletni brskalnik shrani na [&hellip;]<\/p>\n","protected":false},"author":1,"featured_media":0,"parent":0,"menu_order":0,"comment_status":"closed","ping_status":"closed","template":"","meta":{"_et_pb_use_builder":"on","_et_pb_old_content":"","_et_gb_content_width":"","footnotes":""},"yoast_head":"<!-- This site is optimized with the Yoast SEO plugin v24.5 - https:\/\/yoast.com\/wordpress\/plugins\/seo\/ -->\n<title>Pi\u0161kotki %%sep% Obrok<\/title>\n<meta name=\"robots\" content=\"index, follow, max-snippet:-1, max-image-preview:large, max-video-preview:-1\" \/>\n<link rel=\"canonical\" href=\"https:\/\/mealpass.hr\/sl\/?page_id=3117\" \/>\n<meta property=\"og:locale\" content=\"sl_SI\" \/>\n<meta property=\"og:type\" content=\"article\" \/>\n<meta property=\"og:title\" content=\"Pi\u0161kotki %%sep% Obrok\" \/>\n<meta property=\"og:description\" content=\"Spletne strani podjetja Veta savjetovanje doo s sede\u017eem v Zagrebu, O\u017eujska 1 (v nadaljevanju: Veta savjetovanje) lahko po\u0161iljajo in uporabljajo tako imenovane &quot;pi\u0161kotke&quot;. Ta politika dolo\u010da delovanje teh datotek na straneh, ki so v lasti Veta konsevnja. Kaj so pi\u0161kotki in za kaj se uporabljajo? Pi\u0161kotki so besedilne datoteke, ki jih spletni brskalnik shrani na [&hellip;]\" \/>\n<meta property=\"og:url\" content=\"https:\/\/mealpass.hr\/sl\/?page_id=3117\" \/>\n<meta property=\"og:site_name\" content=\"Meal pass\" \/>\n<meta property=\"article:publisher\" content=\"https:\/\/www.facebook.com\/MealPass\/\" \/>\n<meta property=\"article:modified_time\" content=\"2025-10-14T22:04:19+00:00\" \/>\n<meta property=\"og:image\" content=\"https:\/\/mealpass.hr\/wp-content\/uploads\/2020\/10\/mealpass_crveno_FINAL_FINAL.png\" \/>\n\t<meta property=\"og:image:width\" content=\"1181\" \/>\n\t<meta property=\"og:image:height\" content=\"643\" \/>\n\t<meta property=\"og:image:type\" content=\"image\/png\" \/>\n<meta name=\"twitter:card\" content=\"summary_large_image\" \/>\n<meta name=\"twitter:label1\" content=\"Est. reading time\" \/>\n\t<meta name=\"twitter:data1\" content=\"3 minute\" \/>\n<script type=\"application\/ld+json\" class=\"yoast-schema-graph\">{\"@context\":\"https:\/\/schema.org\",\"@graph\":[{\"@type\":\"WebPage\",\"@id\":\"https:\/\/mealpass.hr\/sl\/?page_id=3117\",\"url\":\"https:\/\/mealpass.hr\/sl\/?page_id=3117\",\"name\":\"Pi\u0161kotki %%sep% Obrok\",\"isPartOf\":{\"@id\":\"https:\/\/mealpass.hr\/#website\"},\"datePublished\":\"2020-09-21T17:09:54+00:00\",\"dateModified\":\"2025-10-14T22:04:19+00:00\",\"breadcrumb\":{\"@id\":\"https:\/\/mealpass.hr\/sl\/?page_id=3117#breadcrumb\"},\"inLanguage\":\"sl-SI\",\"potentialAction\":[{\"@type\":\"ReadAction\",\"target\":[\"https:\/\/mealpass.hr\/sl\/?page_id=3117\"]}]},{\"@type\":\"BreadcrumbList\",\"@id\":\"https:\/\/mealpass.hr\/sl\/?page_id=3117#breadcrumb\",\"itemListElement\":[{\"@type\":\"ListItem\",\"position\":1,\"name\":\"Home\",\"item\":\"https:\/\/mealpass.hr\/sl\/domov\/\"},{\"@type\":\"ListItem\",\"position\":2,\"name\":\"Pi\u0161kotki\"}]},{\"@type\":\"WebSite\",\"@id\":\"https:\/\/mealpass.hr\/#website\",\"url\":\"https:\/\/mealpass.hr\/\",\"name\":\"MealPass\",\"description\":\"Jedi vi\u0161e, plati manje\",\"publisher\":{\"@id\":\"https:\/\/mealpass.hr\/#organization\"},\"potentialAction\":[{\"@type\":\"SearchAction\",\"target\":{\"@type\":\"EntryPoint\",\"urlTemplate\":\"https:\/\/mealpass.hr\/?s={search_term_string}\"},\"query-input\":{\"@type\":\"PropertyValueSpecification\",\"valueRequired\":true,\"valueName\":\"search_term_string\"}}],\"inLanguage\":\"sl-SI\"},{\"@type\":\"Organization\",\"@id\":\"https:\/\/mealpass.hr\/#organization\",\"name\":\"MealPass Hrvatska\",\"alternateName\":\"MealPass\",\"url\":\"https:\/\/mealpass.hr\/\",\"logo\":{\"@type\":\"ImageObject\",\"inLanguage\":\"sl-SI\",\"@id\":\"https:\/\/mealpass.hr\/#\/schema\/logo\/image\/\",\"url\":\"https:\/\/mealpass.hr\/wp-content\/uploads\/2022\/08\/ikona.png\",\"contentUrl\":\"https:\/\/mealpass.hr\/wp-content\/uploads\/2022\/08\/ikona.png\",\"width\":117,\"height\":117,\"caption\":\"MealPass Hrvatska\"},\"image\":{\"@id\":\"https:\/\/mealpass.hr\/#\/schema\/logo\/image\/\"},\"sameAs\":[\"https:\/\/www.facebook.com\/MealPass\/\",\"https:\/\/www.linkedin.com\/company\/mealpass-croatia\/\"]}]}<\/script>\n<!-- \/ Yoast SEO plugin. -->","yoast_head_json":{"title":"Pi\u0161kotki %%sep% Obrok","robots":{"index":"index","follow":"follow","max-snippet":"max-snippet:-1","max-image-preview":"max-image-preview:large","max-video-preview":"max-video-preview:-1"},"canonical":"https:\/\/mealpass.hr\/sl\/?page_id=3117","og_locale":"sl_SI","og_type":"article","og_title":"Pi\u0161kotki %%sep% Obrok","og_description":"Spletne strani podjetja Veta savjetovanje doo s sede\u017eem v Zagrebu, O\u017eujska 1 (v nadaljevanju: Veta savjetovanje) lahko po\u0161iljajo in uporabljajo tako imenovane \"pi\u0161kotke\". Ta politika dolo\u010da delovanje teh datotek na straneh, ki so v lasti Veta konsevnja. Kaj so pi\u0161kotki in za kaj se uporabljajo? Pi\u0161kotki so besedilne datoteke, ki jih spletni brskalnik shrani na [&hellip;]","og_url":"https:\/\/mealpass.hr\/sl\/?page_id=3117","og_site_name":"Meal pass","article_publisher":"https:\/\/www.facebook.com\/MealPass\/","article_modified_time":"2025-10-14T22:04:19+00:00","og_image":[{"width":1181,"height":643,"url":"https:\/\/mealpass.hr\/wp-content\/uploads\/2020\/10\/mealpass_crveno_FINAL_FINAL.png","type":"image\/png"}],"twitter_card":"summary_large_image","twitter_misc":{"Est. reading time":"3 minute"},"schema":{"@context":"https:\/\/schema.org","@graph":[{"@type":"WebPage","@id":"https:\/\/mealpass.hr\/sl\/?page_id=3117","url":"https:\/\/mealpass.hr\/sl\/?page_id=3117","name":"Pi\u0161kotki %%sep% Obrok","isPartOf":{"@id":"https:\/\/mealpass.hr\/#website"},"datePublished":"2020-09-21T17:09:54+00:00","dateModified":"2025-10-14T22:04:19+00:00","breadcrumb":{"@id":"https:\/\/mealpass.hr\/sl\/?page_id=3117#breadcrumb"},"inLanguage":"sl-SI","potentialAction":[{"@type":"ReadAction","target":["https:\/\/mealpass.hr\/sl\/?page_id=3117"]}]},{"@type":"BreadcrumbList","@id":"https:\/\/mealpass.hr\/sl\/?page_id=3117#breadcrumb","itemListElement":[{"@type":"ListItem","position":1,"name":"Home","item":"https:\/\/mealpass.hr\/sl\/domov\/"},{"@type":"ListItem","position":2,"name":"Pi\u0161kotki"}]},{"@type":"WebSite","@id":"https:\/\/mealpass.hr\/#website","url":"https:\/\/mealpass.hr\/","name":"MealPass","description":"Jedi vi\u0161e, plati manje","publisher":{"@id":"https:\/\/mealpass.hr\/#organization"},"potentialAction":[{"@type":"SearchAction","target":{"@type":"EntryPoint","urlTemplate":"https:\/\/mealpass.hr\/?s={search_term_string}"},"query-input":{"@type":"PropertyValueSpecification","valueRequired":true,"valueName":"search_term_string"}}],"inLanguage":"sl-SI"},{"@type":"Organization","@id":"https:\/\/mealpass.hr\/#organization","name":"MealPass Hrvatska","alternateName":"MealPass","url":"https:\/\/mealpass.hr\/","logo":{"@type":"ImageObject","inLanguage":"sl-SI","@id":"https:\/\/mealpass.hr\/#\/schema\/logo\/image\/","url":"https:\/\/mealpass.hr\/wp-content\/uploads\/2022\/08\/ikona.png","contentUrl":"https:\/\/mealpass.hr\/wp-content\/uploads\/2022\/08\/ikona.png","width":117,"height":117,"caption":"MealPass Hrvatska"},"image":{"@id":"https:\/\/mealpass.hr\/#\/schema\/logo\/image\/"},"sameAs":["https:\/\/www.facebook.com\/MealPass\/","https:\/\/www.linkedin.com\/company\/mealpass-croatia\/"]}]}},"_links":{"self":[{"href":"https:\/\/mealpass.hr\/sl\/wp-json\/wp\/v2\/pages\/3117"}],"collection":[{"href":"https:\/\/mealpass.hr\/sl\/wp-json\/wp\/v2\/pages"}],"about":[{"href":"https:\/\/mealpass.hr\/sl\/wp-json\/wp\/v2\/types\/page"}],"author":[{"embeddable":true,"href":"https:\/\/mealpass.hr\/sl\/wp-json\/wp\/v2\/users\/1"}],"replies":[{"embeddable":true,"href":"https:\/\/mealpass.hr\/sl\/wp-json\/wp\/v2\/comments?post=3117"}],"version-history":[{"count":2,"href":"https:\/\/mealpass.hr\/sl\/wp-json\/wp\/v2\/pages\/3117\/revisions"}],"predecessor-version":[{"id":3123,"href":"https:\/\/mealpass.hr\/sl\/wp-json\/wp\/v2\/pages\/3117\/revisions\/3123"}],"wp:attachment":[{"href":"https:\/\/mealpass.hr\/sl\/wp-json\/wp\/v2\/media?parent=3117"}],"curies":[{"name":"wp","href":"https:\/\/api.w.org\/{rel}","templated":true}]}}