{"id":3088,"date":"2020-09-23T17:54:30","date_gmt":"2020-09-23T16:54:30","guid":{"rendered":"https:\/\/mealpass.hr\/o-nas\/"},"modified":"2025-10-14T23:04:03","modified_gmt":"2025-10-14T22:04:03","slug":"o-nas","status":"publish","type":"page","link":"https:\/\/mealpass.hr\/sl\/o-nas\/","title":{"rendered":"O nas"},"content":{"rendered":"<p>[et_pb_section fb_built=&#8221;1&#8243; fullwidth=&#8221;on&#8221; admin_label=&#8221;Header&#8221; _builder_version=&#8221;4.16&#8243; background_image=&#8221;https:\/\/mealpass.hr\/wp-content\/uploads\/2020\/09\/food-catering-12-1.jpg&#8221; parallax=&#8221;on&#8221; custom_padding=&#8221;0|0px|0|0px|false|false&#8221; global_colors_info=&#8221;{}&#8221;][et_pb_fullwidth_header title=&#8221;O nas&#8221; button_one_url=&#8221;www.mealpass.hr\/kontakt\/&#8221; content_max_width=&#8221;650px&#8221; content_max_width_tablet=&#8221;480px&#8221; content_max_width_phone=&#8221;&#8221; content_max_width_last_edited=&#8221;on|tablet&#8221; _builder_version=&#8221;4.16&#8243; title_font=&#8221;Abril Fatface||||||||&#8221; title_font_size=&#8221;72px&#8221; title_line_height=&#8221;1.2em&#8221; content_font=&#8221;Cabin||||||||&#8221; content_font_size=&#8221;18px&#8221; content_line_height=&#8221;1.8em&#8221; background_color=&#8221;rgba(255,255,255,0)&#8221; use_background_color_gradient=&#8221;on&#8221; background_color_gradient_type=&#8221;circular&#8221; background_color_gradient_direction_radial=&#8221;right&#8221; background_color_gradient_stops=&#8221;rgba(255,255,255,0) 0%|#ffffff 40%&#8221; background_color_gradient_start=&#8221;rgba(255,255,255,0)&#8221; background_color_gradient_end=&#8221;#ffffff&#8221; background_color_gradient_end_position=&#8221;40%&#8221; background_position=&#8221;center_left&#8221; custom_button_one=&#8221;on&#8221; button_one_text_size=&#8221;16px&#8221; button_one_text_color=&#8221;#ffffff&#8221; button_one_bg_color=&#8221;#a01f23&#8243; button_one_border_width=&#8221;15px&#8221; button_one_border_color=&#8221;#a01f23&#8243; button_one_border_radius=&#8221;4px&#8221; button_one_letter_spacing=&#8221;3px&#8221; button_one_font=&#8221;Cabin|700||on|||||&#8221; custom_button_two=&#8221;on&#8221; button_two_text_size=&#8221;16px&#8221; button_two_text_color=&#8221;#ffffff&#8221; button_two_bg_color=&#8221;#ff6d4a&#8221; button_two_border_width=&#8221;15px&#8221; button_two_border_color=&#8221;#ff6d4a&#8221; button_two_border_radius=&#8221;4px&#8221; button_two_letter_spacing=&#8221;3px&#8221; button_two_font=&#8221;Cabin|700||on|||||&#8221; background_layout=&#8221;light&#8221; custom_margin=&#8221;|||&#8221; custom_padding=&#8221;104px||104px||true|&#8221; title_font_size_tablet=&#8221;&#8221; title_font_size_phone=&#8221;40px&#8221; title_font_size_last_edited=&#8221;on|phone&#8221; title_line_height_tablet=&#8221;&#8221; title_line_height_phone=&#8221;1.2em&#8221; title_line_height_last_edited=&#8221;on|phone&#8221; button_one_border_radius_hover=&#8221;4px&#8221; button_two_border_radius_hover=&#8221;4px&#8221; button_one_letter_spacing_hover=&#8221;3px&#8221; button_two_letter_spacing_hover=&#8221;3px&#8221; global_colors_info=&#8221;{}&#8221; button_one_text_size__hover_enabled=&#8221;off&#8221; button_two_text_size__hover_enabled=&#8221;off&#8221; button_one_text_color__hover_enabled=&#8221;off&#8221; button_two_text_color__hover_enabled=&#8221;off&#8221; button_one_border_width__hover_enabled=&#8221;off&#8221; button_two_border_width__hover_enabled=&#8221;off&#8221; button_one_border_color__hover_enabled=&#8221;off&#8221; button_two_border_color__hover_enabled=&#8221;off&#8221; button_one_border_radius__hover_enabled=&#8221;on&#8221; button_one_border_radius__hover=&#8221;4px&#8221; button_two_border_radius__hover_enabled=&#8221;on&#8221; button_two_border_radius__hover=&#8221;4px&#8221; button_one_letter_spacing__hover_enabled=&#8221;on&#8221; button_one_letter_spacing__hover=&#8221;3px&#8221; button_two_letter_spacing__hover_enabled=&#8221;on&#8221; button_two_letter_spacing__hover=&#8221;3px&#8221; button_one_bg_color__hover_enabled=&#8221;off&#8221; button_two_bg_color__hover_enabled=&#8221;off&#8221;][\/et_pb_fullwidth_header][\/et_pb_section][et_pb_section fb_built=&#8221;1&#8243; admin_label=&#8221;About&#8221; _builder_version=&#8221;4.16&#8243; global_colors_info=&#8221;{}&#8221;][et_pb_row column_structure=&#8221;1_2,1_2&#8243; padding_top_bottom_link_2=&#8221;false&#8221; _builder_version=&#8221;4.16&#8243; custom_padding=&#8221;11px|||||&#8221; global_colors_info=&#8221;{}&#8221;][et_pb_column type=&#8221;1_2&#8243; _builder_version=&#8221;4.16&#8243; background_size=&#8221;initial&#8221; custom_padding=&#8221;|||&#8221; global_colors_info=&#8221;{}&#8221; custom_padding__hover=&#8221;|||&#8221;][et_pb_image src=&#8221;https:\/\/mealpass.hr\/wp-content\/uploads\/2020\/09\/image-003.jpg&#8221; title_text=&#8221;slika-003&#8243; align_tablet=&#8221;center&#8221; align_phone=&#8221;&#8221; align_last_edited=&#8221;on|desktop&#8221; _builder_version=&#8221;4.16&#8243; custom_padding=&#8221;||71px|||&#8221; animation_style=&#8221;slide&#8221; animation_direction=&#8221;left&#8221; animation_intensity_slide=&#8221;2%&#8221; border_radii=&#8221;on|4px|4px|4px|4px&#8221; global_colors_info=&#8221;{}&#8221;][\/et_pb_image][\/et_pb_column][et_pb_column type=&#8221;1_2&#8243; _builder_version=&#8221;4.16&#8243; background_image=&#8221;https:\/\/mealpass.hr\/wp-content\/uploads\/2020\/09\/square-bg.png&#8221; background_size=&#8221;initial&#8221; background_position=&#8221;top_left&#8221; custom_padding=&#8221;10%|||40px&#8221; custom_padding_tablet=&#8221;|||&#8221; custom_padding_last_edited=&#8221;off|desktop&#8221; global_colors_info=&#8221;{}&#8221; padding_tablet=&#8221;|||&#8221; padding_last_edited=&#8221;off|desktop&#8221; custom_padding__hover=&#8221;|||&#8221;][et_pb_text _builder_version=&#8221;4.16&#8243; text_font=&#8221;||||||||&#8221; text_font_size=&#8221;16px&#8221; text_line_height=&#8221;2em&#8221; header_font=&#8221;||||||||&#8221; header_2_font=&#8221;Abril Fatface||||||||&#8221; header_2_font_size=&#8221;60px&#8221; header_2_line_height=&#8221;1.2em&#8221; max_width=&#8221;600px&#8221; custom_margin=&#8221;-44px|||-34px||&#8221; header_2_font_size_tablet=&#8221;50px&#8221; header_2_font_size_phone=&#8221;32px&#8221; header_2_font_size_last_edited=&#8221;on|desktop&#8221; locked=&#8221;off&#8221; global_colors_info=&#8221;{}&#8221;]<\/p>\n<p><span>Dinamika vsakdanjega \u017eivljenja nam vsem pu\u0161\u010da vedno manj \u010dasa za u\u017eivanje v osnovni potrebi \u2013 hrani. Pogosto se nam zgodi, da je vse pomembnej\u0161e od \u010dasa za obrok. Po drugi strani pa \u0161tevilne \u0161tudije nenehno opozarjajo na pomen zdrave prehrane za na\u0161e zdravje. Kljub temu na delovnem mestu jemo kosilo, ve\u010dinoma hitro hrano, ne da bi pri tem odvrnili misli od naslednje delovne naloge.     <\/span><\/p>\n<p><span>Skozi dolgoletne poslovne kariere na vodstvenih polo\u017eajih smo opazili, kako problemati\u010dna je prehrana za zaposlene med delovnim \u010dasom, pa tudi po njem. Ob koncih tedna se nam ne ljubi kuhati in se \u017eelimo ve\u010d dru\u017eiti s prijatelji in poslovnimi kolegi zunaj pisarne, na kosilu, ve\u010derji &#8230; <\/span><\/p>\n<p><span>Pogosto si tak\u0161en \u017eivljenjski slog ni mogo\u010de privo\u0161\u010diti ali pa predstavlja velik mese\u010dni ali letni stro\u0161ek. Vendar ni nujno, da je tako! <\/span><\/p>\n<p>[\/et_pb_text][\/et_pb_column][\/et_pb_row][\/et_pb_section][et_pb_section fb_built=&#8221;1&#8243; admin_label=&#8221;About&#8221; _builder_version=&#8221;4.16&#8243; custom_padding=&#8221;9px|||||&#8221; global_colors_info=&#8221;{}&#8221;][et_pb_row column_structure=&#8221;1_2,1_2&#8243; padding_top_bottom_link_2=&#8221;false&#8221; _builder_version=&#8221;4.16&#8243; module_alignment=&#8221;center&#8221; custom_margin=&#8221;|49px||53px||&#8221; global_colors_info=&#8221;{}&#8221;][et_pb_column type=&#8221;1_2&#8243; _builder_version=&#8221;4.16&#8243; background_size=&#8221;initial&#8221; custom_padding=&#8221;|||&#8221; global_colors_info=&#8221;{}&#8221; custom_padding__hover=&#8221;|||&#8221;][et_pb_text _builder_version=&#8221;4.16&#8243; text_font=&#8221;||||||||&#8221; text_font_size=&#8221;16px&#8221; text_line_height=&#8221;2em&#8221; header_font=&#8221;||||||||&#8221; header_2_font=&#8221;Abril Fatface||||||||&#8221; header_2_font_size=&#8221;60px&#8221; header_2_line_height=&#8221;1.2em&#8221; max_width=&#8221;600px&#8221; custom_margin=&#8221;-44px|||||&#8221; header_2_font_size_tablet=&#8221;50px&#8221; header_2_font_size_phone=&#8221;32px&#8221; header_2_font_size_last_edited=&#8221;on|desktop&#8221; locked=&#8221;off&#8221; global_colors_info=&#8221;{}&#8221;]<\/p>\n<p><span>Smo ekipa izku\u0161enih poslovne\u017eev, katerih vizija je omogo\u010diti \u0161irokemu krogu poslovnih in zasebnih uporabnikov prehranjevanje v restavracijah, hkrati pa prihraniti veliko denarja. \u010clanstvo v MealPassu vam ob povpre\u010dni mese\u010dni porabi omogo\u010da do 15 dodatnih kosil na leto. <\/span><\/p>\n<p><span>Aplikacijo MealPass smo razvili z idejo, da bi morali biti obroki za vas po\u010ditnice, ne pa vsakdanja skrb. Z vklju\u010ditvijo ve\u010d kot sto restavracij v omre\u017eje MealPass smo na\u0161im uporabnikom omogo\u010dili, da u\u017eivajo v bogati in raznoliki ponudbi jedi s popustom do 14 % na vsako naro\u010deno jed. Najpomembneje pa je, da aplikacije MealPass ni treba uporabljati le med odmori v slu\u017ebi, temve\u010d jo lahko uporabite tudi za dru\u017einska sre\u010danja ob vikendih ali ve\u010derne izhode s prijatelji. V prihodnjem obdobju nameravamo mre\u017eo gostinskih obratov MealPass raz\u0161iriti na vse regije dr\u017eave, tako da boste lahko u\u017eivali v prednostih kakovostnega, a izjemno ugodnega obroka tudi med po\u010ditnicami ali poslovnim potovanjem.   <\/span><\/p>\n<p><span>Na\u0161a mre\u017ea poslovnih stikov, ki jo ustvarjamo \u017ee ve\u010d kot tri desetletja, in na\u0161a prodajna ekipa bosta restavracijam zagotovili dodaten dohodek, podjetjem pa ugodnosti za njihove zaposlene, ki bodo lahko v mre\u017ei restavracij jedli ugodneje. MealPass je gastro simbioza, v kateri razvijamo gostinska podjetja, restavracijsko hrano naredimo dostopnej\u0161o \u0161irokemu krogu ljudi in podjetjem ponujamo odli\u010dno orodje za motiviranje zaposlenih.   <\/span><\/p>\n<p>[\/et_pb_text][\/et_pb_column][et_pb_column type=&#8221;1_2&#8243; _builder_version=&#8221;4.16&#8243; background_image=&#8221;https:\/\/mealpass.hr\/wp-content\/uploads\/2020\/09\/square-bg.png&#8221; background_size=&#8221;initial&#8221; background_position=&#8221;top_left&#8221; custom_padding=&#8221;10%|||40px&#8221; custom_padding_tablet=&#8221;|||&#8221; custom_padding_last_edited=&#8221;off|desktop&#8221; global_colors_info=&#8221;{}&#8221; padding_tablet=&#8221;|||&#8221; padding_last_edited=&#8221;off|desktop&#8221; custom_padding__hover=&#8221;|||&#8221;][et_pb_image src=&#8221;https:\/\/mealpass.hr\/wp-content\/uploads\/2020\/09\/image-001.jpg&#8221; title_text=&#8221;slika-001&#8243; align_tablet=&#8221;center&#8221; align_phone=&#8221;&#8221; align_last_edited=&#8221;on|desktop&#8221; _builder_version=&#8221;4.16&#8243; width=&#8221;118%&#8221; min_height=&#8221;594px&#8221; custom_margin=&#8221;-33px|||-50px||&#8221; custom_padding=&#8221;61px||0px|21px||&#8221; animation_style=&#8221;slide&#8221; animation_direction=&#8221;left&#8221; animation_intensity_slide=&#8221;2%&#8221; border_radii=&#8221;on|4px|4px|4px|4px&#8221; global_colors_info=&#8221;{}&#8221;][\/et_pb_image][\/et_pb_column][\/et_pb_row][\/et_pb_section]<\/p>\n<span class=\"et_bloom_bottom_trigger\"><\/span>","protected":false},"excerpt":{"rendered":"<p>Dinamika vsakdanjega \u017eivljenja nam vsem pu\u0161\u010da vedno manj \u010dasa za u\u017eivanje v osnovni potrebi \u2013 hrani. Pogosto se nam zgodi, da je vse pomembnej\u0161e od \u010dasa za obrok. Po drugi strani pa \u0161tevilne \u0161tudije nenehno opozarjajo na pomen zdrave prehrane za na\u0161e zdravje. Kljub temu na delovnem mestu jemo kosilo, ve\u010dinoma hitro hrano, ne da [&hellip;]<\/p>\n","protected":false},"author":1,"featured_media":0,"parent":0,"menu_order":0,"comment_status":"closed","ping_status":"closed","template":"","meta":{"_et_pb_use_builder":"on","_et_pb_old_content":"","_et_gb_content_width":"","footnotes":""},"yoast_head":"<!-- This site is optimized with the Yoast SEO plugin v24.5 - https:\/\/yoast.com\/wordpress\/plugins\/seo\/ -->\n<title>O nas %%sep% Obrok<\/title>\n<meta name=\"description\" content=\"Smo ekipa izku\u0161enih poslovne\u017eev, ki imajo vizijo omogo\u010diti \u0161irokemu \u0161tevilu poslovnih in zasebnih uporabnikov prehranjevanje v restavracijah ob hkratnem prihranku denarja.\" \/>\n<meta name=\"robots\" content=\"index, follow, max-snippet:-1, max-image-preview:large, max-video-preview:-1\" \/>\n<link rel=\"canonical\" href=\"https:\/\/mealpass.hr\/sl\/?page_id=3088\" \/>\n<meta property=\"og:locale\" content=\"sl_SI\" \/>\n<meta property=\"og:type\" content=\"article\" \/>\n<meta property=\"og:title\" content=\"O nas %%sep% Obrok\" \/>\n<meta property=\"og:description\" content=\"Smo ekipa izku\u0161enih poslovne\u017eev, ki imajo vizijo omogo\u010diti \u0161irokemu \u0161tevilu poslovnih in zasebnih uporabnikov prehranjevanje v restavracijah ob hkratnem prihranku denarja.\" \/>\n<meta property=\"og:url\" content=\"https:\/\/mealpass.hr\/sl\/?page_id=3088\" \/>\n<meta property=\"og:site_name\" content=\"Meal pass\" \/>\n<meta property=\"article:publisher\" content=\"https:\/\/www.facebook.com\/MealPass\/\" \/>\n<meta property=\"article:modified_time\" content=\"2025-10-14T22:04:03+00:00\" \/>\n<meta property=\"og:image\" content=\"https:\/\/mealpass.hr\/wp-content\/uploads\/2020\/10\/mealpass_crveno_FINAL_FINAL.png\" \/>\n\t<meta property=\"og:image:width\" content=\"1181\" \/>\n\t<meta property=\"og:image:height\" content=\"643\" \/>\n\t<meta property=\"og:image:type\" content=\"image\/png\" \/>\n<meta name=\"twitter:card\" content=\"summary_large_image\" \/>\n<meta name=\"twitter:label1\" content=\"Est. reading time\" \/>\n\t<meta name=\"twitter:data1\" content=\"6 minut\" \/>\n<script type=\"application\/ld+json\" class=\"yoast-schema-graph\">{\"@context\":\"https:\/\/schema.org\",\"@graph\":[{\"@type\":\"WebPage\",\"@id\":\"https:\/\/mealpass.hr\/sl\/?page_id=3088\",\"url\":\"https:\/\/mealpass.hr\/sl\/?page_id=3088\",\"name\":\"O nas %%sep% Obrok\",\"isPartOf\":{\"@id\":\"https:\/\/mealpass.hr\/#website\"},\"datePublished\":\"2020-09-23T16:54:30+00:00\",\"dateModified\":\"2025-10-14T22:04:03+00:00\",\"description\":\"Smo ekipa izku\u0161enih poslovne\u017eev, ki imajo vizijo omogo\u010diti \u0161irokemu \u0161tevilu poslovnih in zasebnih uporabnikov prehranjevanje v restavracijah ob hkratnem prihranku denarja.\",\"breadcrumb\":{\"@id\":\"https:\/\/mealpass.hr\/sl\/?page_id=3088#breadcrumb\"},\"inLanguage\":\"sl-SI\",\"potentialAction\":[{\"@type\":\"ReadAction\",\"target\":[\"https:\/\/mealpass.hr\/sl\/?page_id=3088\"]}]},{\"@type\":\"BreadcrumbList\",\"@id\":\"https:\/\/mealpass.hr\/sl\/?page_id=3088#breadcrumb\",\"itemListElement\":[{\"@type\":\"ListItem\",\"position\":1,\"name\":\"Home\",\"item\":\"https:\/\/mealpass.hr\/sl\/domov\/\"},{\"@type\":\"ListItem\",\"position\":2,\"name\":\"O nas\"}]},{\"@type\":\"WebSite\",\"@id\":\"https:\/\/mealpass.hr\/#website\",\"url\":\"https:\/\/mealpass.hr\/\",\"name\":\"MealPass\",\"description\":\"Jedi vi\u0161e, plati manje\",\"publisher\":{\"@id\":\"https:\/\/mealpass.hr\/#organization\"},\"potentialAction\":[{\"@type\":\"SearchAction\",\"target\":{\"@type\":\"EntryPoint\",\"urlTemplate\":\"https:\/\/mealpass.hr\/?s={search_term_string}\"},\"query-input\":{\"@type\":\"PropertyValueSpecification\",\"valueRequired\":true,\"valueName\":\"search_term_string\"}}],\"inLanguage\":\"sl-SI\"},{\"@type\":\"Organization\",\"@id\":\"https:\/\/mealpass.hr\/#organization\",\"name\":\"MealPass Hrvatska\",\"alternateName\":\"MealPass\",\"url\":\"https:\/\/mealpass.hr\/\",\"logo\":{\"@type\":\"ImageObject\",\"inLanguage\":\"sl-SI\",\"@id\":\"https:\/\/mealpass.hr\/#\/schema\/logo\/image\/\",\"url\":\"https:\/\/mealpass.hr\/wp-content\/uploads\/2022\/08\/ikona.png\",\"contentUrl\":\"https:\/\/mealpass.hr\/wp-content\/uploads\/2022\/08\/ikona.png\",\"width\":117,\"height\":117,\"caption\":\"MealPass Hrvatska\"},\"image\":{\"@id\":\"https:\/\/mealpass.hr\/#\/schema\/logo\/image\/\"},\"sameAs\":[\"https:\/\/www.facebook.com\/MealPass\/\",\"https:\/\/www.linkedin.com\/company\/mealpass-croatia\/\"]}]}<\/script>\n<!-- \/ Yoast SEO plugin. -->","yoast_head_json":{"title":"O nas %%sep% Obrok","description":"Smo ekipa izku\u0161enih poslovne\u017eev, ki imajo vizijo omogo\u010diti \u0161irokemu \u0161tevilu poslovnih in zasebnih uporabnikov prehranjevanje v restavracijah ob hkratnem prihranku denarja.","robots":{"index":"index","follow":"follow","max-snippet":"max-snippet:-1","max-image-preview":"max-image-preview:large","max-video-preview":"max-video-preview:-1"},"canonical":"https:\/\/mealpass.hr\/sl\/?page_id=3088","og_locale":"sl_SI","og_type":"article","og_title":"O nas %%sep% Obrok","og_description":"Smo ekipa izku\u0161enih poslovne\u017eev, ki imajo vizijo omogo\u010diti \u0161irokemu \u0161tevilu poslovnih in zasebnih uporabnikov prehranjevanje v restavracijah ob hkratnem prihranku denarja.","og_url":"https:\/\/mealpass.hr\/sl\/?page_id=3088","og_site_name":"Meal pass","article_publisher":"https:\/\/www.facebook.com\/MealPass\/","article_modified_time":"2025-10-14T22:04:03+00:00","og_image":[{"width":1181,"height":643,"url":"https:\/\/mealpass.hr\/wp-content\/uploads\/2020\/10\/mealpass_crveno_FINAL_FINAL.png","type":"image\/png"}],"twitter_card":"summary_large_image","twitter_misc":{"Est. reading time":"6 minut"},"schema":{"@context":"https:\/\/schema.org","@graph":[{"@type":"WebPage","@id":"https:\/\/mealpass.hr\/sl\/?page_id=3088","url":"https:\/\/mealpass.hr\/sl\/?page_id=3088","name":"O nas %%sep% Obrok","isPartOf":{"@id":"https:\/\/mealpass.hr\/#website"},"datePublished":"2020-09-23T16:54:30+00:00","dateModified":"2025-10-14T22:04:03+00:00","description":"Smo ekipa izku\u0161enih poslovne\u017eev, ki imajo vizijo omogo\u010diti \u0161irokemu \u0161tevilu poslovnih in zasebnih uporabnikov prehranjevanje v restavracijah ob hkratnem prihranku denarja.","breadcrumb":{"@id":"https:\/\/mealpass.hr\/sl\/?page_id=3088#breadcrumb"},"inLanguage":"sl-SI","potentialAction":[{"@type":"ReadAction","target":["https:\/\/mealpass.hr\/sl\/?page_id=3088"]}]},{"@type":"BreadcrumbList","@id":"https:\/\/mealpass.hr\/sl\/?page_id=3088#breadcrumb","itemListElement":[{"@type":"ListItem","position":1,"name":"Home","item":"https:\/\/mealpass.hr\/sl\/domov\/"},{"@type":"ListItem","position":2,"name":"O nas"}]},{"@type":"WebSite","@id":"https:\/\/mealpass.hr\/#website","url":"https:\/\/mealpass.hr\/","name":"MealPass","description":"Jedi vi\u0161e, plati manje","publisher":{"@id":"https:\/\/mealpass.hr\/#organization"},"potentialAction":[{"@type":"SearchAction","target":{"@type":"EntryPoint","urlTemplate":"https:\/\/mealpass.hr\/?s={search_term_string}"},"query-input":{"@type":"PropertyValueSpecification","valueRequired":true,"valueName":"search_term_string"}}],"inLanguage":"sl-SI"},{"@type":"Organization","@id":"https:\/\/mealpass.hr\/#organization","name":"MealPass Hrvatska","alternateName":"MealPass","url":"https:\/\/mealpass.hr\/","logo":{"@type":"ImageObject","inLanguage":"sl-SI","@id":"https:\/\/mealpass.hr\/#\/schema\/logo\/image\/","url":"https:\/\/mealpass.hr\/wp-content\/uploads\/2022\/08\/ikona.png","contentUrl":"https:\/\/mealpass.hr\/wp-content\/uploads\/2022\/08\/ikona.png","width":117,"height":117,"caption":"MealPass Hrvatska"},"image":{"@id":"https:\/\/mealpass.hr\/#\/schema\/logo\/image\/"},"sameAs":["https:\/\/www.facebook.com\/MealPass\/","https:\/\/www.linkedin.com\/company\/mealpass-croatia\/"]}]}},"_links":{"self":[{"href":"https:\/\/mealpass.hr\/sl\/wp-json\/wp\/v2\/pages\/3088"}],"collection":[{"href":"https:\/\/mealpass.hr\/sl\/wp-json\/wp\/v2\/pages"}],"about":[{"href":"https:\/\/mealpass.hr\/sl\/wp-json\/wp\/v2\/types\/page"}],"author":[{"embeddable":true,"href":"https:\/\/mealpass.hr\/sl\/wp-json\/wp\/v2\/users\/1"}],"replies":[{"embeddable":true,"href":"https:\/\/mealpass.hr\/sl\/wp-json\/wp\/v2\/comments?post=3088"}],"version-history":[{"count":2,"href":"https:\/\/mealpass.hr\/sl\/wp-json\/wp\/v2\/pages\/3088\/revisions"}],"predecessor-version":[{"id":3095,"href":"https:\/\/mealpass.hr\/sl\/wp-json\/wp\/v2\/pages\/3088\/revisions\/3095"}],"wp:attachment":[{"href":"https:\/\/mealpass.hr\/sl\/wp-json\/wp\/v2\/media?parent=3088"}],"curies":[{"name":"wp","href":"https:\/\/api.w.org\/{rel}","templated":true}]}}