{"id":3081,"date":"2020-09-23T18:11:50","date_gmt":"2020-09-23T17:11:50","guid":{"rendered":"https:\/\/mealpass.hr\/kontakt\/"},"modified":"2025-10-14T23:04:03","modified_gmt":"2025-10-14T22:04:03","slug":"kontakt","status":"publish","type":"page","link":"https:\/\/mealpass.hr\/sl\/kontakt\/","title":{"rendered":"Kontakt"},"content":{"rendered":"<p>[et_pb_section fb_built=&#8221;1&#8243; _builder_version=&#8221;4.16&#8243; _module_preset=&#8221;default&#8221; use_background_color_gradient=&#8221;on&#8221; background_color_gradient_direction=&#8221;92deg&#8221; background_color_gradient_stops=&#8221;#ffffff 37%|rgba(255,255,255,0.11) 61%&#8221; background_color_gradient_overlays_image=&#8221;on&#8221; background_color_gradient_start=&#8221;#ffffff&#8221; background_color_gradient_start_position=&#8221;37%&#8221; background_color_gradient_end=&#8221;rgba(255,255,255,0.11)&#8221; background_color_gradient_end_position=&#8221;61%&#8221; background_image=&#8221;https:\/\/mealpass.hr\/wp-content\/uploads\/2020\/09\/3208898.jpg&#8221; custom_padding=&#8221;88px||160px|||&#8221; global_colors_info=&#8221;{}&#8221;][et_pb_row _builder_version=&#8221;4.16&#8243; _module_preset=&#8221;default&#8221; max_width=&#8221;1476px&#8221; module_alignment=&#8221;center&#8221; custom_margin=&#8221;|auto||469px||&#8221; custom_padding=&#8221;58px|||||&#8221; global_colors_info=&#8221;{}&#8221;][et_pb_column type=&#8221;4_4&#8243; _builder_version=&#8221;4.16&#8243; _module_preset=&#8221;default&#8221; global_colors_info=&#8221;{}&#8221;][et_pb_text _builder_version=&#8221;4.16&#8243; text_font=&#8221;||||||||&#8221; text_font_size=&#8221;16px&#8221; text_line_height=&#8221;2em&#8221; header_font=&#8221;||||||||&#8221; header_2_font=&#8221;Abril Fatface||||||||&#8221; header_2_font_size=&#8221;50px&#8221; header_2_line_height=&#8221;1.2em&#8221; max_width=&#8221;600px&#8221; module_alignment=&#8221;left&#8221; custom_padding=&#8221;|0px||0px||true&#8221; header_2_font_size_tablet=&#8221;&#8221; header_2_font_size_phone=&#8221;32px&#8221; header_2_font_size_last_edited=&#8221;on|phone&#8221; locked=&#8221;off&#8221; global_colors_info=&#8221;{}&#8221;]<\/p>\n<h2 style=\"text-align: left;\">POSTANITE DEL PROGRAMA MEALPASS<\/h2>\n<p>[\/et_pb_text][\/et_pb_column][\/et_pb_row][et_pb_row column_structure=&#8221;1_6,1_6,1_6,1_6,1_6,1_6&#8243; use_custom_gutter=&#8221;on&#8221; gutter_width=&#8221;1&#8243; _builder_version=&#8221;4.16&#8243; _module_preset=&#8221;default&#8221; max_width=&#8221;1467px&#8221; module_alignment=&#8221;center&#8221; custom_padding=&#8221;|||0px||&#8221; global_colors_info=&#8221;{}&#8221;][et_pb_column type=&#8221;1_6&#8243; _builder_version=&#8221;4.16&#8243; _module_preset=&#8221;default&#8221; global_colors_info=&#8221;{}&#8221;][et_pb_button button_url=&#8221;https:\/\/mealpass.hr\/restorani\/&#8221; button_text=&#8221;RESTAVRACIJE&#8221; button_alignment=&#8221;left&#8221; button_alignment_tablet=&#8221;&#8221; button_alignment_phone=&#8221;center&#8221; button_alignment_last_edited=&#8221;on|phone&#8221; _builder_version=&#8221;4.16&#8243; _module_preset=&#8221;default&#8221; custom_button=&#8221;on&#8221; button_bg_color=&#8221;#ed2d23&#8243; background_layout=&#8221;dark&#8221; global_colors_info=&#8221;{}&#8221;][\/et_pb_button][\/et_pb_column][et_pb_column type=&#8221;1_6&#8243; _builder_version=&#8221;4.16&#8243; _module_preset=&#8221;default&#8221; global_colors_info=&#8221;{}&#8221;][et_pb_button button_url=&#8221;https:\/\/mealpass.hr\/tvrtke\/&#8221; button_text=&#8221;PODJETJA&#8221; button_alignment=&#8221;center&#8221; button_alignment_tablet=&#8221;&#8221; button_alignment_phone=&#8221;center&#8221; button_alignment_last_edited=&#8221;on|phone&#8221; _builder_version=&#8221;4.16&#8243; _module_preset=&#8221;default&#8221; custom_button=&#8221;on&#8221; button_bg_color=&#8221;#ed2d23&#8243; background_layout=&#8221;dark&#8221; button_text_size_tablet=&#8221;&#8221; button_text_size_phone=&#8221;&#8221; button_text_size_last_edited=&#8221;on|phone&#8221; global_colors_info=&#8221;{}&#8221;][\/et_pb_button][\/et_pb_column][et_pb_column type=&#8221;1_6&#8243; _builder_version=&#8221;4.16&#8243; _module_preset=&#8221;default&#8221; global_colors_info=&#8221;{}&#8221;][et_pb_button button_url=&#8221;https:\/\/mealpass.hr\/sl\/?page_id=3073&#8243; button_text=&#8221;UPORABNIKI&#8221; button_alignment=&#8221;center&#8221; _builder_version=&#8221;4.16&#8243; _module_preset=&#8221;default&#8221; custom_button=&#8221;on&#8221; button_bg_color=&#8221;#ed2d23&#8243; background_layout=&#8221;dark&#8221; global_colors_info=&#8221;{}&#8221;][\/et_pb_button][\/et_pb_column][et_pb_column type=&#8221;1_6&#8243; _builder_version=&#8221;4.16&#8243; _module_preset=&#8221;default&#8221; global_colors_info=&#8221;{}&#8221;][\/et_pb_column][et_pb_column type=&#8221;1_6&#8243; _builder_version=&#8221;4.16&#8243; _module_preset=&#8221;default&#8221; global_colors_info=&#8221;{}&#8221;][\/et_pb_column][et_pb_column type=&#8221;1_6&#8243; _builder_version=&#8221;4.16&#8243; _module_preset=&#8221;default&#8221; global_colors_info=&#8221;{}&#8221;][\/et_pb_column][\/et_pb_row][\/et_pb_section][et_pb_section fb_built=&#8221;1&#8243; admin_label=&#8221;Contact Us&#8221; _builder_version=&#8221;4.16&#8243; global_colors_info=&#8221;{}&#8221;][et_pb_row column_structure=&#8221;1_2,1_2&#8243; _builder_version=&#8221;4.16&#8243; module_alignment=&#8221;center&#8221; custom_margin=&#8221;|auto||53px||&#8221; global_colors_info=&#8221;{}&#8221;][et_pb_column type=&#8221;1_2&#8243; _builder_version=&#8221;4.16&#8243; custom_padding=&#8221;|||&#8221; global_colors_info=&#8221;{}&#8221; custom_padding__hover=&#8221;|||&#8221;][et_pb_text _builder_version=&#8221;4.16&#8243; text_font=&#8221;||||||||&#8221; text_font_size=&#8221;16px&#8221; text_line_height=&#8221;2em&#8221; header_font=&#8221;||||||||&#8221; header_2_font=&#8221;Abril Fatface||||||||&#8221; header_2_font_size=&#8221;50px&#8221; header_2_line_height=&#8221;1.2em&#8221; max_width=&#8221;600px&#8221; module_alignment=&#8221;center&#8221; header_2_font_size_tablet=&#8221;&#8221; header_2_font_size_phone=&#8221;32px&#8221; header_2_font_size_last_edited=&#8221;on|phone&#8221; locked=&#8221;off&#8221; global_colors_info=&#8221;{}&#8221;]<\/p>\n<h2>Po\u0161ljite nam sporo\u010dilo<\/h2>\n<p>[\/et_pb_text][et_pb_contact_form captcha=&#8221;off&#8221; email=&#8221;kontakt@mealpass.hr&#8221; success_message=&#8221;Sporo\u010dilo je bilo uspe\u0161no poslano.&#8221; submit_button_text=&#8221;po\u0161lji&#8221; module_id=&#8221;et_pb_contact_form_0&#8243; _builder_version=&#8221;4.16&#8243; _unique_id=&#8221;d775a8c4-72a5-4b46-8a58-0fa4df79c56f&#8221; form_field_background_color=&#8221;#ffffff&#8221; form_field_font=&#8221;Cabin|||on|||||&#8221; form_field_font_size=&#8221;12px&#8221; form_field_letter_spacing=&#8221;3px&#8221; form_field_line_height=&#8221;2em&#8221; custom_button=&#8221;on&#8221; button_text_size=&#8221;16px&#8221; button_text_color=&#8221;#ffffff&#8221; button_bg_color=&#8221;#ed2d23&#8243; button_border_width=&#8221;10px&#8221; button_border_color=&#8221;#ed2d23&#8243; button_border_radius=&#8221;4px&#8221; button_letter_spacing=&#8221;3px&#8221; button_font=&#8221;Cabin|700||on|||||&#8221; animation_style=&#8221;slide&#8221; animation_direction=&#8221;left&#8221; animation_intensity_slide=&#8221;2%&#8221; border_radii=&#8221;on|4px|4px|4px|4px&#8221; border_width_all=&#8221;1px&#8221; border_color_all=&#8221;#e1e1e1&#8243; form_background_color=&#8221;#ffffff&#8221; global_colors_info=&#8221;{}&#8221;][et_pb_contact_field field_id=&#8221;Name&#8221; field_title=&#8221;Ime in priimek&#8221; fullwidth_field=&#8221;on&#8221; _builder_version=&#8221;4.16&#8243; global_colors_info=&#8221;{}&#8221; button_text_size__hover_enabled=&#8221;off&#8221; button_one_text_size__hover_enabled=&#8221;off&#8221; button_two_text_size__hover_enabled=&#8221;off&#8221; button_text_color__hover_enabled=&#8221;off&#8221; button_one_text_color__hover_enabled=&#8221;off&#8221; button_two_text_color__hover_enabled=&#8221;off&#8221; button_border_width__hover_enabled=&#8221;off&#8221; button_one_border_width__hover_enabled=&#8221;off&#8221; button_two_border_width__hover_enabled=&#8221;off&#8221; button_border_color__hover_enabled=&#8221;off&#8221; button_one_border_color__hover_enabled=&#8221;off&#8221; button_two_border_color__hover_enabled=&#8221;off&#8221; button_border_radius__hover_enabled=&#8221;off&#8221; button_one_border_radius__hover_enabled=&#8221;off&#8221; button_two_border_radius__hover_enabled=&#8221;off&#8221; button_letter_spacing__hover_enabled=&#8221;off&#8221; button_one_letter_spacing__hover_enabled=&#8221;off&#8221; button_two_letter_spacing__hover_enabled=&#8221;off&#8221; button_bg_color__hover_enabled=&#8221;off&#8221; button_one_bg_color__hover_enabled=&#8221;off&#8221; button_two_bg_color__hover_enabled=&#8221;off&#8221;][\/et_pb_contact_field][et_pb_contact_field field_id=&#8221;your_email&#8221; field_title=&#8221;Va\u0161 e-po\u0161tni naslov&#8221; field_type=&#8221;email&#8221; fullwidth_field=&#8221;on&#8221; _builder_version=&#8221;4.16&#8243; global_colors_info=&#8221;{}&#8221; button_text_size__hover_enabled=&#8221;off&#8221; button_one_text_size__hover_enabled=&#8221;off&#8221; button_two_text_size__hover_enabled=&#8221;off&#8221; button_text_color__hover_enabled=&#8221;off&#8221; button_one_text_color__hover_enabled=&#8221;off&#8221; button_two_text_color__hover_enabled=&#8221;off&#8221; button_border_width__hover_enabled=&#8221;off&#8221; button_one_border_width__hover_enabled=&#8221;off&#8221; button_two_border_width__hover_enabled=&#8221;off&#8221; button_border_color__hover_enabled=&#8221;off&#8221; button_one_border_color__hover_enabled=&#8221;off&#8221; button_two_border_color__hover_enabled=&#8221;off&#8221; button_border_radius__hover_enabled=&#8221;off&#8221; button_one_border_radius__hover_enabled=&#8221;off&#8221; button_two_border_radius__hover_enabled=&#8221;off&#8221; button_letter_spacing__hover_enabled=&#8221;off&#8221; button_one_letter_spacing__hover_enabled=&#8221;off&#8221; button_two_letter_spacing__hover_enabled=&#8221;off&#8221; button_bg_color__hover_enabled=&#8221;off&#8221; button_one_bg_color__hover_enabled=&#8221;off&#8221; button_two_bg_color__hover_enabled=&#8221;off&#8221;][\/et_pb_contact_field][et_pb_contact_field field_id=&#8221;phone&#8221; field_title=&#8221;telefon&#8221; fullwidth_field=&#8221;on&#8221; _builder_version=&#8221;4.16&#8243; global_colors_info=&#8221;{}&#8221; button_text_size__hover_enabled=&#8221;off&#8221; button_one_text_size__hover_enabled=&#8221;off&#8221; button_two_text_size__hover_enabled=&#8221;off&#8221; button_text_color__hover_enabled=&#8221;off&#8221; button_one_text_color__hover_enabled=&#8221;off&#8221; button_two_text_color__hover_enabled=&#8221;off&#8221; button_border_width__hover_enabled=&#8221;off&#8221; button_one_border_width__hover_enabled=&#8221;off&#8221; button_two_border_width__hover_enabled=&#8221;off&#8221; button_border_color__hover_enabled=&#8221;off&#8221; button_one_border_color__hover_enabled=&#8221;off&#8221; button_two_border_color__hover_enabled=&#8221;off&#8221; button_border_radius__hover_enabled=&#8221;off&#8221; button_one_border_radius__hover_enabled=&#8221;off&#8221; button_two_border_radius__hover_enabled=&#8221;off&#8221; button_letter_spacing__hover_enabled=&#8221;off&#8221; button_one_letter_spacing__hover_enabled=&#8221;off&#8221; button_two_letter_spacing__hover_enabled=&#8221;off&#8221; button_bg_color__hover_enabled=&#8221;off&#8221; button_one_bg_color__hover_enabled=&#8221;off&#8221; button_two_bg_color__hover_enabled=&#8221;off&#8221;][\/et_pb_contact_field][et_pb_contact_field field_id=&#8221;Message&#8221; field_title=&#8221;Sporo\u010dilo&#8221; field_type=&#8221;text&#8221; fullwidth_field=&#8221;on&#8221; _builder_version=&#8221;4.16&#8243; global_colors_info=&#8221;{}&#8221; button_text_size__hover_enabled=&#8221;off&#8221; button_one_text_size__hover_enabled=&#8221;off&#8221; button_two_text_size__hover_enabled=&#8221;off&#8221; button_text_color__hover_enabled=&#8221;off&#8221; button_one_text_color__hover_enabled=&#8221;off&#8221; button_two_text_color__hover_enabled=&#8221;off&#8221; button_border_width__hover_enabled=&#8221;off&#8221; button_one_border_width__hover_enabled=&#8221;off&#8221; button_two_border_width__hover_enabled=&#8221;off&#8221; button_border_color__hover_enabled=&#8221;off&#8221; button_one_border_color__hover_enabled=&#8221;off&#8221; button_two_border_color__hover_enabled=&#8221;off&#8221; button_border_radius__hover_enabled=&#8221;off&#8221; button_one_border_radius__hover_enabled=&#8221;off&#8221; button_two_border_radius__hover_enabled=&#8221;off&#8221; button_letter_spacing__hover_enabled=&#8221;off&#8221; button_one_letter_spacing__hover_enabled=&#8221;off&#8221; button_two_letter_spacing__hover_enabled=&#8221;off&#8221; button_bg_color__hover_enabled=&#8221;off&#8221; button_one_bg_color__hover_enabled=&#8221;off&#8221; button_two_bg_color__hover_enabled=&#8221;off&#8221;][\/et_pb_contact_field][\/et_pb_contact_form][\/et_pb_column][et_pb_column type=&#8221;1_2&#8243; _builder_version=&#8221;4.16&#8243; custom_padding=&#8221;|||&#8221; global_colors_info=&#8221;{}&#8221; custom_padding__hover=&#8221;|||&#8221;][et_pb_text _builder_version=&#8221;4.16&#8243; text_font=&#8221;|700|||||||&#8221; text_text_color=&#8221;#ed2d23&#8243; text_font_size=&#8221;40px&#8221; text_line_height=&#8221;1.8em&#8221; header_font=&#8221;||||||||&#8221; header_2_font=&#8221;Abril Fatface||||||||&#8221; header_2_font_size=&#8221;50px&#8221; header_2_line_height=&#8221;1.2em&#8221; max_width=&#8221;600px&#8221; module_alignment=&#8221;center&#8221; text_font_size_tablet=&#8221;&#8221; text_font_size_phone=&#8221;30px&#8221; text_font_size_last_edited=&#8221;on|phone&#8221; header_2_font_size_tablet=&#8221;&#8221; header_2_font_size_phone=&#8221;32px&#8221; header_2_font_size_last_edited=&#8221;on|phone&#8221; locked=&#8221;off&#8221; global_colors_info=&#8221;{}&#8221;]<\/p>\n<h2>Pokli\u010dite nas<\/h2>\n<p>(+385) 1 4816 119<\/p>\n<p>[\/et_pb_text][et_pb_text _builder_version=&#8221;4.16&#8243; text_font=&#8221;||||||||&#8221; text_font_size=&#8221;16px&#8221; text_line_height=&#8221;1.8em&#8221; link_font=&#8221;||||||||&#8221; ul_font=&#8221;||||||||&#8221; ol_font=&#8221;||||||||&#8221; quote_font=&#8221;||||||||&#8221; header_font=&#8221;||||||||&#8221; header_2_font=&#8221;||||||||&#8221; header_3_font=&#8221;||||||||&#8221; header_4_font=&#8221;||||||||&#8221; header_5_font=&#8221;|700|||||||&#8221; header_5_text_color=&#8221;#ed2d23&#8243; header_5_line_height=&#8221;1.4em&#8221; header_6_font=&#8221;||||||||&#8221; global_colors_info=&#8221;{}&#8221;]<\/p>\n<h5>DELOVNI \u010cAS PODPORE STRANKAM<\/h5>\n<p>pon &#8211; ned: 9.00 &#8211; 12.00<\/p>\n<p>[\/et_pb_text][et_pb_text _builder_version=&#8221;4.16&#8243; text_font=&#8221;||||||||&#8221; text_font_size=&#8221;16px&#8221; text_line_height=&#8221;1.8em&#8221; link_font=&#8221;||||||||&#8221; ul_font=&#8221;||||||||&#8221; ol_font=&#8221;||||||||&#8221; quote_font=&#8221;||||||||&#8221; header_font=&#8221;||||||||&#8221; header_2_font=&#8221;||||||||&#8221; header_3_font=&#8221;||||||||&#8221; header_4_font=&#8221;||||||||&#8221; header_5_font=&#8221;|700|||||||&#8221; header_5_text_color=&#8221;#ed2d23&#8243; header_5_line_height=&#8221;1.4em&#8221; header_6_font=&#8221;||||||||&#8221; global_colors_info=&#8221;{}&#8221;]<\/p>\n<h5>NASLOV<\/h5>\n<p>Veta Consulting Ltd.<\/p>\n<p>O\u017eujska 1, Zagreb<\/p>\n<p>[\/et_pb_text][et_pb_text _builder_version=&#8221;4.16&#8243; text_font=&#8221;||||||||&#8221; text_font_size=&#8221;16px&#8221; text_line_height=&#8221;1.8em&#8221; link_font=&#8221;||||||||&#8221; ul_font=&#8221;||||||||&#8221; ol_font=&#8221;||||||||&#8221; quote_font=&#8221;||||||||&#8221; header_font=&#8221;||||||||&#8221; header_2_font=&#8221;||||||||&#8221; header_3_font=&#8221;||||||||&#8221; header_4_font=&#8221;||||||||&#8221; header_5_font=&#8221;|700|||||||&#8221; header_5_text_color=&#8221;#ed2d23&#8243; header_5_line_height=&#8221;1.4em&#8221; header_6_font=&#8221;||||||||&#8221; global_colors_info=&#8221;{}&#8221;]<\/p>\n<h5>E-PO\u0160TA<\/h5>\n<p>kontakt@mealpass.hr<\/p>\n<p>[\/et_pb_text][\/et_pb_column][\/et_pb_row][\/et_pb_section]<\/p>\n<span class=\"et_bloom_bottom_trigger\"><\/span>","protected":false},"excerpt":{"rendered":"<p>POSTANITE DEL PROGRAMA MEALPASSPo\u0161ljite nam sporo\u010diloPokli\u010dite nas (+385) 1 4816 119DELOVNI \u010cAS PODPORE STRANKAM pon &#8211; ned: 9.00 &#8211; 12.00NASLOV Veta Consulting Ltd. O\u017eujska 1, ZagrebE-PO\u0160TA kontakt@mealpass.hr<\/p>\n","protected":false},"author":1,"featured_media":0,"parent":0,"menu_order":0,"comment_status":"closed","ping_status":"closed","template":"","meta":{"_et_pb_use_builder":"on","_et_pb_old_content":"","_et_gb_content_width":"","footnotes":""},"yoast_head":"<!-- This site is optimized with the Yoast SEO plugin v24.5 - https:\/\/yoast.com\/wordpress\/plugins\/seo\/ -->\n<title>Kontakt %%sep% Obrok<\/title>\n<meta name=\"description\" content=\"Kontaktni podatki za MealPass in informacije o delovnem \u010dasu ter telefonska \u0161tevilka za podporo strankam.\" \/>\n<meta name=\"robots\" content=\"index, follow, max-snippet:-1, max-image-preview:large, max-video-preview:-1\" \/>\n<link rel=\"canonical\" href=\"https:\/\/mealpass.hr\/sl\/?page_id=3081\" \/>\n<meta property=\"og:locale\" content=\"sl_SI\" \/>\n<meta property=\"og:type\" content=\"article\" \/>\n<meta property=\"og:title\" content=\"Kontakt %%sep% Obrok\" \/>\n<meta property=\"og:description\" content=\"Kontaktni podatki za MealPass in informacije o delovnem \u010dasu ter telefonska \u0161tevilka za podporo strankam.\" \/>\n<meta property=\"og:url\" content=\"https:\/\/mealpass.hr\/sl\/?page_id=3081\" \/>\n<meta property=\"og:site_name\" content=\"Meal pass\" \/>\n<meta property=\"article:publisher\" content=\"https:\/\/www.facebook.com\/MealPass\/\" \/>\n<meta property=\"article:modified_time\" content=\"2025-10-14T22:04:03+00:00\" \/>\n<meta property=\"og:image\" content=\"https:\/\/mealpass.hr\/wp-content\/uploads\/2020\/10\/mealpass_crveno_FINAL_FINAL.png\" \/>\n\t<meta property=\"og:image:width\" content=\"1181\" \/>\n\t<meta property=\"og:image:height\" content=\"643\" \/>\n\t<meta property=\"og:image:type\" content=\"image\/png\" \/>\n<meta name=\"twitter:card\" content=\"summary_large_image\" \/>\n<meta name=\"twitter:label1\" content=\"Est. reading time\" \/>\n\t<meta name=\"twitter:data1\" content=\"8 minut\" \/>\n<script type=\"application\/ld+json\" class=\"yoast-schema-graph\">{\"@context\":\"https:\/\/schema.org\",\"@graph\":[{\"@type\":\"WebPage\",\"@id\":\"https:\/\/mealpass.hr\/sl\/?page_id=3081\",\"url\":\"https:\/\/mealpass.hr\/sl\/?page_id=3081\",\"name\":\"Kontakt %%sep% Obrok\",\"isPartOf\":{\"@id\":\"https:\/\/mealpass.hr\/#website\"},\"datePublished\":\"2020-09-23T17:11:50+00:00\",\"dateModified\":\"2025-10-14T22:04:03+00:00\",\"description\":\"Kontaktni podatki za MealPass in informacije o delovnem \u010dasu ter telefonska \u0161tevilka za podporo strankam.\",\"breadcrumb\":{\"@id\":\"https:\/\/mealpass.hr\/sl\/?page_id=3081#breadcrumb\"},\"inLanguage\":\"sl-SI\",\"potentialAction\":[{\"@type\":\"ReadAction\",\"target\":[\"https:\/\/mealpass.hr\/sl\/?page_id=3081\"]}]},{\"@type\":\"BreadcrumbList\",\"@id\":\"https:\/\/mealpass.hr\/sl\/?page_id=3081#breadcrumb\",\"itemListElement\":[{\"@type\":\"ListItem\",\"position\":1,\"name\":\"Home\",\"item\":\"https:\/\/mealpass.hr\/sl\/domov\/\"},{\"@type\":\"ListItem\",\"position\":2,\"name\":\"Kontakt\"}]},{\"@type\":\"WebSite\",\"@id\":\"https:\/\/mealpass.hr\/#website\",\"url\":\"https:\/\/mealpass.hr\/\",\"name\":\"MealPass\",\"description\":\"Jedi vi\u0161e, plati manje\",\"publisher\":{\"@id\":\"https:\/\/mealpass.hr\/#organization\"},\"potentialAction\":[{\"@type\":\"SearchAction\",\"target\":{\"@type\":\"EntryPoint\",\"urlTemplate\":\"https:\/\/mealpass.hr\/?s={search_term_string}\"},\"query-input\":{\"@type\":\"PropertyValueSpecification\",\"valueRequired\":true,\"valueName\":\"search_term_string\"}}],\"inLanguage\":\"sl-SI\"},{\"@type\":\"Organization\",\"@id\":\"https:\/\/mealpass.hr\/#organization\",\"name\":\"MealPass Hrvatska\",\"alternateName\":\"MealPass\",\"url\":\"https:\/\/mealpass.hr\/\",\"logo\":{\"@type\":\"ImageObject\",\"inLanguage\":\"sl-SI\",\"@id\":\"https:\/\/mealpass.hr\/#\/schema\/logo\/image\/\",\"url\":\"https:\/\/mealpass.hr\/wp-content\/uploads\/2022\/08\/ikona.png\",\"contentUrl\":\"https:\/\/mealpass.hr\/wp-content\/uploads\/2022\/08\/ikona.png\",\"width\":117,\"height\":117,\"caption\":\"MealPass Hrvatska\"},\"image\":{\"@id\":\"https:\/\/mealpass.hr\/#\/schema\/logo\/image\/\"},\"sameAs\":[\"https:\/\/www.facebook.com\/MealPass\/\",\"https:\/\/www.linkedin.com\/company\/mealpass-croatia\/\"]}]}<\/script>\n<!-- \/ Yoast SEO plugin. -->","yoast_head_json":{"title":"Kontakt %%sep% Obrok","description":"Kontaktni podatki za MealPass in informacije o delovnem \u010dasu ter telefonska \u0161tevilka za podporo strankam.","robots":{"index":"index","follow":"follow","max-snippet":"max-snippet:-1","max-image-preview":"max-image-preview:large","max-video-preview":"max-video-preview:-1"},"canonical":"https:\/\/mealpass.hr\/sl\/?page_id=3081","og_locale":"sl_SI","og_type":"article","og_title":"Kontakt %%sep% Obrok","og_description":"Kontaktni podatki za MealPass in informacije o delovnem \u010dasu ter telefonska \u0161tevilka za podporo strankam.","og_url":"https:\/\/mealpass.hr\/sl\/?page_id=3081","og_site_name":"Meal pass","article_publisher":"https:\/\/www.facebook.com\/MealPass\/","article_modified_time":"2025-10-14T22:04:03+00:00","og_image":[{"width":1181,"height":643,"url":"https:\/\/mealpass.hr\/wp-content\/uploads\/2020\/10\/mealpass_crveno_FINAL_FINAL.png","type":"image\/png"}],"twitter_card":"summary_large_image","twitter_misc":{"Est. reading time":"8 minut"},"schema":{"@context":"https:\/\/schema.org","@graph":[{"@type":"WebPage","@id":"https:\/\/mealpass.hr\/sl\/?page_id=3081","url":"https:\/\/mealpass.hr\/sl\/?page_id=3081","name":"Kontakt %%sep% Obrok","isPartOf":{"@id":"https:\/\/mealpass.hr\/#website"},"datePublished":"2020-09-23T17:11:50+00:00","dateModified":"2025-10-14T22:04:03+00:00","description":"Kontaktni podatki za MealPass in informacije o delovnem \u010dasu ter telefonska \u0161tevilka za podporo strankam.","breadcrumb":{"@id":"https:\/\/mealpass.hr\/sl\/?page_id=3081#breadcrumb"},"inLanguage":"sl-SI","potentialAction":[{"@type":"ReadAction","target":["https:\/\/mealpass.hr\/sl\/?page_id=3081"]}]},{"@type":"BreadcrumbList","@id":"https:\/\/mealpass.hr\/sl\/?page_id=3081#breadcrumb","itemListElement":[{"@type":"ListItem","position":1,"name":"Home","item":"https:\/\/mealpass.hr\/sl\/domov\/"},{"@type":"ListItem","position":2,"name":"Kontakt"}]},{"@type":"WebSite","@id":"https:\/\/mealpass.hr\/#website","url":"https:\/\/mealpass.hr\/","name":"MealPass","description":"Jedi vi\u0161e, plati manje","publisher":{"@id":"https:\/\/mealpass.hr\/#organization"},"potentialAction":[{"@type":"SearchAction","target":{"@type":"EntryPoint","urlTemplate":"https:\/\/mealpass.hr\/?s={search_term_string}"},"query-input":{"@type":"PropertyValueSpecification","valueRequired":true,"valueName":"search_term_string"}}],"inLanguage":"sl-SI"},{"@type":"Organization","@id":"https:\/\/mealpass.hr\/#organization","name":"MealPass Hrvatska","alternateName":"MealPass","url":"https:\/\/mealpass.hr\/","logo":{"@type":"ImageObject","inLanguage":"sl-SI","@id":"https:\/\/mealpass.hr\/#\/schema\/logo\/image\/","url":"https:\/\/mealpass.hr\/wp-content\/uploads\/2022\/08\/ikona.png","contentUrl":"https:\/\/mealpass.hr\/wp-content\/uploads\/2022\/08\/ikona.png","width":117,"height":117,"caption":"MealPass Hrvatska"},"image":{"@id":"https:\/\/mealpass.hr\/#\/schema\/logo\/image\/"},"sameAs":["https:\/\/www.facebook.com\/MealPass\/","https:\/\/www.linkedin.com\/company\/mealpass-croatia\/"]}]}},"_links":{"self":[{"href":"https:\/\/mealpass.hr\/sl\/wp-json\/wp\/v2\/pages\/3081"}],"collection":[{"href":"https:\/\/mealpass.hr\/sl\/wp-json\/wp\/v2\/pages"}],"about":[{"href":"https:\/\/mealpass.hr\/sl\/wp-json\/wp\/v2\/types\/page"}],"author":[{"embeddable":true,"href":"https:\/\/mealpass.hr\/sl\/wp-json\/wp\/v2\/users\/1"}],"replies":[{"embeddable":true,"href":"https:\/\/mealpass.hr\/sl\/wp-json\/wp\/v2\/comments?post=3081"}],"version-history":[{"count":3,"href":"https:\/\/mealpass.hr\/sl\/wp-json\/wp\/v2\/pages\/3081\/revisions"}],"predecessor-version":[{"id":3094,"href":"https:\/\/mealpass.hr\/sl\/wp-json\/wp\/v2\/pages\/3081\/revisions\/3094"}],"wp:attachment":[{"href":"https:\/\/mealpass.hr\/sl\/wp-json\/wp\/v2\/media?parent=3081"}],"curies":[{"name":"wp","href":"https:\/\/api.w.org\/{rel}","templated":true}]}}