{"id":3073,"date":"2020-09-23T20:48:17","date_gmt":"2020-09-23T19:48:17","guid":{"rendered":"https:\/\/mealpass.hr\/za-uporabnike\/"},"modified":"2026-03-14T19:28:40","modified_gmt":"2026-03-14T18:28:40","slug":"za-uporabnike","status":"publish","type":"page","link":"https:\/\/mealpass.hr\/sl\/za-uporabnike\/","title":{"rendered":"Za uporabnike"},"content":{"rendered":"<p>[et_pb_section fb_built=&#8221;1&#8243; fullwidth=&#8221;on&#8221; admin_label=&#8221;Header&#8221; _builder_version=&#8221;4.16&#8243; background_image=&#8221;https:\/\/mealpass.hr\/wp-content\/uploads\/2020\/09\/2813011.jpg&#8221; parallax=&#8221;on&#8221; custom_margin=&#8221;|||&#8221; custom_padding=&#8221;|||&#8221; global_colors_info=&#8221;{}&#8221;][et_pb_fullwidth_header title=&#8221;MealPass  &#8221; content_max_width=&#8221;650px&#8221; content_max_width_tablet=&#8221;480px&#8221; content_max_width_phone=&#8221;&#8221; content_max_width_last_edited=&#8221;on|tablet&#8221; _builder_version=&#8221;4.18.0&#8243; title_font=&#8221;Abril Fatface||||||||&#8221; title_font_size=&#8221;70px&#8221; title_line_height=&#8221;1.2em&#8221; content_font=&#8221;||||||||&#8221; content_font_size=&#8221;16px&#8221; content_line_height=&#8221;2em&#8221; background_color=&#8221;rgba(255,255,255,0)&#8221; use_background_color_gradient=&#8221;on&#8221; background_color_gradient_type=&#8221;circular&#8221; background_color_gradient_direction_radial=&#8221;right&#8221; background_color_gradient_stops=&#8221;rgba(255,255,255,0) 0%|#ffffff 60%&#8221; background_color_gradient_start=&#8221;rgba(255,255,255,0)&#8221; background_color_gradient_end=&#8221;#ffffff&#8221; background_color_gradient_end_position=&#8221;60%&#8221; background_position=&#8221;center_left&#8221; custom_button_one=&#8221;on&#8221; button_one_text_size=&#8221;16px&#8221; button_one_text_color=&#8221;#ffffff&#8221; button_one_bg_color=&#8221;#a01f23&#8243; button_one_border_width=&#8221;15px&#8221; button_one_border_color=&#8221;#a01f23&#8243; button_one_border_radius=&#8221;4px&#8221; button_one_letter_spacing=&#8221;3px&#8221; button_one_font=&#8221;Cabin|700||on|||||&#8221; background_layout=&#8221;light&#8221; max_width_tablet=&#8221;100%&#8221; max_width_last_edited=&#8221;off|desktop&#8221; custom_padding=&#8221;100px||100px||true&#8221; custom_padding_tablet=&#8221;|||&#8221; custom_padding_phone=&#8221;2vw|0%|2vw||true&#8221; custom_padding_last_edited=&#8221;off|desktop&#8221; animation_style=&#8221;slide&#8221; animation_direction=&#8221;right&#8221; animation_intensity_slide=&#8221;2%&#8221; title_font_size_tablet=&#8221;50px&#8221; title_font_size_phone=&#8221;45px&#8221; title_font_size_last_edited=&#8221;on|desktop&#8221; box_shadow_style_button_one=&#8221;preset3&#8243; box_shadow_vertical_button_one=&#8221;20px&#8221; box_shadow_blur_button_one=&#8221;40px&#8221; box_shadow_spread_button_one=&#8221;-7px&#8221; box_shadow_color_button_one=&#8221;rgba(255,109,74,0.5)&#8221; button_one_border_radius_hover=&#8221;4px&#8221; button_one_letter_spacing_hover=&#8221;3px&#8221; global_colors_info=&#8221;{}&#8221; button_one_text_size__hover_enabled=&#8221;off&#8221; button_two_text_size__hover_enabled=&#8221;off&#8221; button_one_text_color__hover_enabled=&#8221;off&#8221; button_two_text_color__hover_enabled=&#8221;off&#8221; button_one_border_width__hover_enabled=&#8221;off&#8221; button_two_border_width__hover_enabled=&#8221;off&#8221; button_one_border_color__hover_enabled=&#8221;off&#8221; button_two_border_color__hover_enabled=&#8221;off&#8221; button_one_border_radius__hover_enabled=&#8221;on&#8221; button_one_border_radius__hover=&#8221;4px&#8221; button_two_border_radius__hover_enabled=&#8221;off&#8221; button_one_letter_spacing__hover_enabled=&#8221;on&#8221; button_one_letter_spacing__hover=&#8221;3px&#8221; button_two_letter_spacing__hover_enabled=&#8221;off&#8221; button_one_bg_color__hover_enabled=&#8221;off&#8221; button_two_bg_color__hover_enabled=&#8221;off&#8221;]<\/p>\n<p><span><\/span><\/p>\n<p><span><\/span><\/p>\n<p><span><\/span><\/p>\n<p><span><\/span><\/p>\n<p><span>Na\u010drtujete, da boste svoje najdra\u017eje peljali na ve\u010derjo ali izlet? Ne \u017eelite, da se va\u0161e \u017eivljenje zreducira na delo in nenehne dostave hrane v slu\u017ebo, domov in vas le izolira od prijateljev? Z MealPassom boste za\u010dutili polnost \u017eivljenja skozi dru\u017eenje, kosila z dru\u017eino, ve\u010derje s prijatelji \u2013 dru\u017eenje, ne izolacijo. Poleg tega boste prihranili veliko denarja, ki ga zdaj porabite za dostave in predrago hrano, ki jo ponujajo.   <\/span><\/p>\n<p><span><\/span><\/p>\n<p><span><\/span><\/p>\n<p><span><\/span><\/p>\n<p>MealPass vam ponuja <strong>ugodnej\u0161e obroke v ve\u010d kot 200 restavracijah<\/strong> na Hrva\u0161kem! Brez dvojnih menijev, brez dragih dostav &#8230; \u010ce ob\u010dasno ali pogosto jeste v restavracijah, greste na kavo, pecivo ali razmi\u0161ljate o tem, da bi za\u010deli, je MealPass najbolj\u0161a re\u0161itev za vas! \u010ce ste v slu\u017ebi in nimate \u010dasa za odhod ven jest, lahko z MealPass naro\u010dite tudi <span style=\"color: #e02b20;\"><br \/>\n  <strong>dostavo<\/strong><br \/>\n<\/span> .     <\/p>\n<blockquote>\n<p>Popust do 14 % v vseh restavracijah, picerijah, gostilnah, vinarnah, sla\u0161\u010di\u010darnah, skozi vse leto in ne glede na \u0161tevilo oseb, za katere pla\u010date in uporabljate aplikacijo za popust.  <\/p>\n<\/blockquote>\n<p>Sli\u0161i se odli\u010dno?<\/p>\n<p>&nbsp;<\/p>\n<p>[\/et_pb_fullwidth_header][\/et_pb_section][et_pb_section fb_built=&#8221;1&#8243; admin_label=&#8221;Service&#8221; _builder_version=&#8221;4.16&#8243; global_colors_info=&#8221;{}&#8221;][et_pb_row column_structure=&#8221;1_2,1_2&#8243; _builder_version=&#8221;4.16&#8243; global_colors_info=&#8221;{}&#8221;][et_pb_column type=&#8221;1_2&#8243; _builder_version=&#8221;4.16&#8243; custom_padding=&#8221;|||&#8221; global_colors_info=&#8221;{}&#8221; custom_padding__hover=&#8221;|||&#8221;][et_pb_image src=&#8221;https:\/\/mealpass.hr\/wp-content\/uploads\/2020\/09\/carissa-gan-_0JpjeqtSyg-unsplash.jpg&#8221; title_text=&#8221;carissa-gan-_0JpjeqtSyg-unsplash&#8221; force_fullwidth=&#8221;on&#8221; align_tablet=&#8221;center&#8221; align_phone=&#8221;&#8221; align_last_edited=&#8221;on|desktop&#8221; _builder_version=&#8221;4.16&#8243; animation_style=&#8221;slide&#8221; animation_direction=&#8221;left&#8221; animation_intensity_slide=&#8221;2%&#8221; border_radii=&#8221;on|4px|4px|4px|4px&#8221; global_colors_info=&#8221;{}&#8221;][\/et_pb_image][\/et_pb_column][et_pb_column type=&#8221;1_2&#8243; _builder_version=&#8221;4.16&#8243; custom_padding=&#8221;|||&#8221; global_colors_info=&#8221;{}&#8221; custom_padding__hover=&#8221;|||&#8221;][et_pb_text _builder_version=&#8221;4.16&#8243; text_font=&#8221;||||||||&#8221; text_font_size=&#8221;16px&#8221; text_line_height=&#8221;2em&#8221; header_font=&#8221;||||||||&#8221; header_4_font=&#8221;Abril Fatface||||||||&#8221; header_4_font_size=&#8221;23px&#8221; header_5_font=&#8221;Abril Fatface||||||||&#8221; header_5_font_size=&#8221;46px&#8221; header_5_line_height=&#8221;1.2em&#8221; header_4_font_size_tablet=&#8221;&#8221; header_4_font_size_phone=&#8221;33px&#8221; header_4_font_size_last_edited=&#8221;on|phone&#8221; header_5_font_size_tablet=&#8221;&#8221; header_5_font_size_phone=&#8221;30px&#8221; header_5_font_size_last_edited=&#8221;on|tablet&#8221; global_colors_info=&#8221;{}&#8221;]<\/p>\n<h5><strong>\u017delite jesti kakovostno in raznoliko hrano ter hkrati prihraniti denar?<\/strong><\/h5>\n<p><strong><\/strong><\/p>\n<p><strong><\/strong><\/p>\n<h4><span><strong>MealPass je<\/strong> <\/span><\/h4>\n<p><span><strong><\/strong><\/span><\/p>\n<p><span><strong><\/strong><\/span><\/p>\n<p><span><strong><\/strong><\/span><\/p>\n<ul>\n<li><span>  Prakti\u010dna <strong>re\u0161itev<\/strong> za bolj\u0161i \u017eivljenjski slog<\/span><\/li>\n<li><span>Odli\u010den na\u010din, da preizkusite raznoliko ponudbo vseh restavracij v na\u0161i mre\u017ei in hkrati <strong>prihranite denar.<\/strong><\/span><\/li>\n<li><span>Koristi za va\u0161e telesno in du\u0161evno zdravje<\/span><\/li>\n<li><span>Prilo\u017enost za kakovostno dru\u017eenje s sodelavci, prijatelji in dru\u017eino  <\/span><\/li>\n<\/ul>\n<p>[\/et_pb_text][\/et_pb_column][\/et_pb_row][\/et_pb_section][et_pb_section fb_built=&#8221;1&#8243; admin_label=&#8221;Service&#8221; _builder_version=&#8221;4.16&#8243; background_color=&#8221;#f9f9fb&#8221; global_colors_info=&#8221;{}&#8221;][et_pb_row column_structure=&#8221;1_2,1_2&#8243; _builder_version=&#8221;4.16&#8243; global_colors_info=&#8221;{}&#8221;][et_pb_column type=&#8221;1_2&#8243; _builder_version=&#8221;4.16&#8243; custom_padding=&#8221;|||&#8221; global_colors_info=&#8221;{}&#8221; custom_padding__hover=&#8221;|||&#8221;][et_pb_text _builder_version=&#8221;4.16&#8243; text_font=&#8221;||||||||&#8221; text_font_size=&#8221;16px&#8221; text_line_height=&#8221;2em&#8221; header_font=&#8221;||||||||&#8221; header_5_font=&#8221;Abril Fatface||||||||&#8221; header_5_font_size=&#8221;48px&#8221; header_5_line_height=&#8221;1.3em&#8221; header_5_font_size_tablet=&#8221;&#8221; header_5_font_size_phone=&#8221;32px&#8221; header_5_font_size_last_edited=&#8221;on|phone&#8221; global_colors_info=&#8221;{}&#8221;]<\/p>\n<h1>Kako <strong>deluje MealPass?<\/strong><\/h1>\n<ul>\n<li>Prenesite aplikacijo in se registrirajte<\/li>\n<li>Izberite vrsto naro\u010dnine<\/li>\n<li>Poi\u0161\u010dite \u017eeleno restavracijo na seznamu ali zemljevidu<\/li>\n<li>U\u017eivajte v kosilu, ve\u010derji ali ve\u010dernem izhodu in <strong>pri pla\u010dilu osebju restavracije poka\u017eite animacijo v aplikaciji.<\/strong><\/li>\n<li>Za odpiranje animacije <strong>morate izbrati restavracijo, v kateri se nahajate.<\/strong><\/li>\n<li><strong>V restavracijah lahko pla\u010dujete z gotovino ali karticami<\/strong> , aplikacija MealPass pa se uporablja za pridobitev popustov.<\/li>\n<li><span>Z naro\u010dnino na MealPass je vsak obrok do <strong>14 %<\/strong> <strong>cenej\u0161i<\/strong> <\/span><\/li>\n<li><span>Vse restavracije v na\u0161i mre\u017ei imajo na vhodnih vratih znak Partnerstvo.<\/span><\/li>\n<li><span>Uporaba storitve MealPass ni \u010dasovno omejena, kar pomeni, da jo je mogo\u010de uporabljati v rednem odpiralnem \u010dasu restavracije.  <\/span><\/li>\n<li><span>Naro\u010dnina za uporabo aplikacije MealPass zna\u0161a le 2 EUR\/mesec oziroma 20 EUR\/leto.<\/span><\/li>\n<li><strong><br \/>\n  <span style=\"color: #e02b20;\">Dostava<\/span><br \/>\n<\/strong> je mo\u017ena tudi z MealPassom!<span><\/span><\/li>\n<\/ul>\n<p>[\/et_pb_text][et_pb_button button_url=&#8221;https:\/\/mealpass.hr\/sl\/prenesi-aplikacijo\/&#8221; button_text=&#8221;\u017delim si vstopnico za obrok.&#8221; _builder_version=&#8221;4.16&#8243; custom_button=&#8221;on&#8221; button_text_size=&#8221;16px&#8221; button_text_color=&#8221;#ffffff&#8221; button_bg_color=&#8221;#ed2d23&#8243; button_border_width=&#8221;10px&#8221; button_border_color=&#8221;rgba(0,0,0,0)&#8221; button_border_radius=&#8221;4px&#8221; button_letter_spacing=&#8221;3px&#8221; button_font=&#8221;Cabin|700||on|||||&#8221; button_border_radius_hover=&#8221;4px&#8221; button_letter_spacing_hover=&#8221;3px&#8221; locked=&#8221;off&#8221; global_colors_info=&#8221;{}&#8221; button_text_size__hover_enabled=&#8221;off&#8221; button_one_text_size__hover_enabled=&#8221;off&#8221; button_two_text_size__hover_enabled=&#8221;off&#8221; button_text_color__hover_enabled=&#8221;off&#8221; button_one_text_color__hover_enabled=&#8221;off&#8221; button_two_text_color__hover_enabled=&#8221;off&#8221; button_border_width__hover_enabled=&#8221;off&#8221; button_one_border_width__hover_enabled=&#8221;off&#8221; button_two_border_width__hover_enabled=&#8221;off&#8221; button_border_color__hover_enabled=&#8221;off&#8221; button_one_border_color__hover_enabled=&#8221;off&#8221; button_two_border_color__hover_enabled=&#8221;off&#8221; button_border_radius__hover_enabled=&#8221;on&#8221; button_border_radius__hover=&#8221;4px&#8221; button_one_border_radius__hover_enabled=&#8221;off&#8221; button_two_border_radius__hover_enabled=&#8221;off&#8221; button_letter_spacing__hover_enabled=&#8221;on&#8221; button_letter_spacing__hover=&#8221;3px&#8221; button_one_letter_spacing__hover_enabled=&#8221;off&#8221; button_two_letter_spacing__hover_enabled=&#8221;off&#8221; button_bg_color__hover_enabled=&#8221;off&#8221; button_one_bg_color__hover_enabled=&#8221;off&#8221; button_two_bg_color__hover_enabled=&#8221;off&#8221;][\/et_pb_button][\/et_pb_column][et_pb_column type=&#8221;1_2&#8243; _builder_version=&#8221;4.16&#8243; custom_padding=&#8221;|||&#8221; global_colors_info=&#8221;{}&#8221; custom_padding__hover=&#8221;|||&#8221;][et_pb_image src=&#8221;https:\/\/mealpass.hr\/wp-content\/uploads\/2024\/02\/intro1.gif&#8221; title_text=&#8221;uvod1&#8243; force_fullwidth=&#8221;on&#8221; align_tablet=&#8221;center&#8221; align_phone=&#8221;&#8221; align_last_edited=&#8221;on|desktop&#8221; _builder_version=&#8221;4.23.1&#8243; animation_style=&#8221;slide&#8221; animation_direction=&#8221;left&#8221; animation_intensity_slide=&#8221;2%&#8221; border_radii=&#8221;on|4px|4px|4px|4px&#8221; locked=&#8221;off&#8221; global_colors_info=&#8221;{}&#8221;][\/et_pb_image][\/et_pb_column][\/et_pb_row][\/et_pb_section][et_pb_section fb_built=&#8221;1&#8243; disabled_on=&#8221;off|off|off&#8221; admin_label=&#8221;Stats&#8221; _builder_version=&#8221;4.18.0&#8243; background_color=&#8221;#E02B20&#8243; max_width_tablet=&#8221;&#8221; max_width_phone=&#8221;&#8221; max_width_last_edited=&#8221;on|phone&#8221; min_height=&#8221;166px&#8221; custom_margin=&#8221;||-56px|||&#8221; custom_padding=&#8221;0px|||||&#8221; locked=&#8221;off&#8221; global_colors_info=&#8221;{}&#8221;][et_pb_row column_structure=&#8221;1_3,1_3,1_3&#8243; _builder_version=&#8221;4.16&#8243; global_colors_info=&#8221;{}&#8221;][et_pb_column type=&#8221;1_3&#8243; _builder_version=&#8221;4.16&#8243; custom_padding=&#8221;|||&#8221; global_colors_info=&#8221;{}&#8221; custom_padding__hover=&#8221;|||&#8221;][et_pb_number_counter title=&#8221;restavracije&#8221; number=&#8221;+200&#8243; percent_sign=&#8221;off&#8221; _builder_version=&#8221;4.23.1&#8243; title_level=&#8221;h5&#8243; title_font=&#8221;Cabin|||on|||||&#8221; title_letter_spacing=&#8221;2px&#8221; number_font=&#8221;Abril Fatface||||||||&#8221; number_text_color=&#8221;#ffffff&#8221; number_font_size=&#8221;72px&#8221; number_line_height=&#8221;1em&#8221; background_layout=&#8221;dark&#8221; max_width_phone=&#8221;100%&#8221; max_width_last_edited=&#8221;off|desktop&#8221; link_option_url=&#8221;https:\/\/mealpass.hr\/popis-lokacija\/&#8221; link_option_url_new_window=&#8221;on&#8221; global_colors_info=&#8221;{}&#8221;][\/et_pb_number_counter][\/et_pb_column][et_pb_column type=&#8221;1_3&#8243; _builder_version=&#8221;4.16&#8243; custom_padding=&#8221;|||&#8221; global_colors_info=&#8221;{}&#8221; custom_padding__hover=&#8221;|||&#8221;][et_pb_number_counter title=&#8221;zadovoljni uporabniki&#8221; number=&#8221;+15.000&#8243; percent_sign=&#8221;off&#8221; _builder_version=&#8221;4.23.1&#8243; title_level=&#8221;h5&#8243; title_font=&#8221;Cabin|||on|||||&#8221; title_letter_spacing=&#8221;2px&#8221; number_font=&#8221;Abril Fatface||||||||&#8221; number_text_color=&#8221;#ffffff&#8221; number_font_size=&#8221;72px&#8221; number_line_height=&#8221;1em&#8221; background_layout=&#8221;dark&#8221; max_width_phone=&#8221;100%&#8221; max_width_last_edited=&#8221;off|desktop&#8221; custom_margin=&#8221;|-68px||||&#8221; link_option_url=&#8221;https:\/\/mealpass.hr\/korisnici\/&#8221; link_option_url_new_window=&#8221;on&#8221; global_colors_info=&#8221;{}&#8221;][\/et_pb_number_counter][\/et_pb_column][et_pb_column type=&#8221;1_3&#8243; _builder_version=&#8221;4.16&#8243; custom_padding=&#8221;|||&#8221; global_colors_info=&#8221;{}&#8221; custom_padding__hover=&#8221;|||&#8221;][et_pb_number_counter title=&#8221;podjetje&#8221; number=&#8221;+300&#8243; percent_sign=&#8221;off&#8221; _builder_version=&#8221;4.18.0&#8243; title_level=&#8221;h5&#8243; title_font=&#8221;Cabin|||on|||||&#8221; title_letter_spacing=&#8221;2px&#8221; number_font=&#8221;Abril Fatface||||||||&#8221; number_text_color=&#8221;#ffffff&#8221; number_font_size=&#8221;72px&#8221; number_line_height=&#8221;1em&#8221; background_layout=&#8221;dark&#8221; max_width_phone=&#8221;100%&#8221; max_width_last_edited=&#8221;off|desktop&#8221; link_option_url=&#8221;https:\/\/mealpass.hr\/tvrtke\/&#8221; link_option_url_new_window=&#8221;on&#8221; global_colors_info=&#8221;{}&#8221;][\/et_pb_number_counter][\/et_pb_column][\/et_pb_row][\/et_pb_section][et_pb_section fb_built=&#8221;1&#8243; admin_label=&#8221;Service&#8221; _builder_version=&#8221;4.16&#8243; locked=&#8221;off&#8221; global_colors_info=&#8221;{}&#8221;][et_pb_row column_structure=&#8221;1_2,1_2&#8243; _builder_version=&#8221;4.16&#8243; global_colors_info=&#8221;{}&#8221;][et_pb_column type=&#8221;1_2&#8243; _builder_version=&#8221;4.16&#8243; custom_padding=&#8221;|||&#8221; global_colors_info=&#8221;{}&#8221; custom_padding__hover=&#8221;|||&#8221;][et_pb_image src=&#8221;https:\/\/mealpass.hr\/wp-content\/uploads\/2020\/09\/eaters-collective-12eHC6FxPyg-unsplash-scaled.jpg&#8221; title_text=&#8221;jedci-kolektiv-12eHC6FxPyg-unsplash&#8221; force_fullwidth=&#8221;on&#8221; align_tablet=&#8221;center&#8221; align_phone=&#8221;&#8221; align_last_edited=&#8221;on|desktop&#8221; _builder_version=&#8221;4.16&#8243; animation_style=&#8221;slide&#8221; animation_direction=&#8221;left&#8221; animation_intensity_slide=&#8221;2%&#8221; border_radii=&#8221;on|4px|4px|4px|4px&#8221; global_colors_info=&#8221;{}&#8221;][\/et_pb_image][\/et_pb_column][et_pb_column type=&#8221;1_2&#8243; _builder_version=&#8221;4.16&#8243; custom_padding=&#8221;|||&#8221; global_colors_info=&#8221;{}&#8221; custom_padding__hover=&#8221;|||&#8221;][et_pb_text _builder_version=&#8221;4.16&#8243; text_font=&#8221;||||||||&#8221; text_font_size=&#8221;16px&#8221; text_line_height=&#8221;2em&#8221; header_font=&#8221;||||||||&#8221; header_5_font=&#8221;Abril Fatface||||||||&#8221; header_5_font_size=&#8221;20px&#8221; header_5_line_height=&#8221;1.8em&#8221; custom_padding=&#8221;40px|||||&#8221; global_colors_info=&#8221;{}&#8221;]<\/p>\n<h5><span>&#8230; in ne pozabite:<\/span><\/h5>\n<h5><span><\/span><\/h5>\n<h5><span><\/span><\/h5>\n<h5><span>Najbolj\u0161e, kar lahko storite za svoje zdravje, je, da se med obroki umaknete od ra\u010dunalnika in delovnega prostora. Odmor od delovnega okolja vam bo dal energijo za preostanek dneva.   <\/span><\/h5>\n<p>&nbsp;<\/p>\n<p>[\/et_pb_text][\/et_pb_column][\/et_pb_row][\/et_pb_section]<\/p>\n<span class=\"et_bloom_bottom_trigger\"><\/span>","protected":false},"excerpt":{"rendered":"<p>Na\u010drtujete, da boste svoje najdra\u017eje peljali na ve\u010derjo ali izlet? Ne \u017eelite, da se va\u0161e \u017eivljenje zreducira na delo in nenehne dostave hrane v slu\u017ebo, domov in vas le izolira od prijateljev? Z MealPassom boste za\u010dutili polnost \u017eivljenja skozi dru\u017eenje, kosila z dru\u017eino, ve\u010derje s prijatelji \u2013 dru\u017eenje, ne izolacijo. Poleg tega boste prihranili veliko [&hellip;]<\/p>\n","protected":false},"author":1,"featured_media":0,"parent":0,"menu_order":0,"comment_status":"closed","ping_status":"closed","template":"","meta":{"_et_pb_use_builder":"on","_et_pb_old_content":"","_et_gb_content_width":"","footnotes":""},"yoast_head":"<!-- This site is optimized with the Yoast SEO plugin v24.5 - https:\/\/yoast.com\/wordpress\/plugins\/seo\/ -->\n<title>Za uporabnike %%sep% Obrok<\/title>\n<meta name=\"description\" content=\"\u017delite kljub natrpanemu urniku dobro jesti? Meni ponuja uporabnikom popuste do 14 % v ve\u010d kot 200 restavracijah na Hrva\u0161kem.\" \/>\n<meta name=\"robots\" content=\"index, follow, max-snippet:-1, max-image-preview:large, max-video-preview:-1\" \/>\n<link rel=\"canonical\" href=\"https:\/\/mealpass.hr\/sl\/za-uporabnike\/\" \/>\n<meta property=\"og:locale\" content=\"sl_SI\" \/>\n<meta property=\"og:type\" content=\"article\" \/>\n<meta property=\"og:title\" content=\"Za uporabnike %%sep% Obrok\" \/>\n<meta property=\"og:description\" content=\"\u017delite kljub natrpanemu urniku dobro jesti? Meni ponuja uporabnikom popuste do 14 % v ve\u010d kot 200 restavracijah na Hrva\u0161kem.\" \/>\n<meta property=\"og:url\" content=\"https:\/\/mealpass.hr\/sl\/za-uporabnike\/\" \/>\n<meta property=\"og:site_name\" content=\"Meal pass\" \/>\n<meta property=\"article:publisher\" content=\"https:\/\/www.facebook.com\/MealPass\/\" \/>\n<meta property=\"article:modified_time\" content=\"2026-03-14T18:28:40+00:00\" \/>\n<meta property=\"og:image\" content=\"https:\/\/mealpass.hr\/wp-content\/uploads\/2020\/10\/mealpass_crveno_FINAL_FINAL.png\" \/>\n\t<meta property=\"og:image:width\" content=\"1181\" \/>\n\t<meta property=\"og:image:height\" content=\"643\" \/>\n\t<meta property=\"og:image:type\" content=\"image\/png\" \/>\n<meta name=\"twitter:card\" content=\"summary_large_image\" \/>\n<meta name=\"twitter:label1\" content=\"Est. reading time\" \/>\n\t<meta name=\"twitter:data1\" content=\"9 minut\" \/>\n<script type=\"application\/ld+json\" class=\"yoast-schema-graph\">{\"@context\":\"https:\/\/schema.org\",\"@graph\":[{\"@type\":\"WebPage\",\"@id\":\"https:\/\/mealpass.hr\/sl\/za-uporabnike\/\",\"url\":\"https:\/\/mealpass.hr\/sl\/za-uporabnike\/\",\"name\":\"Za uporabnike %%sep% Obrok\",\"isPartOf\":{\"@id\":\"https:\/\/mealpass.hr\/#website\"},\"datePublished\":\"2020-09-23T19:48:17+00:00\",\"dateModified\":\"2026-03-14T18:28:40+00:00\",\"description\":\"\u017delite kljub natrpanemu urniku dobro jesti? Meni ponuja uporabnikom popuste do 14 % v ve\u010d kot 200 restavracijah na Hrva\u0161kem.\",\"breadcrumb\":{\"@id\":\"https:\/\/mealpass.hr\/sl\/za-uporabnike\/#breadcrumb\"},\"inLanguage\":\"sl-SI\",\"potentialAction\":[{\"@type\":\"ReadAction\",\"target\":[\"https:\/\/mealpass.hr\/sl\/za-uporabnike\/\"]}]},{\"@type\":\"BreadcrumbList\",\"@id\":\"https:\/\/mealpass.hr\/sl\/za-uporabnike\/#breadcrumb\",\"itemListElement\":[{\"@type\":\"ListItem\",\"position\":1,\"name\":\"Home\",\"item\":\"https:\/\/mealpass.hr\/sl\/domov\/\"},{\"@type\":\"ListItem\",\"position\":2,\"name\":\"Za uporabnike\"}]},{\"@type\":\"WebSite\",\"@id\":\"https:\/\/mealpass.hr\/#website\",\"url\":\"https:\/\/mealpass.hr\/\",\"name\":\"MealPass\",\"description\":\"Jedi vi\u0161e, plati manje\",\"publisher\":{\"@id\":\"https:\/\/mealpass.hr\/#organization\"},\"potentialAction\":[{\"@type\":\"SearchAction\",\"target\":{\"@type\":\"EntryPoint\",\"urlTemplate\":\"https:\/\/mealpass.hr\/?s={search_term_string}\"},\"query-input\":{\"@type\":\"PropertyValueSpecification\",\"valueRequired\":true,\"valueName\":\"search_term_string\"}}],\"inLanguage\":\"sl-SI\"},{\"@type\":\"Organization\",\"@id\":\"https:\/\/mealpass.hr\/#organization\",\"name\":\"MealPass Hrvatska\",\"alternateName\":\"MealPass\",\"url\":\"https:\/\/mealpass.hr\/\",\"logo\":{\"@type\":\"ImageObject\",\"inLanguage\":\"sl-SI\",\"@id\":\"https:\/\/mealpass.hr\/#\/schema\/logo\/image\/\",\"url\":\"https:\/\/mealpass.hr\/wp-content\/uploads\/2022\/08\/ikona.png\",\"contentUrl\":\"https:\/\/mealpass.hr\/wp-content\/uploads\/2022\/08\/ikona.png\",\"width\":117,\"height\":117,\"caption\":\"MealPass Hrvatska\"},\"image\":{\"@id\":\"https:\/\/mealpass.hr\/#\/schema\/logo\/image\/\"},\"sameAs\":[\"https:\/\/www.facebook.com\/MealPass\/\",\"https:\/\/www.linkedin.com\/company\/mealpass-croatia\/\"]}]}<\/script>\n<!-- \/ Yoast SEO plugin. -->","yoast_head_json":{"title":"Za uporabnike %%sep% Obrok","description":"\u017delite kljub natrpanemu urniku dobro jesti? Meni ponuja uporabnikom popuste do 14 % v ve\u010d kot 200 restavracijah na Hrva\u0161kem.","robots":{"index":"index","follow":"follow","max-snippet":"max-snippet:-1","max-image-preview":"max-image-preview:large","max-video-preview":"max-video-preview:-1"},"canonical":"https:\/\/mealpass.hr\/sl\/za-uporabnike\/","og_locale":"sl_SI","og_type":"article","og_title":"Za uporabnike %%sep% Obrok","og_description":"\u017delite kljub natrpanemu urniku dobro jesti? Meni ponuja uporabnikom popuste do 14 % v ve\u010d kot 200 restavracijah na Hrva\u0161kem.","og_url":"https:\/\/mealpass.hr\/sl\/za-uporabnike\/","og_site_name":"Meal pass","article_publisher":"https:\/\/www.facebook.com\/MealPass\/","article_modified_time":"2026-03-14T18:28:40+00:00","og_image":[{"width":1181,"height":643,"url":"https:\/\/mealpass.hr\/wp-content\/uploads\/2020\/10\/mealpass_crveno_FINAL_FINAL.png","type":"image\/png"}],"twitter_card":"summary_large_image","twitter_misc":{"Est. reading time":"9 minut"},"schema":{"@context":"https:\/\/schema.org","@graph":[{"@type":"WebPage","@id":"https:\/\/mealpass.hr\/sl\/za-uporabnike\/","url":"https:\/\/mealpass.hr\/sl\/za-uporabnike\/","name":"Za uporabnike %%sep% Obrok","isPartOf":{"@id":"https:\/\/mealpass.hr\/#website"},"datePublished":"2020-09-23T19:48:17+00:00","dateModified":"2026-03-14T18:28:40+00:00","description":"\u017delite kljub natrpanemu urniku dobro jesti? Meni ponuja uporabnikom popuste do 14 % v ve\u010d kot 200 restavracijah na Hrva\u0161kem.","breadcrumb":{"@id":"https:\/\/mealpass.hr\/sl\/za-uporabnike\/#breadcrumb"},"inLanguage":"sl-SI","potentialAction":[{"@type":"ReadAction","target":["https:\/\/mealpass.hr\/sl\/za-uporabnike\/"]}]},{"@type":"BreadcrumbList","@id":"https:\/\/mealpass.hr\/sl\/za-uporabnike\/#breadcrumb","itemListElement":[{"@type":"ListItem","position":1,"name":"Home","item":"https:\/\/mealpass.hr\/sl\/domov\/"},{"@type":"ListItem","position":2,"name":"Za uporabnike"}]},{"@type":"WebSite","@id":"https:\/\/mealpass.hr\/#website","url":"https:\/\/mealpass.hr\/","name":"MealPass","description":"Jedi vi\u0161e, plati manje","publisher":{"@id":"https:\/\/mealpass.hr\/#organization"},"potentialAction":[{"@type":"SearchAction","target":{"@type":"EntryPoint","urlTemplate":"https:\/\/mealpass.hr\/?s={search_term_string}"},"query-input":{"@type":"PropertyValueSpecification","valueRequired":true,"valueName":"search_term_string"}}],"inLanguage":"sl-SI"},{"@type":"Organization","@id":"https:\/\/mealpass.hr\/#organization","name":"MealPass Hrvatska","alternateName":"MealPass","url":"https:\/\/mealpass.hr\/","logo":{"@type":"ImageObject","inLanguage":"sl-SI","@id":"https:\/\/mealpass.hr\/#\/schema\/logo\/image\/","url":"https:\/\/mealpass.hr\/wp-content\/uploads\/2022\/08\/ikona.png","contentUrl":"https:\/\/mealpass.hr\/wp-content\/uploads\/2022\/08\/ikona.png","width":117,"height":117,"caption":"MealPass Hrvatska"},"image":{"@id":"https:\/\/mealpass.hr\/#\/schema\/logo\/image\/"},"sameAs":["https:\/\/www.facebook.com\/MealPass\/","https:\/\/www.linkedin.com\/company\/mealpass-croatia\/"]}]}},"_links":{"self":[{"href":"https:\/\/mealpass.hr\/sl\/wp-json\/wp\/v2\/pages\/3073"}],"collection":[{"href":"https:\/\/mealpass.hr\/sl\/wp-json\/wp\/v2\/pages"}],"about":[{"href":"https:\/\/mealpass.hr\/sl\/wp-json\/wp\/v2\/types\/page"}],"author":[{"embeddable":true,"href":"https:\/\/mealpass.hr\/sl\/wp-json\/wp\/v2\/users\/1"}],"replies":[{"embeddable":true,"href":"https:\/\/mealpass.hr\/sl\/wp-json\/wp\/v2\/comments?post=3073"}],"version-history":[{"count":13,"href":"https:\/\/mealpass.hr\/sl\/wp-json\/wp\/v2\/pages\/3073\/revisions"}],"predecessor-version":[{"id":3446,"href":"https:\/\/mealpass.hr\/sl\/wp-json\/wp\/v2\/pages\/3073\/revisions\/3446"}],"wp:attachment":[{"href":"https:\/\/mealpass.hr\/sl\/wp-json\/wp\/v2\/media?parent=3073"}],"curies":[{"name":"wp","href":"https:\/\/api.w.org\/{rel}","templated":true}]}}