{"id":3040,"date":"2021-08-21T00:47:44","date_gmt":"2021-08-20T23:47:44","guid":{"rendered":"https:\/\/mealpass.hr\/pogosta-vprasanja\/"},"modified":"2025-10-14T22:47:53","modified_gmt":"2025-10-14T21:47:53","slug":"pogosta-vprasanja","status":"publish","type":"page","link":"https:\/\/mealpass.hr\/sl\/pogosta-vprasanja\/","title":{"rendered":"Pogosta vpra\u0161anja"},"content":{"rendered":"<p>[et_pb_section fb_built=&#8221;1&#8243; fullwidth=&#8221;on&#8221; admin_label=&#8221;Header&#8221; _builder_version=&#8221;4.16&#8243; background_image=&#8221;https:\/\/mealpass.hr\/wp-content\/uploads\/2020\/09\/2813011.jpg&#8221; parallax=&#8221;on&#8221; custom_margin=&#8221;|||&#8221; custom_padding=&#8221;|||&#8221; global_colors_info=&#8221;{}&#8221;][et_pb_fullwidth_header title=&#8221;Pogosta vpra\u0161anja&#8221; content_max_width=&#8221;650px&#8221; content_max_width_tablet=&#8221;480px&#8221; content_max_width_phone=&#8221;&#8221; content_max_width_last_edited=&#8221;on|tablet&#8221; _builder_version=&#8221;4.16&#8243; title_font=&#8221;Abril Fatface||||||||&#8221; title_font_size=&#8221;70px&#8221; title_line_height=&#8221;1.2em&#8221; content_font=&#8221;||||||||&#8221; content_font_size=&#8221;16px&#8221; content_line_height=&#8221;2em&#8221; background_color=&#8221;rgba(255,255,255,0)&#8221; use_background_color_gradient=&#8221;on&#8221; background_color_gradient_type=&#8221;circular&#8221; background_color_gradient_direction_radial=&#8221;right&#8221; background_color_gradient_stops=&#8221;rgba(255,255,255,0) 0%|#ffffff 60%&#8221; background_color_gradient_start=&#8221;rgba(255,255,255,0)&#8221; background_color_gradient_end=&#8221;#ffffff&#8221; background_color_gradient_end_position=&#8221;60%&#8221; background_position=&#8221;center_left&#8221; custom_button_one=&#8221;on&#8221; button_one_text_size=&#8221;16px&#8221; button_one_text_color=&#8221;#ffffff&#8221; button_one_bg_color=&#8221;#a01f23&#8243; button_one_border_width=&#8221;15px&#8221; button_one_border_color=&#8221;#a01f23&#8243; button_one_border_radius=&#8221;4px&#8221; button_one_letter_spacing=&#8221;3px&#8221; button_one_font=&#8221;Cabin|700||on|||||&#8221; background_layout=&#8221;light&#8221; max_width_tablet=&#8221;100%&#8221; max_width_last_edited=&#8221;off|desktop&#8221; custom_padding=&#8221;100px||100px||true&#8221; custom_padding_tablet=&#8221;|||&#8221; custom_padding_phone=&#8221;2vw|0%|2vw||true&#8221; custom_padding_last_edited=&#8221;off|desktop&#8221; animation_style=&#8221;slide&#8221; animation_direction=&#8221;right&#8221; animation_intensity_slide=&#8221;2%&#8221; title_font_size_tablet=&#8221;50px&#8221; title_font_size_phone=&#8221;45px&#8221; title_font_size_last_edited=&#8221;on|desktop&#8221; box_shadow_style_button_one=&#8221;preset3&#8243; box_shadow_vertical_button_one=&#8221;20px&#8221; box_shadow_blur_button_one=&#8221;40px&#8221; box_shadow_spread_button_one=&#8221;-7px&#8221; box_shadow_color_button_one=&#8221;rgba(255,109,74,0.5)&#8221; button_one_border_radius_hover=&#8221;4px&#8221; button_one_letter_spacing_hover=&#8221;3px&#8221; global_colors_info=&#8221;{}&#8221; button_one_text_size__hover_enabled=&#8221;off&#8221; button_two_text_size__hover_enabled=&#8221;off&#8221; button_one_text_color__hover_enabled=&#8221;off&#8221; button_two_text_color__hover_enabled=&#8221;off&#8221; button_one_border_width__hover_enabled=&#8221;off&#8221; button_two_border_width__hover_enabled=&#8221;off&#8221; button_one_border_color__hover_enabled=&#8221;off&#8221; button_two_border_color__hover_enabled=&#8221;off&#8221; button_one_border_radius__hover_enabled=&#8221;on&#8221; button_one_border_radius__hover=&#8221;4px&#8221; button_two_border_radius__hover_enabled=&#8221;off&#8221; button_one_letter_spacing__hover_enabled=&#8221;on&#8221; button_one_letter_spacing__hover=&#8221;3px&#8221; button_two_letter_spacing__hover_enabled=&#8221;off&#8221; button_one_bg_color__hover_enabled=&#8221;off&#8221; button_two_bg_color__hover_enabled=&#8221;off&#8221;][\/et_pb_fullwidth_header][\/et_pb_section][et_pb_section fb_built=&#8221;1&#8243; admin_label=&#8221;Service&#8221; _builder_version=&#8221;4.16&#8243; locked=&#8221;off&#8221; global_colors_info=&#8221;{}&#8221;][et_pb_row column_structure=&#8221;1_2,1_2&#8243; _builder_version=&#8221;4.16&#8243; width=&#8221;88%&#8221; max_width=&#8221;1329px&#8221; global_colors_info=&#8221;{}&#8221;][et_pb_column type=&#8221;1_2&#8243; _builder_version=&#8221;4.16&#8243; custom_padding=&#8221;|||&#8221; global_colors_info=&#8221;{}&#8221; custom_padding__hover=&#8221;|||&#8221;][et_pb_text _builder_version=&#8221;4.16&#8243; _module_preset=&#8221;default&#8221; custom_margin=&#8221;||57px|||&#8221; global_colors_info=&#8221;{}&#8221;]<\/p>\n<h1><strong>Partnerji (gostinski obrati)<\/strong><\/h1>\n<p>[\/et_pb_text][et_pb_toggle title=&#8221;1. Kaj je MealPass?&#8221; _builder_version=&#8221;4.16&#8243; _module_preset=&#8221;default&#8221; title_font_size=&#8221;13px&#8221; custom_margin=&#8221;-20px||||false|false&#8221; global_colors_info=&#8221;{}&#8221;]<\/p>\n<p>MealPass je sistem, ki povezuje mre\u017eo uglednih gostinskih obratov z uporabniki\/strankami. Stranke uporabljajo aplikacijo MealPass za iskanje partnerjev v omre\u017eju in za pridobitev popustov pri konzumaciji v partnerskih gostinskih obratih. <\/p>\n<p>[\/et_pb_toggle][et_pb_toggle title=&#8221;2. Kako lahko postanem partner v omre\u017eju MealPass?&#8221; _builder_version=&#8221;4.16&#8243; _module_preset=&#8221;default&#8221; title_font_size=&#8221;13px&#8221; custom_margin=&#8221;-20px||||false|false&#8221; global_colors_info=&#8221;{}&#8221;]<\/p>\n<p>Partner postanete z izpolnitvijo obrazca za vstop v mre\u017eo, ki ga najdete na spletni strani mealpass.hr\/partneri, in podpisom sporazuma o sodelovanju. Na\u0161i zaposleni vas bodo obiskali in si ogledali va\u0161 gostinski obrat, da vam bodo pomagali pri odlo\u010ditvi o vklju\u010ditvi v mre\u017eo MealPass. <\/p>\n<p>[\/et_pb_toggle][et_pb_toggle title=&#8221;3. Katere obveznosti imam kot partner?&#8221; _builder_version=&#8221;4.16&#8243; _module_preset=&#8221;default&#8221; title_font_size=&#8221;13px&#8221; custom_margin=&#8221;-20px||||false|false&#8221; global_colors_info=&#8221;{}&#8221;]<\/p>\n<p>Edina obveznost, ki jo imate, je do uporabnika aplikacije MealPass, in sicer, da mu omogo\u010dite do 14 % popusta na konzumacijo, ko se identificira z animacijo iz aplikacije MealPass.<\/p>\n<p>MealPass ne prejema provizij od partnerjev in nima \u010dlanarine v omre\u017eju.<\/p>\n<p>Prejeli boste nalepko, ki jo morate nalepiti pri vhodu v objekt, da bodo stranke vedele, da prejemate MealPass.<\/p>\n<p>[\/et_pb_toggle][et_pb_toggle title=&#8221;4. Komu izdam ra\u010dun za porabo?&#8221; _builder_version=&#8221;4.16&#8243; _module_preset=&#8221;default&#8221; title_font_size=&#8221;13px&#8221; custom_margin=&#8221;-20px||||false|false&#8221; global_colors_info=&#8221;{}&#8221;]<\/p>\n<p>Uporabniku aplikacije izdate \u017eeleni ra\u010dun, bodisi redni bodisi R1. Uporabnik pla\u010da ra\u010dun neposredno vam s pla\u010dilnim sredstvom, tako kot vsi drugi gostje. <\/p>\n<p>[\/et_pb_toggle][et_pb_toggle title=&#8221;5. Kako ravnamo z uporabniki MealPass-a, ko pridejo v ustanovo?&#8221; _builder_version=&#8221;4.16&#8243; _module_preset=&#8221;default&#8221; title_font_size=&#8221;13px&#8221; custom_margin=&#8221;-20px||||false|false&#8221; global_colors_info=&#8221;{}&#8221;]<\/p>\n<p><strong><\/strong>Uporabniki MealPass-a morajo imeti enake pogoje kot vsi ostali gostje v objektu. \u010ce je pred prihodom potrebna rezervacija, velja enako za uporabnike MealPass-a. \u010ce \u017eelite, jim lahko zagotovite vi\u0161ji standard, na primer pija\u010do dobrodo\u0161lice, vendar je ta odlo\u010ditev odvisna od vas kot partnerja. Zadovoljstvo uporabnikov je izklju\u010dno odvisno od vas kot partnerja.    <strong><\/strong><\/p>\n<p>[\/et_pb_toggle][et_pb_toggle title=&#8221;6. Ali me lahko \u010dez dan, ko imamo veliko dela, odklopijo iz omre\u017eja MealPass?&#8221; _builder_version=&#8221;4.16&#8243; _module_preset=&#8221;default&#8221; title_font_size=&#8221;13px&#8221; custom_margin=&#8221;-20px||||false|false&#8221; global_colors_info=&#8221;{}&#8221;]<\/p>\n<p>MealPass mora biti na voljo vsem uporabnikom ves delovni \u010das in v \u010dasu prometnih konic se ne morete selektivno odklopiti iz omre\u017eja.<\/p>\n<p><strong><\/strong><\/p>\n<p>[\/et_pb_toggle][et_pb_toggle title=&#8221;7. Kaj pa, \u010de \u017eelim prekiniti pogodbo MealPass?&#8221; _builder_version=&#8221;4.16&#8243; _module_preset=&#8221;default&#8221; title_font_size=&#8221;13px&#8221; custom_margin=&#8221;-20px||||false|false&#8221; global_colors_info=&#8221;{}&#8221;]<\/p>\n<p>Pogodbo lahko kadar koli prekinete z enomese\u010dnim odpovednim rokom. Ni kazni. Po prekinitvi pogodbe se dve leti od datuma prekinitve ne boste mogli vrniti v omre\u017eje MealPass.  <\/p>\n<p><strong><\/strong><\/p>\n<p>[\/et_pb_toggle][et_pb_toggle title=&#8221;8. Kaj pa, \u010de uporabnik MealPass povzro\u010di \u0161kodo v objektu?&#8221; _builder_version=&#8221;4.16&#8243; _module_preset=&#8221;default&#8221; title_font_size=&#8221;13px&#8221; custom_margin=&#8221;-20px||||false|false&#8221; global_colors_info=&#8221;{}&#8221;]<\/p>\n<p>Tako kot vsi drugi gostje morajo tudi uporabniki MealPass upo\u0161tevati pravila va\u0161e nastanitve. MealPass ne prevzema nobene odgovornosti za uporabnike MealPass. <\/p>\n<p><strong><\/strong><\/p>\n<p>[\/et_pb_toggle][et_pb_toggle title=&#8221;9. Ali lahko uporabniku MealPass-a dam dodaten popust ali darilo?&#8221; _builder_version=&#8221;4.16&#8243; _module_preset=&#8221;default&#8221; title_font_size=&#8221;13px&#8221; custom_margin=&#8221;-20px||||false|false&#8221; global_colors_info=&#8221;{}&#8221;]<\/p>\n<p>Zadovoljstvo va\u0161ih gostov, pa tudi uporabnikov MealPass-a, je kot partner odvisno od vas. \u010ce \u017eelite uporabniku MealPass-a ponuditi ve\u010d kot obi\u010dajno, ste dobrodo\u0161li. <\/p>\n<p><strong><\/strong><\/p>\n<p>[\/et_pb_toggle][\/et_pb_column][et_pb_column type=&#8221;1_2&#8243; _builder_version=&#8221;4.16&#8243; custom_padding=&#8221;|||&#8221; global_colors_info=&#8221;{}&#8221; custom_padding__hover=&#8221;|||&#8221;][et_pb_text _builder_version=&#8221;4.16&#8243; _module_preset=&#8221;default&#8221; global_colors_info=&#8221;{}&#8221;]<\/p>\n<h1><strong>Uporabniki<br \/><\/strong><\/h1>\n<p>[\/et_pb_text][et_pb_toggle title=&#8221;1. Kaj je Mealpass?  &#8221; _builder_version=&#8221;4.16&#8243; _module_preset=&#8221;default&#8221; title_font_size=&#8221;13px&#8221; global_colors_info=&#8221;{}&#8221;]<\/p>\n<p>Aplikacija, ki svojim uporabnikom omogo\u010da u\u017eivanje hrane in pija\u010de v vseh gostinskih obratih &#8211; Mealpass Partners, s popustom do 14 %.<\/p>\n<p>[\/et_pb_toggle][et_pb_toggle title=&#8221;2. Kako postati \u010dlan sistema Mealpass?&#8221; _builder_version=&#8221;4.16&#8243; _module_preset=&#8221;default&#8221; title_font_size=&#8221;13px&#8221; custom_margin=&#8221;-20px||||false|false&#8221; global_colors_info=&#8221;{}&#8221;]<\/p>\n<p><span style=\"font-size: 14px;\">\u010clan sistema MealPass lahko postanete osebno ali prek delodajalca. Prenesti morate aplikacijo in se registrirati ter izbrati mese\u010dno ali letno naro\u010dnino. Po pla\u010dilu naro\u010dnine je va\u0161e \u010dlanstvo aktivno in aplikacijo lahko uporabljate za pridobivanje popustov v restavracijah.    <\/span><\/p>\n<p>[\/et_pb_toggle][et_pb_toggle title=&#8221;3. Kdo lahko odpre ra\u010dun v aplikaciji Mealpass?&#8221; _builder_version=&#8221;4.16&#8243; _module_preset=&#8221;default&#8221; title_font_size=&#8221;13px&#8221; custom_margin=&#8221;-20px||||false|false&#8221; global_colors_info=&#8221;{}&#8221;]<\/p>\n<p>Vsaka polnoletna oseba, podjetje ali obrt lahko odpre ra\u010dun za svoje zaposlene in pravno osebo.<\/p>\n<p>[\/et_pb_toggle][et_pb_toggle title=&#8221;4. Kako uporabljam aplikacijo MealPass?&#8221; _builder_version=&#8221;4.16&#8243; _module_preset=&#8221;default&#8221; title_font_size=&#8221;13px&#8221; custom_margin=&#8221;-20px||||false|false&#8221; global_colors_info=&#8221;{}&#8221;]<\/p>\n<ul>\n<li>Prenesite aplikacijo in se registrirajte<\/li>\n<li>Izberite vrsto naro\u010dnine<\/li>\n<li>Poi\u0161\u010dite \u017eeleno restavracijo na seznamu ali zemljevidu<\/li>\n<li>U\u017eivajte v kosilu, ve\u010derji ali ve\u010dernem izhodu in<span> <\/span><strong>Pri pla\u010devanju prika\u017eite animacijo v aplikaciji osebju restavracije.<\/strong><\/li>\n<li>\u010ce \u017eelite odpreti animacijo,<span> <\/span><strong>Izbrati morate restavracijo, v kateri ste<\/strong><\/li>\n<li><strong>V restavracijah lahko pla\u010dujete z gotovino ali karticami<\/strong> , aplikacija MealPass pa se uporablja za pridobitev popustov.<\/li>\n<li><span>Z naro\u010dnino na MealPass je vsak obrok do <strong>14 %<\/strong> <strong>cenej\u0161i<\/strong><\/span><\/li>\n<li><span>Vse restavracije v na\u0161i mre\u017ei imajo na vhodnih vratih znak Partnerstvo.<\/span><\/li>\n<li><span>Uporaba storitve MealPass ni \u010dasovno omejena, kar pomeni, da jo je mogo\u010de uporabljati v rednem odpiralnem \u010dasu restavracije.<\/span><\/li>\n<li><span>Naro\u010dnina za uporabo aplikacije MealPass zna\u0161a le 2 EUR\/mesec oziroma 20 EUR\/leto.<\/span><\/li>\n<li>Z MealPassom je to mogo\u010de tudi<span> <\/span><strong><br \/>\n  <span>dostava<\/span><br \/>\n<\/strong> !<\/li>\n<\/ul>\n<p>[\/et_pb_toggle][et_pb_toggle title=&#8221;5. Kje lahko vidim seznam lokacij, ki sprejemajo MealPass?&#8221; _builder_version=&#8221;4.16&#8243; _module_preset=&#8221;default&#8221; title_font_size=&#8221;13px&#8221; custom_margin=&#8221;-20px||||false|false&#8221; global_colors_info=&#8221;{}&#8221;]<\/p>\n<p>Seznam lokacij si lahko ogledate v aplikaciji.<\/p>\n<p>[\/et_pb_toggle][et_pb_toggle title=&#8221;6. Ali je MealPass opro\u0161\u010den davka, \u010de ga pla\u010da delodajalec?&#8221; _builder_version=&#8221;4.16&#8243; _module_preset=&#8221;default&#8221; title_font_size=&#8221;13px&#8221; custom_margin=&#8221;-20px||||false|false&#8221; global_colors_info=&#8221;{}&#8221;]<\/p>\n<p>Delodajalec lahko zaposlenemu letno vpla\u010da v MealPass kot darilo v naravi.<\/p>\n<p>&nbsp;<\/p>\n<p>[\/et_pb_toggle][et_pb_toggle title=&#8221;7. Ali lahko podjetje odpre ra\u010dun MealPass?&#8221; _builder_version=&#8221;4.16&#8243; _module_preset=&#8221;default&#8221; title_font_size=&#8221;13px&#8221; custom_margin=&#8221;-20px||||false|false&#8221; global_colors_info=&#8221;{}&#8221;]<\/p>\n<p>Da. Podjetje se registrira s svojim e-po\u0161tnim naslovom in geslom. <\/p>\n<p>Uporabniki, ki lahko uporabljajo poslovne vire podjetja, so vneseni v administratorski vmesnik.<\/p>\n<p>[\/et_pb_toggle][et_pb_toggle title=&#8221;8. Kaj naj storim, \u010de je moj ra\u010dun MealPass zlorabljen?&#8221; _builder_version=&#8221;4.16&#8243; _module_preset=&#8221;default&#8221; title_font_size=&#8221;13px&#8221; custom_margin=&#8221;-20px||||false|false&#8221; global_colors_info=&#8221;{}&#8221;]<\/p>\n<p>\u010ce opazite zlorabo svojega ra\u010duna MealPass, ste dol\u017eni to \u010dim prej sporo\u010diti nam po <strong>e-po\u0161ti na <a href=\"mailto:kontakt@mealpass.hr\">kontakt@mealpass.hr<\/a> ali telefonski \u0161tevilki (+385) 1 4816 119.<\/strong> Po prejemu prijave bomo ra\u010dun zamrznili.   <\/p>\n<p>[\/et_pb_toggle][\/et_pb_column][\/et_pb_row][\/et_pb_section]<\/p>\n<span class=\"et_bloom_bottom_trigger\"><\/span>","protected":false},"excerpt":{"rendered":"<p>Partnerji (gostinski obrati)MealPass je sistem, ki povezuje mre\u017eo uglednih gostinskih obratov z uporabniki\/strankami. Stranke uporabljajo aplikacijo MealPass za iskanje partnerjev v omre\u017eju in za pridobitev popustov pri konzumaciji v partnerskih gostinskih obratih. Partner postanete z izpolnitvijo obrazca za vstop v mre\u017eo, ki ga najdete na spletni strani mealpass.hr\/partneri, in podpisom sporazuma o sodelovanju. Na\u0161i zaposleni [&hellip;]<\/p>\n","protected":false},"author":1,"featured_media":0,"parent":0,"menu_order":0,"comment_status":"closed","ping_status":"closed","template":"","meta":{"_et_pb_use_builder":"on","_et_pb_old_content":"","_et_gb_content_width":"","footnotes":""},"yoast_head":"<!-- This site is optimized with the Yoast SEO plugin v24.5 - https:\/\/yoast.com\/wordpress\/plugins\/seo\/ -->\n<title>Pogosta vpra\u0161anja %%sep% Obrok<\/title>\n<meta name=\"description\" content=\"Tukaj lahko najdete odgovore na najpogostej\u0161a vpra\u0161anja o MealPassu.\" \/>\n<meta name=\"robots\" content=\"index, follow, max-snippet:-1, max-image-preview:large, max-video-preview:-1\" \/>\n<link rel=\"canonical\" href=\"https:\/\/mealpass.hr\/sl\/?page_id=3040\" \/>\n<meta property=\"og:locale\" content=\"sl_SI\" \/>\n<meta property=\"og:type\" content=\"article\" \/>\n<meta property=\"og:title\" content=\"Pogosta vpra\u0161anja %%sep% Obrok\" \/>\n<meta property=\"og:description\" content=\"Tukaj lahko najdete odgovore na najpogostej\u0161a vpra\u0161anja o MealPassu.\" \/>\n<meta property=\"og:url\" content=\"https:\/\/mealpass.hr\/sl\/?page_id=3040\" \/>\n<meta property=\"og:site_name\" content=\"Meal pass\" \/>\n<meta property=\"article:publisher\" content=\"https:\/\/www.facebook.com\/MealPass\/\" \/>\n<meta property=\"article:modified_time\" content=\"2025-10-14T21:47:53+00:00\" \/>\n<meta property=\"og:image\" content=\"https:\/\/mealpass.hr\/wp-content\/uploads\/2020\/10\/mealpass_crveno_FINAL_FINAL.png\" \/>\n\t<meta property=\"og:image:width\" content=\"1181\" \/>\n\t<meta property=\"og:image:height\" content=\"643\" \/>\n\t<meta property=\"og:image:type\" content=\"image\/png\" \/>\n<meta name=\"twitter:card\" content=\"summary_large_image\" \/>\n<meta name=\"twitter:label1\" content=\"Est. reading time\" \/>\n\t<meta name=\"twitter:data1\" content=\"8 minut\" \/>\n<script type=\"application\/ld+json\" class=\"yoast-schema-graph\">{\"@context\":\"https:\/\/schema.org\",\"@graph\":[{\"@type\":\"WebPage\",\"@id\":\"https:\/\/mealpass.hr\/sl\/?page_id=3040\",\"url\":\"https:\/\/mealpass.hr\/sl\/?page_id=3040\",\"name\":\"Pogosta vpra\u0161anja %%sep% Obrok\",\"isPartOf\":{\"@id\":\"https:\/\/mealpass.hr\/#website\"},\"datePublished\":\"2021-08-20T23:47:44+00:00\",\"dateModified\":\"2025-10-14T21:47:53+00:00\",\"description\":\"Tukaj lahko najdete odgovore na najpogostej\u0161a vpra\u0161anja o MealPassu.\",\"breadcrumb\":{\"@id\":\"https:\/\/mealpass.hr\/sl\/?page_id=3040#breadcrumb\"},\"inLanguage\":\"sl-SI\",\"potentialAction\":[{\"@type\":\"ReadAction\",\"target\":[\"https:\/\/mealpass.hr\/sl\/?page_id=3040\"]}]},{\"@type\":\"BreadcrumbList\",\"@id\":\"https:\/\/mealpass.hr\/sl\/?page_id=3040#breadcrumb\",\"itemListElement\":[{\"@type\":\"ListItem\",\"position\":1,\"name\":\"Home\",\"item\":\"https:\/\/mealpass.hr\/sl\/domov\/\"},{\"@type\":\"ListItem\",\"position\":2,\"name\":\"Pogosta vpra\u0161anja\"}]},{\"@type\":\"WebSite\",\"@id\":\"https:\/\/mealpass.hr\/#website\",\"url\":\"https:\/\/mealpass.hr\/\",\"name\":\"MealPass\",\"description\":\"Jedi vi\u0161e, plati manje\",\"publisher\":{\"@id\":\"https:\/\/mealpass.hr\/#organization\"},\"potentialAction\":[{\"@type\":\"SearchAction\",\"target\":{\"@type\":\"EntryPoint\",\"urlTemplate\":\"https:\/\/mealpass.hr\/?s={search_term_string}\"},\"query-input\":{\"@type\":\"PropertyValueSpecification\",\"valueRequired\":true,\"valueName\":\"search_term_string\"}}],\"inLanguage\":\"sl-SI\"},{\"@type\":\"Organization\",\"@id\":\"https:\/\/mealpass.hr\/#organization\",\"name\":\"MealPass Hrvatska\",\"alternateName\":\"MealPass\",\"url\":\"https:\/\/mealpass.hr\/\",\"logo\":{\"@type\":\"ImageObject\",\"inLanguage\":\"sl-SI\",\"@id\":\"https:\/\/mealpass.hr\/#\/schema\/logo\/image\/\",\"url\":\"https:\/\/mealpass.hr\/wp-content\/uploads\/2022\/08\/ikona.png\",\"contentUrl\":\"https:\/\/mealpass.hr\/wp-content\/uploads\/2022\/08\/ikona.png\",\"width\":117,\"height\":117,\"caption\":\"MealPass Hrvatska\"},\"image\":{\"@id\":\"https:\/\/mealpass.hr\/#\/schema\/logo\/image\/\"},\"sameAs\":[\"https:\/\/www.facebook.com\/MealPass\/\",\"https:\/\/www.linkedin.com\/company\/mealpass-croatia\/\"]}]}<\/script>\n<!-- \/ Yoast SEO plugin. -->","yoast_head_json":{"title":"Pogosta vpra\u0161anja %%sep% Obrok","description":"Tukaj lahko najdete odgovore na najpogostej\u0161a vpra\u0161anja o MealPassu.","robots":{"index":"index","follow":"follow","max-snippet":"max-snippet:-1","max-image-preview":"max-image-preview:large","max-video-preview":"max-video-preview:-1"},"canonical":"https:\/\/mealpass.hr\/sl\/?page_id=3040","og_locale":"sl_SI","og_type":"article","og_title":"Pogosta vpra\u0161anja %%sep% Obrok","og_description":"Tukaj lahko najdete odgovore na najpogostej\u0161a vpra\u0161anja o MealPassu.","og_url":"https:\/\/mealpass.hr\/sl\/?page_id=3040","og_site_name":"Meal pass","article_publisher":"https:\/\/www.facebook.com\/MealPass\/","article_modified_time":"2025-10-14T21:47:53+00:00","og_image":[{"width":1181,"height":643,"url":"https:\/\/mealpass.hr\/wp-content\/uploads\/2020\/10\/mealpass_crveno_FINAL_FINAL.png","type":"image\/png"}],"twitter_card":"summary_large_image","twitter_misc":{"Est. reading time":"8 minut"},"schema":{"@context":"https:\/\/schema.org","@graph":[{"@type":"WebPage","@id":"https:\/\/mealpass.hr\/sl\/?page_id=3040","url":"https:\/\/mealpass.hr\/sl\/?page_id=3040","name":"Pogosta vpra\u0161anja %%sep% Obrok","isPartOf":{"@id":"https:\/\/mealpass.hr\/#website"},"datePublished":"2021-08-20T23:47:44+00:00","dateModified":"2025-10-14T21:47:53+00:00","description":"Tukaj lahko najdete odgovore na najpogostej\u0161a vpra\u0161anja o MealPassu.","breadcrumb":{"@id":"https:\/\/mealpass.hr\/sl\/?page_id=3040#breadcrumb"},"inLanguage":"sl-SI","potentialAction":[{"@type":"ReadAction","target":["https:\/\/mealpass.hr\/sl\/?page_id=3040"]}]},{"@type":"BreadcrumbList","@id":"https:\/\/mealpass.hr\/sl\/?page_id=3040#breadcrumb","itemListElement":[{"@type":"ListItem","position":1,"name":"Home","item":"https:\/\/mealpass.hr\/sl\/domov\/"},{"@type":"ListItem","position":2,"name":"Pogosta vpra\u0161anja"}]},{"@type":"WebSite","@id":"https:\/\/mealpass.hr\/#website","url":"https:\/\/mealpass.hr\/","name":"MealPass","description":"Jedi vi\u0161e, plati manje","publisher":{"@id":"https:\/\/mealpass.hr\/#organization"},"potentialAction":[{"@type":"SearchAction","target":{"@type":"EntryPoint","urlTemplate":"https:\/\/mealpass.hr\/?s={search_term_string}"},"query-input":{"@type":"PropertyValueSpecification","valueRequired":true,"valueName":"search_term_string"}}],"inLanguage":"sl-SI"},{"@type":"Organization","@id":"https:\/\/mealpass.hr\/#organization","name":"MealPass Hrvatska","alternateName":"MealPass","url":"https:\/\/mealpass.hr\/","logo":{"@type":"ImageObject","inLanguage":"sl-SI","@id":"https:\/\/mealpass.hr\/#\/schema\/logo\/image\/","url":"https:\/\/mealpass.hr\/wp-content\/uploads\/2022\/08\/ikona.png","contentUrl":"https:\/\/mealpass.hr\/wp-content\/uploads\/2022\/08\/ikona.png","width":117,"height":117,"caption":"MealPass Hrvatska"},"image":{"@id":"https:\/\/mealpass.hr\/#\/schema\/logo\/image\/"},"sameAs":["https:\/\/www.facebook.com\/MealPass\/","https:\/\/www.linkedin.com\/company\/mealpass-croatia\/"]}]}},"_links":{"self":[{"href":"https:\/\/mealpass.hr\/sl\/wp-json\/wp\/v2\/pages\/3040"}],"collection":[{"href":"https:\/\/mealpass.hr\/sl\/wp-json\/wp\/v2\/pages"}],"about":[{"href":"https:\/\/mealpass.hr\/sl\/wp-json\/wp\/v2\/types\/page"}],"author":[{"embeddable":true,"href":"https:\/\/mealpass.hr\/sl\/wp-json\/wp\/v2\/users\/1"}],"replies":[{"embeddable":true,"href":"https:\/\/mealpass.hr\/sl\/wp-json\/wp\/v2\/comments?post=3040"}],"version-history":[{"count":2,"href":"https:\/\/mealpass.hr\/sl\/wp-json\/wp\/v2\/pages\/3040\/revisions"}],"predecessor-version":[{"id":3044,"href":"https:\/\/mealpass.hr\/sl\/wp-json\/wp\/v2\/pages\/3040\/revisions\/3044"}],"wp:attachment":[{"href":"https:\/\/mealpass.hr\/sl\/wp-json\/wp\/v2\/media?parent=3040"}],"curies":[{"name":"wp","href":"https:\/\/api.w.org\/{rel}","templated":true}]}}