{"id":3036,"date":"2021-10-24T20:11:07","date_gmt":"2021-10-24T19:11:07","guid":{"rendered":"https:\/\/mealpass.hr\/splosni-placilni-pogoji\/"},"modified":"2025-10-14T22:47:53","modified_gmt":"2025-10-14T21:47:53","slug":"splosni-placilni-pogoji","status":"publish","type":"page","link":"https:\/\/mealpass.hr\/sl\/splosni-placilni-pogoji\/","title":{"rendered":"Splo\u0161ni pla\u010dilni pogoji"},"content":{"rendered":"<p>[et_pb_section fb_built=&#8221;1&#8243; _builder_version=&#8221;4.16&#8243; custom_padding=&#8221;||3px|||&#8221; global_colors_info=&#8221;{}&#8221;][et_pb_row _builder_version=&#8221;4.16&#8243; background_size=&#8221;initial&#8221; background_position=&#8221;top_left&#8221; background_repeat=&#8221;repeat&#8221; custom_padding=&#8221;||0px|||&#8221; global_colors_info=&#8221;{}&#8221;][et_pb_column type=&#8221;4_4&#8243; _builder_version=&#8221;4.16&#8243; custom_padding=&#8221;|||&#8221; global_colors_info=&#8221;{}&#8221; custom_padding__hover=&#8221;|||&#8221;][et_pb_text _builder_version=&#8221;4.16&#8243; header_2_font=&#8221;Abril Fatface||||||||&#8221; background_size=&#8221;initial&#8221; background_position=&#8221;top_left&#8221; background_repeat=&#8221;repeat&#8221; custom_margin=&#8221;||1px|||&#8221; custom_padding=&#8221;||0px|||&#8221; global_colors_info=&#8221;{}&#8221;]<\/p>\n<h3><strong>Pla\u010dilni pogoji storitve MealPass za uporabnike<\/strong><\/h3>\n<p>&nbsp;<\/p>\n<p>MealPass je aplikacija, ki svojim uporabnikom omogo\u010da u\u017eivanje hrane in pija\u010de v vseh gostinskih obratih \u2013 partnerjih MealPass, s popustom do 14 % (\u00bb <strong>MealPass<\/strong> \u00ab).<\/p>\n<p>&nbsp;<\/p>\n<p>Ti pogoji pla\u010dila storitev MealPass za uporabnike (\u00bb <strong>Pogoji<\/strong> \u00ab) urejajo na\u010din pla\u010dila in uporabe finan\u010dnih sredstev na ra\u010dun MealPass s strani osebe, ki izvaja pla\u010dilo na ra\u010dun MealPass (\u00bb <strong>Pla\u010dnik<\/strong> \u00ab), ki je lahko uporabnik aplikacije MealPass (\u00bb <strong>Uporabnik<\/strong> \u00ab) ali katera koli tretja pravna ali fizi\u010dna oseba, ki izvaja pla\u010dilo \u010dlanarine na ra\u010dun podjetja Veta savjetovanje doo, s sede\u017eem v Zagrebu, O\u017eujska 1, vpisano v sodni register Trgovskega sodi\u0161\u010da v Zagrebu pod \u0161tevilko 081126210, OIB: 46740102542 (\u00bb <strong>Ponudnik storitev<\/strong> \u00ab).<\/p>\n<p>&nbsp;<\/p>\n<ol>\n<li><strong>  Splo\u0161ne dolo\u010dbe<\/strong><\/li>\n<\/ol>\n<p>&nbsp;<\/p>\n<p>1.1. Ti pogoji veljajo za vsako pla\u010dilo \u010dlanarine za uporabo storitve MealPass, z uporabo storitve MealPass pa potrjujete, da ste seznanjeni s temi pogoji in da se z njimi strinjate. Zato pred pla\u010dilom na svoj ra\u010dun MealPass natan\u010dno preberite pogoje poslovanja. <\/p>\n<p>&nbsp;<\/p>\n<p>1.2. Vsa pla\u010dila znotraj aplikacije MealPass so predmet predpisov Republike Hrva\u0161ke. Ponudnik storitev ni odgovoren za zakonitost ali dav\u010dno obravnavo pla\u010dil \u010dlanarine za MealPass ali pla\u010dil znotraj omre\u017eja MealPass. <\/p>\n<p>&nbsp;<\/p>\n<p>1.3. Ti pogoji predstavljajo tudi predpogodbeno obvestilo, kadar pla\u010dilo \u010dlanarine opravi potro\u0161nik, tj. vsaka fizi\u010dna oseba, ki sklene pravni posel ali posluje na trgu zunaj svoje trgovske, poslovne, obrtne ali poklicne dejavnosti.<\/p>\n<p>&nbsp;<\/p>\n<p>1.4. Za razmerje med obdelovalcem pla\u010dil in ponudnikom storitev se uporabljajo dolo\u010dbe veljavnega Zakona o varstvu potro\u0161nikov, Zakona o obligacijskih razmerjih, Zakona o elektronskih komunikacijah, Splo\u0161ne uredbe o varstvu podatkov in drugih predpisov, ki veljajo v Republiki Hrva\u0161ki v \u010dasu opravljanja storitve.<\/p>\n<p>&nbsp;<\/p>\n<p>1.5. Kadar pravne osebe pla\u010dujejo prek aplikacije MealPass, se ne \u0161tejejo za potro\u0161nike in se zanje ne uporabljajo dolo\u010dbe teh Splo\u0161nih pogojev, ki urejajo pravico do enostranske odpovedi pogodbe in do vlo\u017eitve pisne prito\u017ebe potro\u0161nika. V tem primeru se za pravne osebe uporabljajo ustrezne dolo\u010dbe Zakona o obligacijskih razmerjih in Zakona o elektronskem poslovanju. <\/p>\n<p>&nbsp;<\/p>\n<ol start=\"2\">\n<li><strong>  Na\u010din pla\u010dila storitve MealPass<\/strong><\/li>\n<\/ol>\n<p>&nbsp;<\/p>\n<p>2.1. Pla\u010dilo \u010dlanarine je mo\u017eno 24 ur na dan, 7 dni v tednu.<\/p>\n<p>&nbsp;<\/p>\n<p>2.2. \u010clanarina se pla\u010duje v evrih (EUR). Pla\u010dnik lahko prosto izbere vrsto \u010dlanarine \u2013 letno ali mese\u010dno. <\/p>\n<p>&nbsp;<\/p>\n<p>2.3. Pla\u010dnik lahko pla\u010da \u010dlanarino za storitev MealPass v aplikaciji MealPass s kreditno ali debetno kartico, ban\u010dnim nakazilom ali splo\u0161nim pla\u010dilnim nalogom.<\/p>\n<p>&nbsp;<\/p>\n<p>2.5. Enkratna pla\u010dila s kartico so mogo\u010da z vsemi karticami Maestro, Master, Visa, Diners in Discover, ki podpirajo mo\u017enosti pla\u010dila v spletnih trgovinah, ne glede na banko izdajateljico in ne glede na to, ali gre za hrva\u0161ko ali tujo banko.<\/p>\n<p>&nbsp;<\/p>\n<p>2.6. V primeru pla\u010dila s kartico lahko uporabnik aplikacijo uporablja takoj po potrditvi transakcije.<\/p>\n<p>&nbsp;<\/p>\n<p>2.7. V primeru pla\u010dila z ban\u010dnim nakazilom ali splo\u0161nim pla\u010dilnim nalogom stro\u0161ki pla\u010dila in\/ali medban\u010dnih transakcij niso vklju\u010deni v ceno.<\/p>\n<p>&nbsp;<\/p>\n<p>2.8. Pri pla\u010dilu z ban\u010dnim nakazilom ali splo\u0161nim pla\u010dilnim nalogom se \u010dlanarina uporabnika \u0161teje za aktivno, ko je transakcija vidna na ra\u010dunu ponudnika storitev. Postopek lahko traja do nekaj dni (najpogosteje je denar na ra\u010dunu drugi delovni dan po pla\u010dilu), odvisno od banke. <\/p>\n<p>&nbsp;<\/p>\n<p>2.9. Ob izpolnjevanju naro\u010dila je Pla\u010dnik dol\u017ean vnesti vse podatke, ki se od njega zahtevajo. Pla\u010dilo \u010dlanarine se lahko izvede s potrditvijo Pla\u010dnika, da je razumel te Pogoje poslovanja in Splo\u0161ne pogoje poslovanja Ponudnika storitev ter da jih sprejema. <\/p>\n<p>&nbsp;<\/p>\n<p>2.10. Ponudnik storitev bo nemudoma po opravljeni avtorizaciji pla\u010dila poslal pla\u010dilnemu izvajalcu obvestilo o uspe\u0161ni transakciji in ra\u010dun za opravljeno transakcijo.<\/p>\n<p>&nbsp;<\/p>\n<p>2.12. S soglasjem s temi Splo\u0161nimi pogoji se Pla\u010dnik strinja, da mu bo ra\u010dun za pla\u010dano \u010dlanarino poslan po elektronski po\u0161ti na elektronski naslov, ki ga navede kot kontaktni ob registraciji v aplikaciji MealPass.<\/p>\n<p>&nbsp;<\/p>\n<p>&nbsp;<\/p>\n<ol start=\"3\">\n<li><strong>  Trajanje pogodbe in pravica do enostranske odpovedi  <\/strong><\/li>\n<\/ol>\n<p><strong> <\/strong><\/p>\n<p>3.1. Pogodba med Uporabnikom in Ponudnikom storitev za uporabo storitve MealPass se sklene za eno leto oziroma za obdobje, za katero je bila pla\u010dana \u010dlanarina, in v tem obdobju lahko Uporabnik uporablja storitev MealPass v skladu s Splo\u0161nimi pogoji poslovanja Ponudnika storitev.<\/p>\n<p>&nbsp;<\/p>\n<p>3.2. Pla\u010dnik ima pravico do vra\u010dila pla\u010danega zneska, \u010de ponudniku storitev v 14 dneh od pla\u010dila tega zneska po\u0161lje obvestilo o enostranski odpovedi brez navedbe razloga, \u010de uporabnik v tem roku ni uporabil aplikacije za pridobivanje popustov v restavracijah prek storitve MealPass.<\/p>\n<p>&nbsp;<\/p>\n<p>3.3. Pla\u010dnik lahko uveljavi svojo pravico do enostranske odpovedi s pisnim obvestilom na elektronski naslov ponudnika storitev kontakt@mealpass.hr, v katerem navede svoje ime in priimek, naslov, telefonsko \u0161tevilko ali elektronski naslov, \u0161tevilko transakcije in \u0161tevilko ra\u010duna, na katerega \u017eeli prejeti vra\u010dilo.<\/p>\n<p>&nbsp;<\/p>\n<p>3.4. Ponudnik storitev ni dol\u017ean kriti ban\u010dnih in administrativnih stro\u0161kov za vra\u010dilo pla\u010danega zneska pla\u010dniku in si pridr\u017euje pravico, da znesek vra\u010dila zmanj\u0161a za skupni znesek pla\u010danih stro\u0161kov.<\/p>\n<p>&nbsp;<\/p>\n<ol start=\"4\">\n<li><strong>  Tehni\u010dni za\u0161\u010ditni ukrepi<\/strong><\/li>\n<\/ol>\n<p><strong> <\/strong><\/p>\n<p>4.1. Ponudnik storitev zagotavlja tehni\u010dne ukrepe za za\u0161\u010dito ra\u010dunov uporabnikov storitve MealPass.<\/p>\n<p>&nbsp;<\/p>\n<p>4.2. Uporabnik storitve MealPass je dol\u017ean skrbno in zaupno hraniti svoje uporabni\u0161ko ime in geslo ter bo odgovoren za kakr\u0161no koli uporabo storitve MealPass in za kakr\u0161no koli dejavnost v okviru uporabni\u0161kega ra\u010duna uporabnika, dokler ponudnik storitev ni obve\u0161\u010den o nepoobla\u0161\u010denem dostopu do uporabni\u0161kega ra\u010duna uporabnika v skladu s splo\u0161nimi pogoji poslovanja ponudnika storitev, razen \u010de je ponudnik storitev odgovoren za omogo\u010danje nepoobla\u0161\u010denega dostopa tretji osebi.<\/p>\n<p>&nbsp;<\/p>\n<p>4.3. Ponudnik storitev omogo\u010da uporabo aplikacije MealPass na najbolj\u0161i mo\u017een na\u010din. To vklju\u010duje: spremljanje delovanja stre\u017enika, raz\u0161iritev zmogljivosti glede na \u0161tevilo uporabnikov, podporo uporabnikom in odpravljanje morebitnih napak in te\u017eav v sistemu. Ponudnik storitev ne more zagotoviti, da uporaba aplikacije MealPass ne bo prekinjena ali za\u010dasno nedostopna.  <\/p>\n<p>&nbsp;<\/p>\n<p>4.4 Uporabnikova dol\u017enost in obveznost je, da aplikacijo MealPass uporablja v skladu s pozitivnimi predpisi in splo\u0161nimi eti\u010dnimi na\u010deli. Ponudnik storitev ima pravico kadar koli nadzorovati vsebino aplikacije MealPass, da zagotovi skladnost s temi pogoji, splo\u0161nimi pogoji poslovanja ponudnika storitev in pozitivnimi predpisi. <\/p>\n<p><strong> <\/strong><\/p>\n<ol start=\"5\">\n<li><strong>  Poizvedbe in prito\u017ebe<\/strong><\/li>\n<\/ol>\n<p><strong> <\/strong><\/p>\n<p>5.1. Uporabnik in\/ali Pla\u010dnik lahko vsa vpra\u0161anja in prito\u017ebe po\u0161ljeta Ponudniku storitev na naslov sede\u017ea, naveden v teh Pla\u010dilnih pogojih, ali na elektronski naslov kontakt@mealpass.hr.<\/p>\n<p>&nbsp;<\/p>\n<p>5.2. Ponudnik storitev bo na utemeljeno poizvedbo ali prito\u017ebo uporabnika in\/ali pla\u010dilnega posrednika odgovoril v 15 dneh od prejema poizvedbe ali prito\u017ebe uporabnika.<\/p>\n<p>&nbsp;<\/p>\n<ol start=\"6\">\n<li><strong>  Trajanje in sprememba poslovnih pogojev<\/strong><\/li>\n<\/ol>\n<p>&nbsp;<\/p>\n<p>6.1. Ti Pla\u010dilni pogoji za\u010dnejo veljati z dnem njihove objave in ostanejo v veljavi do nadaljnjega obvestila, dokler uporabnik uporablja storitev MealPass.<\/p>\n<p>&nbsp;<\/p>\n<p>6.2. Uporabnik in\/ali Pla\u010dnik lahko kadar koli dostopa do trenutne razli\u010dice teh Pla\u010dilnih pogojev na spletni strani ponudnika mealpass.hr. Ponudnik bo uporabnike storitve MealPass pisno obvestil o vseh ve\u010djih spremembah teh Pla\u010dilnih pogojev vsaj 15 (petnajst) dni pred za\u010detkom veljavnosti spremenjene razli\u010dice. \u010ce se uporabnik s spremenjenimi Pla\u010dilnimi pogoji MealPass ne strinja, je dol\u017ean prenehati uporabljati storitev MealPass.    <\/p>\n<p>&nbsp;<\/p>\n<p>6.3. V primerih, ki jih ti pogoji poslovanja ne re\u0161ujejo ali urejajo, se ustrezno uporabljajo splo\u0161ni pogoji poslovanja ponudnika storitev, ki so na voljo na spletni strani ponudnika storitev <a href=\"http:\/\/www.%5B%5D.hr\">mealpass.hr.<\/a><\/p>\n<p>&nbsp;<\/p>\n<ol start=\"7\">\n<li><strong>  Veljavno pravo in re\u0161evanje sporov  <\/strong><\/li>\n<\/ol>\n<p>&nbsp;<\/p>\n<p>7.1. Pogodbeno razmerje med pla\u010dnikom in ponudnikom storitev, ki izhaja iz uporabe storitve MealPass, ureja pravo Republike Hrva\u0161ke.<\/p>\n<p>&nbsp;<\/p>\n<p>7.2. Vse spore, ki lahko nastanejo iz pogodbenega razmerja med obdelovalcem pla\u010dil in ponudnikom storitev ali so z njim povezani, bosta obdelovalec pla\u010dil in ponudnik storitev posku\u0161ala re\u0161iti sporazumno. \u010ce spora ni mogo\u010de re\u0161iti sporazumno, ga bo re\u0161evalo pristojno sodi\u0161\u010de v Zagrebu. <\/p>\n<p>&nbsp;<\/p>\n<p>7.3. Nobena odpoved odgovornosti za kr\u0161itev katere koli dolo\u010dbe teh pogojev ali pogodbenega razmerja med obdelovalcem pla\u010dil in ponudnikom storitev se ne \u0161teje za odpoved odgovornosti za katero koli drugo kr\u0161itev katere koli druge dolo\u010dbe teh pogojev ali pogodbenega razmerja med obdelovalcem pla\u010dil in ponudnikom storitev.<\/p>\n<p>&nbsp;<\/p>\n<p>7.4. Dolo\u010dbe teh Pogojev so neodvisne in lo\u010dene druga od druge, in v primeru, da katera koli ali ve\u010d dolo\u010db teh Pogojev postane neveljavna ali neizvr\u0161ljiva v celoti ali delno, to ne vpliva na veljavnost ali izvr\u0161ljivost drugih dolo\u010db teh Pla\u010dilnih pogojev.<\/p>\n<p>&nbsp;<\/p>\n<p>V Zagrebu, 1. marca 2024.  <\/p>\n<p>[\/et_pb_text][\/et_pb_column][\/et_pb_row][\/et_pb_section][et_pb_section fb_built=&#8221;1&#8243; _builder_version=&#8221;4.6.3&#8243; _module_preset=&#8221;default&#8221; custom_padding=&#8221;3px||2px|||&#8221; global_module=&#8221;440&#8243; global_colors_info=&#8221;{}&#8221;][et_pb_row column_structure=&#8221;1_6,1_6,1_6,1_6,1_6,1_6&#8243; _builder_version=&#8221;4.16&#8243; _module_preset=&#8221;default&#8221; custom_padding=&#8221;19px||16px|||&#8221; global_colors_info=&#8221;{}&#8221;][et_pb_column type=&#8221;1_6&#8243; _builder_version=&#8221;4.16&#8243; _module_preset=&#8221;default&#8221; global_colors_info=&#8221;{}&#8221;][et_pb_image src=&#8221;https:\/\/mealpass.hr\/wp-content\/uploads\/2021\/08\/CorvusPAY.png&#8221; title_text=&#8221;CorvusPAY&#8221; _builder_version=&#8221;4.16&#8243; _module_preset=&#8221;default&#8221; global_colors_info=&#8221;{}&#8221;][\/et_pb_image][\/et_pb_column][et_pb_column type=&#8221;1_6&#8243; _builder_version=&#8221;4.16&#8243; _module_preset=&#8221;default&#8221; global_colors_info=&#8221;{}&#8221;][et_pb_image src=&#8221;https:\/\/mealpass.hr\/wp-content\/uploads\/2021\/10\/DCI_logo.jpg&#8221; title_text=&#8221;logotip_DCI&#8221; url=&#8221;https:\/\/www.diners.hr\/hr&#8221; _builder_version=&#8221;4.16&#8243; _module_preset=&#8221;default&#8221; global_colors_info=&#8221;{}&#8221;][\/et_pb_image][\/et_pb_column][et_pb_column type=&#8221;1_6&#8243; _builder_version=&#8221;4.16&#8243; _module_preset=&#8221;default&#8221; global_colors_info=&#8221;{}&#8221;][et_pb_image src=&#8221;https:\/\/mealpass.hr\/wp-content\/uploads\/2021\/08\/Visa50.gif&#8221; title_text=&#8221;Visa50&#8243; url=&#8221;http:\/\/www.visa.com.hr\/&#8221; _builder_version=&#8221;4.16&#8243; _module_preset=&#8221;default&#8221; global_colors_info=&#8221;{}&#8221;][\/et_pb_image][\/et_pb_column][et_pb_column type=&#8221;1_6&#8243; _builder_version=&#8221;4.16&#8243; _module_preset=&#8221;default&#8221; global_colors_info=&#8221;{}&#8221;][et_pb_image src=&#8221;https:\/\/mealpass.hr\/wp-content\/uploads\/2021\/08\/maestro50.gif&#8221; title_text=&#8221;maestro50&#8243; url=&#8221;https:\/\/www.mastercard.hr\/hr-hr\/consumers\/find-card-products\/debit-cards\/maestro-debit.html&#8221; _builder_version=&#8221;4.16&#8243; _module_preset=&#8221;default&#8221; global_colors_info=&#8221;{}&#8221;][\/et_pb_image][\/et_pb_column][et_pb_column type=&#8221;1_6&#8243; _builder_version=&#8221;4.16&#8243; _module_preset=&#8221;default&#8221; global_colors_info=&#8221;{}&#8221;][et_pb_image src=&#8221;https:\/\/mealpass.hr\/wp-content\/uploads\/2021\/08\/MasterCard50.gif&#8221; title_text=&#8221;MasterCard50&#8243; url=&#8221;https:\/\/www.mastercard.hr\/hr-hr.html&#8221; _builder_version=&#8221;4.16&#8243; _module_preset=&#8221;default&#8221; global_colors_info=&#8221;{}&#8221;][\/et_pb_image][\/et_pb_column][et_pb_column type=&#8221;1_6&#8243; _builder_version=&#8221;4.16&#8243; _module_preset=&#8221;default&#8221; global_colors_info=&#8221;{}&#8221;][et_pb_image src=&#8221;https:\/\/mealpass.hr\/wp-content\/uploads\/2021\/10\/discover-card4683-1.jpg&#8221; title_text=&#8221;odkrijte-kartico4683&#8243; url=&#8221;https:\/\/www.discover.com\/&#8221; _builder_version=&#8221;4.16&#8243; _module_preset=&#8221;default&#8221; max_width=&#8221;65%&#8221; module_alignment=&#8221;center&#8221; global_colors_info=&#8221;{}&#8221;][\/et_pb_image][\/et_pb_column][\/et_pb_row][\/et_pb_section]<\/p>\n<span class=\"et_bloom_bottom_trigger\"><\/span>","protected":false},"excerpt":{"rendered":"<p>Pla\u010dilni pogoji storitve MealPass za uporabnike &nbsp; MealPass je aplikacija, ki svojim uporabnikom omogo\u010da u\u017eivanje hrane in pija\u010de v vseh gostinskih obratih \u2013 partnerjih MealPass, s popustom do 14 % (\u00bb MealPass \u00ab). &nbsp; Ti pogoji pla\u010dila storitev MealPass za uporabnike (\u00bb Pogoji \u00ab) urejajo na\u010din pla\u010dila in uporabe finan\u010dnih sredstev na ra\u010dun MealPass s [&hellip;]<\/p>\n","protected":false},"author":1,"featured_media":0,"parent":0,"menu_order":0,"comment_status":"closed","ping_status":"closed","template":"","meta":{"_et_pb_use_builder":"on","_et_pb_old_content":"","_et_gb_content_width":"","footnotes":""},"yoast_head":"<!-- This site is optimized with the Yoast SEO plugin v24.5 - https:\/\/yoast.com\/wordpress\/plugins\/seo\/ -->\n<title>Splo\u0161ni pla\u010dilni pogoji %%sep% Obrok<\/title>\n<meta name=\"robots\" content=\"index, follow, max-snippet:-1, max-image-preview:large, max-video-preview:-1\" \/>\n<link rel=\"canonical\" href=\"https:\/\/mealpass.hr\/sl\/?page_id=3036\" \/>\n<meta property=\"og:locale\" content=\"sl_SI\" \/>\n<meta property=\"og:type\" content=\"article\" \/>\n<meta property=\"og:title\" content=\"Splo\u0161ni pla\u010dilni pogoji %%sep% Obrok\" \/>\n<meta property=\"og:description\" content=\"Pla\u010dilni pogoji storitve MealPass za uporabnike &nbsp; MealPass je aplikacija, ki svojim uporabnikom omogo\u010da u\u017eivanje hrane in pija\u010de v vseh gostinskih obratih \u2013 partnerjih MealPass, s popustom do 14 % (\u00bb MealPass \u00ab). &nbsp; Ti pogoji pla\u010dila storitev MealPass za uporabnike (\u00bb Pogoji \u00ab) urejajo na\u010din pla\u010dila in uporabe finan\u010dnih sredstev na ra\u010dun MealPass s [&hellip;]\" \/>\n<meta property=\"og:url\" content=\"https:\/\/mealpass.hr\/sl\/?page_id=3036\" \/>\n<meta property=\"og:site_name\" content=\"Meal pass\" \/>\n<meta property=\"article:publisher\" content=\"https:\/\/www.facebook.com\/MealPass\/\" \/>\n<meta property=\"article:modified_time\" content=\"2025-10-14T21:47:53+00:00\" \/>\n<meta property=\"og:image\" content=\"https:\/\/mealpass.hr\/wp-content\/uploads\/2020\/10\/mealpass_crveno_FINAL_FINAL.png\" \/>\n\t<meta property=\"og:image:width\" content=\"1181\" \/>\n\t<meta property=\"og:image:height\" content=\"643\" \/>\n\t<meta property=\"og:image:type\" content=\"image\/png\" \/>\n<meta name=\"twitter:card\" content=\"summary_large_image\" \/>\n<meta name=\"twitter:label1\" content=\"Est. reading time\" \/>\n\t<meta name=\"twitter:data1\" content=\"9 minut\" \/>\n<script type=\"application\/ld+json\" class=\"yoast-schema-graph\">{\"@context\":\"https:\/\/schema.org\",\"@graph\":[{\"@type\":\"WebPage\",\"@id\":\"https:\/\/mealpass.hr\/sl\/?page_id=3036\",\"url\":\"https:\/\/mealpass.hr\/sl\/?page_id=3036\",\"name\":\"Splo\u0161ni pla\u010dilni pogoji %%sep% Obrok\",\"isPartOf\":{\"@id\":\"https:\/\/mealpass.hr\/#website\"},\"datePublished\":\"2021-10-24T19:11:07+00:00\",\"dateModified\":\"2025-10-14T21:47:53+00:00\",\"breadcrumb\":{\"@id\":\"https:\/\/mealpass.hr\/sl\/?page_id=3036#breadcrumb\"},\"inLanguage\":\"sl-SI\",\"potentialAction\":[{\"@type\":\"ReadAction\",\"target\":[\"https:\/\/mealpass.hr\/sl\/?page_id=3036\"]}]},{\"@type\":\"BreadcrumbList\",\"@id\":\"https:\/\/mealpass.hr\/sl\/?page_id=3036#breadcrumb\",\"itemListElement\":[{\"@type\":\"ListItem\",\"position\":1,\"name\":\"Home\",\"item\":\"https:\/\/mealpass.hr\/sl\/domov\/\"},{\"@type\":\"ListItem\",\"position\":2,\"name\":\"Splo\u0161ni pla\u010dilni pogoji\"}]},{\"@type\":\"WebSite\",\"@id\":\"https:\/\/mealpass.hr\/#website\",\"url\":\"https:\/\/mealpass.hr\/\",\"name\":\"MealPass\",\"description\":\"Jedi vi\u0161e, plati manje\",\"publisher\":{\"@id\":\"https:\/\/mealpass.hr\/#organization\"},\"potentialAction\":[{\"@type\":\"SearchAction\",\"target\":{\"@type\":\"EntryPoint\",\"urlTemplate\":\"https:\/\/mealpass.hr\/?s={search_term_string}\"},\"query-input\":{\"@type\":\"PropertyValueSpecification\",\"valueRequired\":true,\"valueName\":\"search_term_string\"}}],\"inLanguage\":\"sl-SI\"},{\"@type\":\"Organization\",\"@id\":\"https:\/\/mealpass.hr\/#organization\",\"name\":\"MealPass Hrvatska\",\"alternateName\":\"MealPass\",\"url\":\"https:\/\/mealpass.hr\/\",\"logo\":{\"@type\":\"ImageObject\",\"inLanguage\":\"sl-SI\",\"@id\":\"https:\/\/mealpass.hr\/#\/schema\/logo\/image\/\",\"url\":\"https:\/\/mealpass.hr\/wp-content\/uploads\/2022\/08\/ikona.png\",\"contentUrl\":\"https:\/\/mealpass.hr\/wp-content\/uploads\/2022\/08\/ikona.png\",\"width\":117,\"height\":117,\"caption\":\"MealPass Hrvatska\"},\"image\":{\"@id\":\"https:\/\/mealpass.hr\/#\/schema\/logo\/image\/\"},\"sameAs\":[\"https:\/\/www.facebook.com\/MealPass\/\",\"https:\/\/www.linkedin.com\/company\/mealpass-croatia\/\"]}]}<\/script>\n<!-- \/ Yoast SEO plugin. -->","yoast_head_json":{"title":"Splo\u0161ni pla\u010dilni pogoji %%sep% Obrok","robots":{"index":"index","follow":"follow","max-snippet":"max-snippet:-1","max-image-preview":"max-image-preview:large","max-video-preview":"max-video-preview:-1"},"canonical":"https:\/\/mealpass.hr\/sl\/?page_id=3036","og_locale":"sl_SI","og_type":"article","og_title":"Splo\u0161ni pla\u010dilni pogoji %%sep% Obrok","og_description":"Pla\u010dilni pogoji storitve MealPass za uporabnike &nbsp; MealPass je aplikacija, ki svojim uporabnikom omogo\u010da u\u017eivanje hrane in pija\u010de v vseh gostinskih obratih \u2013 partnerjih MealPass, s popustom do 14 % (\u00bb MealPass \u00ab). &nbsp; Ti pogoji pla\u010dila storitev MealPass za uporabnike (\u00bb Pogoji \u00ab) urejajo na\u010din pla\u010dila in uporabe finan\u010dnih sredstev na ra\u010dun MealPass s [&hellip;]","og_url":"https:\/\/mealpass.hr\/sl\/?page_id=3036","og_site_name":"Meal pass","article_publisher":"https:\/\/www.facebook.com\/MealPass\/","article_modified_time":"2025-10-14T21:47:53+00:00","og_image":[{"width":1181,"height":643,"url":"https:\/\/mealpass.hr\/wp-content\/uploads\/2020\/10\/mealpass_crveno_FINAL_FINAL.png","type":"image\/png"}],"twitter_card":"summary_large_image","twitter_misc":{"Est. reading time":"9 minut"},"schema":{"@context":"https:\/\/schema.org","@graph":[{"@type":"WebPage","@id":"https:\/\/mealpass.hr\/sl\/?page_id=3036","url":"https:\/\/mealpass.hr\/sl\/?page_id=3036","name":"Splo\u0161ni pla\u010dilni pogoji %%sep% Obrok","isPartOf":{"@id":"https:\/\/mealpass.hr\/#website"},"datePublished":"2021-10-24T19:11:07+00:00","dateModified":"2025-10-14T21:47:53+00:00","breadcrumb":{"@id":"https:\/\/mealpass.hr\/sl\/?page_id=3036#breadcrumb"},"inLanguage":"sl-SI","potentialAction":[{"@type":"ReadAction","target":["https:\/\/mealpass.hr\/sl\/?page_id=3036"]}]},{"@type":"BreadcrumbList","@id":"https:\/\/mealpass.hr\/sl\/?page_id=3036#breadcrumb","itemListElement":[{"@type":"ListItem","position":1,"name":"Home","item":"https:\/\/mealpass.hr\/sl\/domov\/"},{"@type":"ListItem","position":2,"name":"Splo\u0161ni pla\u010dilni pogoji"}]},{"@type":"WebSite","@id":"https:\/\/mealpass.hr\/#website","url":"https:\/\/mealpass.hr\/","name":"MealPass","description":"Jedi vi\u0161e, plati manje","publisher":{"@id":"https:\/\/mealpass.hr\/#organization"},"potentialAction":[{"@type":"SearchAction","target":{"@type":"EntryPoint","urlTemplate":"https:\/\/mealpass.hr\/?s={search_term_string}"},"query-input":{"@type":"PropertyValueSpecification","valueRequired":true,"valueName":"search_term_string"}}],"inLanguage":"sl-SI"},{"@type":"Organization","@id":"https:\/\/mealpass.hr\/#organization","name":"MealPass Hrvatska","alternateName":"MealPass","url":"https:\/\/mealpass.hr\/","logo":{"@type":"ImageObject","inLanguage":"sl-SI","@id":"https:\/\/mealpass.hr\/#\/schema\/logo\/image\/","url":"https:\/\/mealpass.hr\/wp-content\/uploads\/2022\/08\/ikona.png","contentUrl":"https:\/\/mealpass.hr\/wp-content\/uploads\/2022\/08\/ikona.png","width":117,"height":117,"caption":"MealPass Hrvatska"},"image":{"@id":"https:\/\/mealpass.hr\/#\/schema\/logo\/image\/"},"sameAs":["https:\/\/www.facebook.com\/MealPass\/","https:\/\/www.linkedin.com\/company\/mealpass-croatia\/"]}]}},"_links":{"self":[{"href":"https:\/\/mealpass.hr\/sl\/wp-json\/wp\/v2\/pages\/3036"}],"collection":[{"href":"https:\/\/mealpass.hr\/sl\/wp-json\/wp\/v2\/pages"}],"about":[{"href":"https:\/\/mealpass.hr\/sl\/wp-json\/wp\/v2\/types\/page"}],"author":[{"embeddable":true,"href":"https:\/\/mealpass.hr\/sl\/wp-json\/wp\/v2\/users\/1"}],"replies":[{"embeddable":true,"href":"https:\/\/mealpass.hr\/sl\/wp-json\/wp\/v2\/comments?post=3036"}],"version-history":[{"count":5,"href":"https:\/\/mealpass.hr\/sl\/wp-json\/wp\/v2\/pages\/3036\/revisions"}],"predecessor-version":[{"id":3043,"href":"https:\/\/mealpass.hr\/sl\/wp-json\/wp\/v2\/pages\/3036\/revisions\/3043"}],"wp:attachment":[{"href":"https:\/\/mealpass.hr\/sl\/wp-json\/wp\/v2\/media?parent=3036"}],"curies":[{"name":"wp","href":"https:\/\/api.w.org\/{rel}","templated":true}]}}