{"id":3002,"date":"2021-08-30T19:36:32","date_gmt":"2021-08-30T18:36:32","guid":{"rendered":"https:\/\/mealpass.hr\/izjava-o-varnosti-spletnih-placil\/"},"modified":"2025-10-14T22:47:42","modified_gmt":"2025-10-14T21:47:42","slug":"izjava-o-varnosti-spletnih-placil","status":"publish","type":"page","link":"https:\/\/mealpass.hr\/sl\/izjava-o-varnosti-spletnih-placil\/","title":{"rendered":"Izjava o varnosti spletnih pla\u010dil"},"content":{"rendered":"<p>[et_pb_section fb_built=&#8221;1&#8243; _builder_version=&#8221;4.16&#8243; custom_padding=&#8221;||3px|||&#8221; global_colors_info=&#8221;{}&#8221;][et_pb_row _builder_version=&#8221;4.16&#8243; background_size=&#8221;initial&#8221; background_position=&#8221;top_left&#8221; background_repeat=&#8221;repeat&#8221; custom_padding=&#8221;||0px|||&#8221; global_colors_info=&#8221;{}&#8221;][et_pb_column type=&#8221;4_4&#8243; _builder_version=&#8221;4.16&#8243; custom_padding=&#8221;|||&#8221; global_colors_info=&#8221;{}&#8221; custom_padding__hover=&#8221;|||&#8221;][et_pb_text _builder_version=&#8221;4.16&#8243; header_2_font=&#8221;Abril Fatface||||||||&#8221; background_size=&#8221;initial&#8221; background_position=&#8221;top_left&#8221; background_repeat=&#8221;repeat&#8221; custom_margin=&#8221;||1px|||&#8221; custom_padding=&#8221;||0px|||&#8221; global_colors_info=&#8221;{}&#8221;]<\/p>\n<h2><!-- divi:heading --><strong>IZJAVA O VARNOSTI SPLETNIH PLA\u010cIL<br \/><\/strong><\/h2>\n<p><strong><\/strong><\/p>\n<p><strong><\/strong><\/p>\n<p><span style=\"font-size: 14px;\">Pri pla\u010dilu v na\u0161i spletni trgovini uporabite CorvusPay &#8211; napreden sistem za varno sprejemanje pla\u010dilnih kartic.<br \/> prek interneta.<br \/> Sistem CorvusPay zagotavlja popolno zaupnost va\u0161e kartice in osebnih podatkov od trenutka, ko jih vnesete.<br \/> vnesite ga v pla\u010dilni obrazec CorvusPay. Podatki o pla\u010dilu se iz va\u0161ega spletnega brskalnika v banko prenesejo \u0161ifrirano.<br \/> kdo je izdal va\u0161o kartico. Na\u0161a trgovina nikoli ne pride v stik z va\u0161imi popolnimi podatki o pla\u010dilu.<br \/> kartica. Prav tako podatki niso dostopni niti zaposlenim v sistemu CorvusPay. Izolirano jedro neodvisno<br \/> prena\u0161a in upravlja ob\u010dutljive podatke ter jih tako popolnoma varuje.<br \/> Obrazec za vnos podatkov o pla\u010dilu je zavarovan z najvi\u0161jo stopnjo zanesljivosti SSL transportnega \u0161ifriranja. Vse shranjeno<br \/> podatki so dodatno za\u0161\u010diteni s \u0161ifriranjem z uporabo kriptografske naprave s certifikatom FIPS<br \/> Standard 140-2 stopnje 3. CorvusPay izpolnjuje vse zahteve glede varnosti spletnih pla\u010dil, ki jih predpisuje<br \/> vodilnih blagovnih znamk kartic, tj. deluje v skladu s standardom \u2013 PCI DSS Level 1 \u2013 najvi\u0161jim varnostnim standardom<br \/> standard v industriji pla\u010dilnih kartic. Pri pla\u010dilu s karticami, ki so vklju\u010dene v program 3-D Secure, va\u0161a banka z<br \/> Veljavnost same kartice dodatno potrdi va\u0161a identiteta z \u017eetonom ali geslom.<br \/> Corvus Pay vse zbrane podatke obravnava kot zaupne in z njimi ustrezno ravna. Informacije se uporabljajo<br \/> izklju\u010dno za namene, za katere so namenjeni. Va\u0161i ob\u010dutljivi podatki so popolnoma varni, njihova zasebnost pa je zagotovljena.<br \/> je zagotovljeno z najsodobnej\u0161imi za\u0161\u010ditnimi mehanizmi. Zbirajo se samo podatki, ki so potrebni za opravljanje dela<br \/> v skladu s predpisanimi zahtevnimi postopki za spletno pla\u010devanje.<br \/> Varnostni nadzor in operativni postopki, ki se uporabljajo v na\u0161i infrastrukturi, zagotavljajo trenutno<br \/> zanesljivost sistema CorvusPay. Poleg tega z vzdr\u017eevanjem strogega nadzora dostopa, rednim varnostnim spremljanjem<br \/> in poglobljene preglede za prepre\u010devanje ranljivosti omre\u017eja ter na\u010drtovano izvajanje dolo\u010db o informacijah<br \/> varnost trajno vzdr\u017euje in izbolj\u0161uje raven varnosti sistema z za\u0161\u010dito podatkov va\u0161e kartice.<br \/> Hvala, ker uporabljate CorvusPay!<br \/> Varnost spletnih pla\u010dil<br \/> Pri pla\u010dilih v na\u0161i spletni trgovini uporabljate CorvusPay \u2013 napreden sistem za varnost.<br \/> sprejemanje kreditnih kartic na internetu.<br \/> Sistem CorvusPay zagotavlja popolno zasebnost podatkov o va\u0161i kreditni kartici in osebnih podatkov od trenutka<br \/> vnesete jih v pla\u010dilni obrazec CorvusPay. Podatki, potrebni za obra\u010dunavanje, se posredujejo \u0161ifrirano iz<br \/> spletni brskalnik do banke, ki vam je izdala pla\u010dilno kartico. Na\u0161a trgovina nikoli ne pride v stik z<br \/> va\u0161e ob\u010dutljive podatke o pla\u010dilnih karticah. Prav tako operaterji CorvusPay ne morejo dostopati do celotnega imena imetnika kartice.<br \/> dano. Izolirano sistemsko jedro neodvisno prena\u0161a in upravlja ob\u010dutljive podatke, hkrati pa<br \/> da ga ohranimo popolnoma varnega.<br \/> Obrazec za vnos podatkov o pla\u010dilu je zavarovan s \u0161ifriranjem SSL za prenos najve\u010dje zanesljivosti. Vse<br \/> Shranjeni podatki so dodatno za\u0161\u010diteni z visokokakovostnim \u0161ifriranjem z uporabo strojne opreme, certificirane po standardu FIPS 140 2<br \/> Standard 3. stopnje. CorvusPay izpolnjuje vse zahteve za varno spletno pla\u010devanje, ki jih predpisuje<br \/> vodilne blagovne znamke kreditnih kartic, ki delujejo v skladu s standardom PCI DSS Level 1 &#8211; najvi\u0161ja varnost<br \/> standard industrije pla\u010dilnih kartic. Pla\u010dila, opravljena s karticami, registriranimi v programu 3-D Secure, so<br \/> dodatno overi banka izdajateljica, ki potrdi va\u0161o identiteto z uporabo \u017eetona ali<br \/> geslo.<br \/> Vsi podatki, ki jih zbere Corvus Pay, se \u0161tejejo za zaupne in se z njimi ustrezno ravna. Informacije so<br \/> uporabljajo izklju\u010dno za namene, za katere so bili namenjeni. Va\u0161i ob\u010dutljivi podatki so v celoti<br \/> varno in njegovo zasebnost zagotavljajo najsodobnej\u0161i za\u0161\u010ditni mehanizmi. Zbiramo samo podatke.<br \/> potrebno za opravljanje dela v skladu z zahtevnimi predpisanimi postopki za spletno<br \/> pla\u010dilo.<br \/> Varnostni nadzor in operativni postopki, ki se uporabljajo znotraj infrastrukture CorvusPay, ne zagotavljajo le<br \/> trenutno zanesljivost CorvusPay, vendar trajno ohranjati in izbolj\u0161evati varnostne ravni za\u0161\u010dite<br \/> podatke o va\u0161i kreditni kartici z vzdr\u017eevanjem strogih kontrol dostopa, redne varnosti in poglobljenega sistema<br \/> pregledi za prepre\u010devanje ranljivosti omre\u017eja.<br \/> Hvala, ker uporabljate CorvusPay!  <\/span><\/p>\n<p>&nbsp;<\/p>\n<p><span> <\/span><br \/> <!-- \/divi:heading --><\/p>\n<p>[\/et_pb_text][et_pb_text _builder_version=&#8221;4.16&#8243; _module_preset=&#8221;default&#8221; global_colors_info=&#8221;{}&#8221;]<\/p>\n<h3><strong>Mo\u017enosti pla\u010dila<\/strong><\/h3>\n<p>[\/et_pb_text][\/et_pb_column][\/et_pb_row][\/et_pb_section][et_pb_section fb_built=&#8221;1&#8243; _builder_version=&#8221;4.6.3&#8243; _module_preset=&#8221;default&#8221; custom_padding=&#8221;3px||2px|||&#8221; global_module=&#8221;440&#8243; global_colors_info=&#8221;{}&#8221;][et_pb_row column_structure=&#8221;1_6,1_6,1_6,1_6,1_6,1_6&#8243; _builder_version=&#8221;4.16&#8243; _module_preset=&#8221;default&#8221; custom_padding=&#8221;19px||16px|||&#8221; global_colors_info=&#8221;{}&#8221;][et_pb_column type=&#8221;1_6&#8243; _builder_version=&#8221;4.16&#8243; _module_preset=&#8221;default&#8221; global_colors_info=&#8221;{}&#8221;][et_pb_image src=&#8221;https:\/\/mealpass.hr\/wp-content\/uploads\/2021\/08\/CorvusPAY.png&#8221; title_text=&#8221;CorvusPAY&#8221; _builder_version=&#8221;4.16&#8243; _module_preset=&#8221;default&#8221; global_colors_info=&#8221;{}&#8221;][\/et_pb_image][\/et_pb_column][et_pb_column type=&#8221;1_6&#8243; _builder_version=&#8221;4.16&#8243; _module_preset=&#8221;default&#8221; global_colors_info=&#8221;{}&#8221;][et_pb_image src=&#8221;https:\/\/mealpass.hr\/wp-content\/uploads\/2021\/10\/DCI_logo.jpg&#8221; title_text=&#8221;logotip_DCI&#8221; url=&#8221;https:\/\/www.diners.hr\/hr&#8221; _builder_version=&#8221;4.16&#8243; _module_preset=&#8221;default&#8221; global_colors_info=&#8221;{}&#8221;][\/et_pb_image][\/et_pb_column][et_pb_column type=&#8221;1_6&#8243; _builder_version=&#8221;4.16&#8243; _module_preset=&#8221;default&#8221; global_colors_info=&#8221;{}&#8221;][et_pb_image src=&#8221;https:\/\/mealpass.hr\/wp-content\/uploads\/2021\/08\/Visa50.gif&#8221; title_text=&#8221;Visa50&#8243; url=&#8221;http:\/\/www.visa.com.hr\/&#8221; _builder_version=&#8221;4.16&#8243; _module_preset=&#8221;default&#8221; global_colors_info=&#8221;{}&#8221;][\/et_pb_image][\/et_pb_column][et_pb_column type=&#8221;1_6&#8243; _builder_version=&#8221;4.16&#8243; _module_preset=&#8221;default&#8221; global_colors_info=&#8221;{}&#8221;][et_pb_image src=&#8221;https:\/\/mealpass.hr\/wp-content\/uploads\/2021\/08\/maestro50.gif&#8221; title_text=&#8221;maestro50&#8243; url=&#8221;https:\/\/www.mastercard.hr\/hr-hr\/consumers\/find-card-products\/debit-cards\/maestro-debit.html&#8221; _builder_version=&#8221;4.16&#8243; _module_preset=&#8221;default&#8221; global_colors_info=&#8221;{}&#8221;][\/et_pb_image][\/et_pb_column][et_pb_column type=&#8221;1_6&#8243; _builder_version=&#8221;4.16&#8243; _module_preset=&#8221;default&#8221; global_colors_info=&#8221;{}&#8221;][et_pb_image src=&#8221;https:\/\/mealpass.hr\/wp-content\/uploads\/2021\/08\/MasterCard50.gif&#8221; title_text=&#8221;MasterCard50&#8243; url=&#8221;https:\/\/www.mastercard.hr\/hr-hr.html&#8221; _builder_version=&#8221;4.16&#8243; _module_preset=&#8221;default&#8221; global_colors_info=&#8221;{}&#8221;][\/et_pb_image][\/et_pb_column][et_pb_column type=&#8221;1_6&#8243; _builder_version=&#8221;4.16&#8243; _module_preset=&#8221;default&#8221; global_colors_info=&#8221;{}&#8221;][et_pb_image src=&#8221;https:\/\/mealpass.hr\/wp-content\/uploads\/2021\/10\/discover-card4683-1.jpg&#8221; title_text=&#8221;odkrijte-kartico4683&#8243; url=&#8221;https:\/\/www.discover.com\/&#8221; _builder_version=&#8221;4.16&#8243; _module_preset=&#8221;default&#8221; max_width=&#8221;65%&#8221; module_alignment=&#8221;center&#8221; global_colors_info=&#8221;{}&#8221;][\/et_pb_image][\/et_pb_column][\/et_pb_row][\/et_pb_section]<\/p>\n<span class=\"et_bloom_bottom_trigger\"><\/span>","protected":false},"excerpt":{"rendered":"<p>IZJAVA O VARNOSTI SPLETNIH PLA\u010cIL Pri pla\u010dilu v na\u0161i spletni trgovini uporabite CorvusPay &#8211; napreden sistem za varno sprejemanje pla\u010dilnih kartic. prek interneta. Sistem CorvusPay zagotavlja popolno zaupnost va\u0161e kartice in osebnih podatkov od trenutka, ko jih vnesete. vnesite ga v pla\u010dilni obrazec CorvusPay. Podatki o pla\u010dilu se iz va\u0161ega spletnega brskalnika v banko prenesejo [&hellip;]<\/p>\n","protected":false},"author":1,"featured_media":0,"parent":0,"menu_order":0,"comment_status":"closed","ping_status":"closed","template":"","meta":{"_et_pb_use_builder":"on","_et_pb_old_content":"","_et_gb_content_width":"","footnotes":""},"yoast_head":"<!-- This site is optimized with the Yoast SEO plugin v24.5 - https:\/\/yoast.com\/wordpress\/plugins\/seo\/ -->\n<title>Izjava o varnosti spletnih pla\u010dil %%sep% Obrok<\/title>\n<meta name=\"robots\" content=\"index, follow, max-snippet:-1, max-image-preview:large, max-video-preview:-1\" \/>\n<link rel=\"canonical\" href=\"https:\/\/mealpass.hr\/sl\/?page_id=3002\" \/>\n<meta property=\"og:locale\" content=\"sl_SI\" \/>\n<meta property=\"og:type\" content=\"article\" \/>\n<meta property=\"og:title\" content=\"Izjava o varnosti spletnih pla\u010dil %%sep% Obrok\" \/>\n<meta property=\"og:description\" content=\"IZJAVA O VARNOSTI SPLETNIH PLA\u010cIL Pri pla\u010dilu v na\u0161i spletni trgovini uporabite CorvusPay - napreden sistem za varno sprejemanje pla\u010dilnih kartic. prek interneta. Sistem CorvusPay zagotavlja popolno zaupnost va\u0161e kartice in osebnih podatkov od trenutka, ko jih vnesete. vnesite ga v pla\u010dilni obrazec CorvusPay. Podatki o pla\u010dilu se iz va\u0161ega spletnega brskalnika v banko prenesejo [&hellip;]\" \/>\n<meta property=\"og:url\" content=\"https:\/\/mealpass.hr\/sl\/?page_id=3002\" \/>\n<meta property=\"og:site_name\" content=\"Meal pass\" \/>\n<meta property=\"article:publisher\" content=\"https:\/\/www.facebook.com\/MealPass\/\" \/>\n<meta property=\"article:modified_time\" content=\"2025-10-14T21:47:42+00:00\" \/>\n<meta property=\"og:image\" content=\"https:\/\/mealpass.hr\/wp-content\/uploads\/2020\/10\/mealpass_crveno_FINAL_FINAL.png\" \/>\n\t<meta property=\"og:image:width\" content=\"1181\" \/>\n\t<meta property=\"og:image:height\" content=\"643\" \/>\n\t<meta property=\"og:image:type\" content=\"image\/png\" \/>\n<meta name=\"twitter:card\" content=\"summary_large_image\" \/>\n<meta name=\"twitter:label1\" content=\"Est. reading time\" \/>\n\t<meta name=\"twitter:data1\" content=\"6 minut\" \/>\n<script type=\"application\/ld+json\" class=\"yoast-schema-graph\">{\"@context\":\"https:\/\/schema.org\",\"@graph\":[{\"@type\":\"WebPage\",\"@id\":\"https:\/\/mealpass.hr\/sl\/?page_id=3002\",\"url\":\"https:\/\/mealpass.hr\/sl\/?page_id=3002\",\"name\":\"Izjava o varnosti spletnih pla\u010dil %%sep% Obrok\",\"isPartOf\":{\"@id\":\"https:\/\/mealpass.hr\/#website\"},\"datePublished\":\"2021-08-30T18:36:32+00:00\",\"dateModified\":\"2025-10-14T21:47:42+00:00\",\"breadcrumb\":{\"@id\":\"https:\/\/mealpass.hr\/sl\/?page_id=3002#breadcrumb\"},\"inLanguage\":\"sl-SI\",\"potentialAction\":[{\"@type\":\"ReadAction\",\"target\":[\"https:\/\/mealpass.hr\/sl\/?page_id=3002\"]}]},{\"@type\":\"BreadcrumbList\",\"@id\":\"https:\/\/mealpass.hr\/sl\/?page_id=3002#breadcrumb\",\"itemListElement\":[{\"@type\":\"ListItem\",\"position\":1,\"name\":\"Home\",\"item\":\"https:\/\/mealpass.hr\/sl\/domov\/\"},{\"@type\":\"ListItem\",\"position\":2,\"name\":\"Izjava o varnosti spletnih pla\u010dil\"}]},{\"@type\":\"WebSite\",\"@id\":\"https:\/\/mealpass.hr\/#website\",\"url\":\"https:\/\/mealpass.hr\/\",\"name\":\"MealPass\",\"description\":\"Jedi vi\u0161e, plati manje\",\"publisher\":{\"@id\":\"https:\/\/mealpass.hr\/#organization\"},\"potentialAction\":[{\"@type\":\"SearchAction\",\"target\":{\"@type\":\"EntryPoint\",\"urlTemplate\":\"https:\/\/mealpass.hr\/?s={search_term_string}\"},\"query-input\":{\"@type\":\"PropertyValueSpecification\",\"valueRequired\":true,\"valueName\":\"search_term_string\"}}],\"inLanguage\":\"sl-SI\"},{\"@type\":\"Organization\",\"@id\":\"https:\/\/mealpass.hr\/#organization\",\"name\":\"MealPass Hrvatska\",\"alternateName\":\"MealPass\",\"url\":\"https:\/\/mealpass.hr\/\",\"logo\":{\"@type\":\"ImageObject\",\"inLanguage\":\"sl-SI\",\"@id\":\"https:\/\/mealpass.hr\/#\/schema\/logo\/image\/\",\"url\":\"https:\/\/mealpass.hr\/wp-content\/uploads\/2022\/08\/ikona.png\",\"contentUrl\":\"https:\/\/mealpass.hr\/wp-content\/uploads\/2022\/08\/ikona.png\",\"width\":117,\"height\":117,\"caption\":\"MealPass Hrvatska\"},\"image\":{\"@id\":\"https:\/\/mealpass.hr\/#\/schema\/logo\/image\/\"},\"sameAs\":[\"https:\/\/www.facebook.com\/MealPass\/\",\"https:\/\/www.linkedin.com\/company\/mealpass-croatia\/\"]}]}<\/script>\n<!-- \/ Yoast SEO plugin. -->","yoast_head_json":{"title":"Izjava o varnosti spletnih pla\u010dil %%sep% Obrok","robots":{"index":"index","follow":"follow","max-snippet":"max-snippet:-1","max-image-preview":"max-image-preview:large","max-video-preview":"max-video-preview:-1"},"canonical":"https:\/\/mealpass.hr\/sl\/?page_id=3002","og_locale":"sl_SI","og_type":"article","og_title":"Izjava o varnosti spletnih pla\u010dil %%sep% Obrok","og_description":"IZJAVA O VARNOSTI SPLETNIH PLA\u010cIL Pri pla\u010dilu v na\u0161i spletni trgovini uporabite CorvusPay - napreden sistem za varno sprejemanje pla\u010dilnih kartic. prek interneta. Sistem CorvusPay zagotavlja popolno zaupnost va\u0161e kartice in osebnih podatkov od trenutka, ko jih vnesete. vnesite ga v pla\u010dilni obrazec CorvusPay. Podatki o pla\u010dilu se iz va\u0161ega spletnega brskalnika v banko prenesejo [&hellip;]","og_url":"https:\/\/mealpass.hr\/sl\/?page_id=3002","og_site_name":"Meal pass","article_publisher":"https:\/\/www.facebook.com\/MealPass\/","article_modified_time":"2025-10-14T21:47:42+00:00","og_image":[{"width":1181,"height":643,"url":"https:\/\/mealpass.hr\/wp-content\/uploads\/2020\/10\/mealpass_crveno_FINAL_FINAL.png","type":"image\/png"}],"twitter_card":"summary_large_image","twitter_misc":{"Est. reading time":"6 minut"},"schema":{"@context":"https:\/\/schema.org","@graph":[{"@type":"WebPage","@id":"https:\/\/mealpass.hr\/sl\/?page_id=3002","url":"https:\/\/mealpass.hr\/sl\/?page_id=3002","name":"Izjava o varnosti spletnih pla\u010dil %%sep% Obrok","isPartOf":{"@id":"https:\/\/mealpass.hr\/#website"},"datePublished":"2021-08-30T18:36:32+00:00","dateModified":"2025-10-14T21:47:42+00:00","breadcrumb":{"@id":"https:\/\/mealpass.hr\/sl\/?page_id=3002#breadcrumb"},"inLanguage":"sl-SI","potentialAction":[{"@type":"ReadAction","target":["https:\/\/mealpass.hr\/sl\/?page_id=3002"]}]},{"@type":"BreadcrumbList","@id":"https:\/\/mealpass.hr\/sl\/?page_id=3002#breadcrumb","itemListElement":[{"@type":"ListItem","position":1,"name":"Home","item":"https:\/\/mealpass.hr\/sl\/domov\/"},{"@type":"ListItem","position":2,"name":"Izjava o varnosti spletnih pla\u010dil"}]},{"@type":"WebSite","@id":"https:\/\/mealpass.hr\/#website","url":"https:\/\/mealpass.hr\/","name":"MealPass","description":"Jedi vi\u0161e, plati manje","publisher":{"@id":"https:\/\/mealpass.hr\/#organization"},"potentialAction":[{"@type":"SearchAction","target":{"@type":"EntryPoint","urlTemplate":"https:\/\/mealpass.hr\/?s={search_term_string}"},"query-input":{"@type":"PropertyValueSpecification","valueRequired":true,"valueName":"search_term_string"}}],"inLanguage":"sl-SI"},{"@type":"Organization","@id":"https:\/\/mealpass.hr\/#organization","name":"MealPass Hrvatska","alternateName":"MealPass","url":"https:\/\/mealpass.hr\/","logo":{"@type":"ImageObject","inLanguage":"sl-SI","@id":"https:\/\/mealpass.hr\/#\/schema\/logo\/image\/","url":"https:\/\/mealpass.hr\/wp-content\/uploads\/2022\/08\/ikona.png","contentUrl":"https:\/\/mealpass.hr\/wp-content\/uploads\/2022\/08\/ikona.png","width":117,"height":117,"caption":"MealPass Hrvatska"},"image":{"@id":"https:\/\/mealpass.hr\/#\/schema\/logo\/image\/"},"sameAs":["https:\/\/www.facebook.com\/MealPass\/","https:\/\/www.linkedin.com\/company\/mealpass-croatia\/"]}]}},"_links":{"self":[{"href":"https:\/\/mealpass.hr\/sl\/wp-json\/wp\/v2\/pages\/3002"}],"collection":[{"href":"https:\/\/mealpass.hr\/sl\/wp-json\/wp\/v2\/pages"}],"about":[{"href":"https:\/\/mealpass.hr\/sl\/wp-json\/wp\/v2\/types\/page"}],"author":[{"embeddable":true,"href":"https:\/\/mealpass.hr\/sl\/wp-json\/wp\/v2\/users\/1"}],"replies":[{"embeddable":true,"href":"https:\/\/mealpass.hr\/sl\/wp-json\/wp\/v2\/comments?post=3002"}],"version-history":[{"count":2,"href":"https:\/\/mealpass.hr\/sl\/wp-json\/wp\/v2\/pages\/3002\/revisions"}],"predecessor-version":[{"id":3006,"href":"https:\/\/mealpass.hr\/sl\/wp-json\/wp\/v2\/pages\/3002\/revisions\/3006"}],"wp:attachment":[{"href":"https:\/\/mealpass.hr\/sl\/wp-json\/wp\/v2\/media?parent=3002"}],"curies":[{"name":"wp","href":"https:\/\/api.w.org\/{rel}","templated":true}]}}