{"id":2993,"date":"2022-03-12T15:46:45","date_gmt":"2022-03-12T14:46:45","guid":{"rendered":"https:\/\/mealpass.hr\/prenesi-aplikacijo\/"},"modified":"2026-03-14T19:46:49","modified_gmt":"2026-03-14T18:46:49","slug":"prenesi-aplikacijo","status":"publish","type":"page","link":"https:\/\/mealpass.hr\/sl\/prenesi-aplikacijo\/","title":{"rendered":"Prenesi aplikacijo"},"content":{"rendered":"<p>[et_pb_section fb_built=&#8221;1&#8243; admin_label=&#8221;Hero Section&#8221; _builder_version=&#8221;4.16&#8243; use_background_color_gradient=&#8221;on&#8221; background_color_gradient_direction=&#8221;146deg&#8221; background_color_gradient_stops=&#8221;#e02b20 0%|#e02b20 100%&#8221; background_color_gradient_start=&#8221;#e02b20&#8243; background_color_gradient_end=&#8221;#e02b20&#8243; min_height=&#8221;294.3px&#8221; custom_margin=&#8221;||-3px|||&#8221; custom_padding=&#8221;57px||0px|||&#8221; global_colors_info=&#8221;{}&#8221;][et_pb_row _builder_version=&#8221;4.16&#8243; background_size=&#8221;initial&#8221; background_position=&#8221;top_left&#8221; background_repeat=&#8221;repeat&#8221; custom_margin=&#8221;|auto|11px|auto||&#8221; custom_padding=&#8221;||0px|||&#8221; global_colors_info=&#8221;{}&#8221;][et_pb_column type=&#8221;4_4&#8243; _builder_version=&#8221;4.16&#8243; custom_padding=&#8221;|||&#8221; global_colors_info=&#8221;{}&#8221; custom_padding__hover=&#8221;|||&#8221;][et_pb_text admin_label=&#8221;Title&#8221; _builder_version=&#8221;4.16&#8243; text_font=&#8221;||||||||&#8221; header_font=&#8221;Montserrat|700|||||||&#8221; header_text_align=&#8221;center&#8221; header_font_size=&#8221;84px&#8221; background_layout=&#8221;dark&#8221; custom_margin=&#8221;||31px|||&#8221; animation_style=&#8221;zoom&#8221; animation_direction=&#8221;left&#8221; animation_intensity_zoom=&#8221;10%&#8221; header_font_size_tablet=&#8221;50px&#8221; header_font_size_phone=&#8221;&#8221; header_font_size_last_edited=&#8221;on|phone&#8221; global_colors_info=&#8221;{}&#8221;]<\/p>\n<h1>Prenesi aplikacijo<\/h1>\n<p>[\/et_pb_text][et_pb_divider color=&#8221;rgba(255,255,255,0.7)&#8221; divider_weight=&#8221;3px&#8221; _builder_version=&#8221;4.16&#8243; max_width=&#8221;100px&#8221; module_alignment=&#8221;center&#8221; animation_style=&#8221;zoom&#8221; animation_direction=&#8221;left&#8221; global_colors_info=&#8221;{}&#8221;][\/et_pb_divider][\/et_pb_column][\/et_pb_row][\/et_pb_section][et_pb_section fb_built=&#8221;1&#8243; admin_label=&#8221;About Section&#8221; _builder_version=&#8221;4.16&#8243; background_color_gradient_direction=&#8221;145deg&#8221; min_height=&#8221;901.3px&#8221; custom_margin=&#8221;|||&#8221; custom_padding=&#8221;0px||0px|||&#8221; top_divider_style=&#8221;slant&#8221; top_divider_color=&#8221;rgba(0,0,0,0.02)&#8221; top_divider_height=&#8221;60%&#8221; top_divider_flip=&#8221;horizontal&#8221; global_colors_info=&#8221;{}&#8221;][et_pb_row column_structure=&#8221;1_2,1_2&#8243; _builder_version=&#8221;4.16&#8243; custom_margin=&#8221;|||&#8221; custom_margin_phone=&#8221;30px|||&#8221; custom_margin_last_edited=&#8221;off|desktop&#8221; custom_padding=&#8221;||0px|||&#8221; locked=&#8221;off&#8221; global_colors_info=&#8221;{}&#8221;][et_pb_column type=&#8221;1_2&#8243; _builder_version=&#8221;4.16&#8243; custom_padding=&#8221;|||&#8221; global_colors_info=&#8221;{}&#8221; custom_padding__hover=&#8221;|||&#8221;][et_pb_image src=&#8221;https:\/\/mealpass.hr\/wp-content\/uploads\/2024\/02\/intro1.gif&#8221; title_text=&#8221;uvod1&#8243; force_fullwidth=&#8221;on&#8221; align_tablet=&#8221;center&#8221; align_phone=&#8221;center&#8221; align_last_edited=&#8221;on|desktop&#8221; _builder_version=&#8221;4.23.1&#8243; custom_margin=&#8221;-30%|||&#8221; custom_padding=&#8221;||0px|31px||&#8221; animation_style=&#8221;slide&#8221; animation_direction=&#8221;left&#8221; animation_intensity_slide=&#8221;5%&#8221; animation_starting_opacity=&#8221;100%&#8221; global_colors_info=&#8221;{}&#8221;][\/et_pb_image][\/et_pb_column][et_pb_column type=&#8221;1_2&#8243; _builder_version=&#8221;4.16&#8243; custom_padding=&#8221;||||false|false&#8221; custom_padding_tablet=&#8221;50px|||&#8221; custom_padding_phone=&#8221;50px|||&#8221; custom_padding_last_edited=&#8221;on|desktop&#8221; global_colors_info=&#8221;{}&#8221; padding_tablet=&#8221;50px|||&#8221; padding_last_edited=&#8221;on|desktop&#8221; custom_padding__hover=&#8221;|||&#8221; padding_phone=&#8221;50px|||&#8221;][et_pb_text admin_label=&#8221;Title&#8221; _builder_version=&#8221;4.16&#8243; text_font=&#8221;||||||||&#8221; header_font=&#8221;||||||||&#8221; header_2_font=&#8221;Montserrat|500|||||||&#8221; header_2_font_size=&#8221;30px&#8221; header_2_line_height=&#8221;1.3em&#8221; min_height=&#8221;179px&#8221; custom_margin=&#8221;-39px||5px|||&#8221; custom_padding=&#8221;29px||2px|||&#8221; animation_style=&#8221;slide&#8221; animation_direction=&#8221;right&#8221; animation_intensity_slide=&#8221;5%&#8221; animation_starting_opacity=&#8221;100%&#8221; global_colors_info=&#8221;{}&#8221;]<\/p>\n<h2><strong>Izkoristite popuste v restavracijah do 14 % in vsak dan odkrijte nove okuse!  <\/strong><\/h2>\n<h2><strong>Preizkusite MealPass 7 dni brezpla\u010dno!<\/strong><\/h2>\n<p>[\/et_pb_text][et_pb_divider color=&#8221;#4866ff&#8221; divider_weight=&#8221;3px&#8221; _builder_version=&#8221;4.16&#8243; max_width=&#8221;100px&#8221; animation_style=&#8221;slide&#8221; animation_direction=&#8221;right&#8221; animation_intensity_slide=&#8221;5%&#8221; animation_starting_opacity=&#8221;100%&#8221; global_colors_info=&#8221;{}&#8221;][\/et_pb_divider][et_pb_text _builder_version=&#8221;4.16&#8243; text_font=&#8221;Montserrat|300|||||||&#8221; text_font_size=&#8221;16px&#8221; text_line_height=&#8221;1.8em&#8221; custom_margin=&#8221;-25px|||||&#8221; custom_padding=&#8221;0px|0px||||&#8221; animation_style=&#8221;slide&#8221; animation_direction=&#8221;right&#8221; animation_intensity_slide=&#8221;5%&#8221; animation_starting_opacity=&#8221;100%&#8221; global_colors_info=&#8221;{}&#8221;]<\/p>\n<h1>Kako <strong>deluje MealPass?<\/strong><\/h1>\n<ul>\n<li>Prenesite aplikacijo in se registrirajte<\/li>\n<li>Izberite vrsto naro\u010dnine &#8211; poskusno, mese\u010dno ali letno<\/li>\n<li>Poi\u0161\u010dite \u017eeleno restavracijo na <strong><br \/>\n  <a href=\"https:\/\/mealpass.hr\/popis-lokacija\/\">seznamu<\/a><br \/>\n<\/strong> ali <strong><br \/>\n  <a href=\"https:\/\/mealpass.hr\/karta-lokacija\/\">zemljevidu<\/a><br \/>\n<\/strong><\/li>\n<li>U\u017eivajte v kosilu, ve\u010derji ali ve\u010dernem izhodu in <strong>pri pla\u010dilu osebju restavracije poka\u017eite animacijo v aplikaciji.<\/strong><\/li>\n<li>Za odpiranje animacije <strong>morate izbrati restavracijo, v kateri se nahajate.<\/strong><\/li>\n<li><strong>V restavracijah lahko pla\u010dujete z gotovino ali karticami<\/strong> , aplikacija MealPass pa se uporablja za pridobitev popustov.<\/li>\n<li><span>Z naro\u010dnino na MealPass je vsak obrok do <strong>14 %<\/strong> <strong>cenej\u0161i<\/strong> <\/span><\/li>\n<li><span>Vse restavracije v na\u0161i mre\u017ei imajo na vhodnih vratih znak Partnerstvo.<\/span><\/li>\n<li><span>Uporaba storitve MealPass ni \u010dasovno omejena, kar pomeni, da jo je mogo\u010de uporabljati v rednem odpiralnem \u010dasu restavracije.  <\/span><\/li>\n<li><span>Naro\u010dnina za uporabo aplikacije MealPass zna\u0161a le 2 EUR\/mesec oziroma 20 EUR\/leto.<\/span><\/li>\n<li><strong><br \/>\n  <span style=\"color: #e02b20;\">Dostava<\/span><br \/>\n<\/strong> je mo\u017ena tudi z MealPassom!<span><\/span><\/li>\n<\/ul>\n<p>[\/et_pb_text][\/et_pb_column][\/et_pb_row][et_pb_row column_structure=&#8221;1_4,1_4,1_4,1_4&#8243; _builder_version=&#8221;4.16&#8243; _module_preset=&#8221;default&#8221; custom_padding=&#8221;0px|||||&#8221; global_colors_info=&#8221;{}&#8221;][et_pb_column type=&#8221;1_4&#8243; _builder_version=&#8221;4.16&#8243; _module_preset=&#8221;default&#8221; global_colors_info=&#8221;{}&#8221;][et_pb_button button_url=&#8221;https:\/\/youtube.com\/shorts\/29FYzZDs5ew?si=xOfMG2GXTvJGodoa&#8221; button_text=&#8221;Oglejte si, kako uporabljati MealPass  &#8221; _builder_version=&#8221;4.23.1&#8243; _module_preset=&#8221;default&#8221; custom_button=&#8221;on&#8221; button_text_color=&#8221;#FFFFFF&#8221; button_bg_color=&#8221;#E02B20&#8243; button_border_color=&#8221;#000000&#8243; button_font=&#8221;|800|||||||&#8221; button_text_shadow_style=&#8221;preset5&#8243; global_colors_info=&#8221;{}&#8221;][\/et_pb_button][\/et_pb_column][et_pb_column type=&#8221;1_4&#8243; _builder_version=&#8221;4.16&#8243; _module_preset=&#8221;default&#8221; global_colors_info=&#8221;{}&#8221;][\/et_pb_column][et_pb_column type=&#8221;1_4&#8243; _builder_version=&#8221;4.16&#8243; _module_preset=&#8221;default&#8221; global_colors_info=&#8221;{}&#8221;][et_pb_image src=&#8221;https:\/\/mealpass.hr\/wp-content\/uploads\/2022\/04\/apple.png&#8221; title_text=&#8221;jabolko&#8221; url=&#8221;https:\/\/apps.apple.com\/hr\/app\/mealpass-loyalty\/id6477545557?l=hr&#8221; _builder_version=&#8221;4.23.1&#8243; _module_preset=&#8221;default&#8221; global_colors_info=&#8221;{}&#8221;][\/et_pb_image][\/et_pb_column][et_pb_column type=&#8221;1_4&#8243; _builder_version=&#8221;4.16&#8243; _module_preset=&#8221;default&#8221; global_colors_info=&#8221;{}&#8221;][et_pb_image src=&#8221;https:\/\/mealpass.hr\/wp-content\/uploads\/2022\/04\/google.png&#8221; title_text=&#8221;google&#8221; url=&#8221;https:\/\/play.google.com\/store\/apps\/details?id=hr.mealpass.mealpass&#8221; _builder_version=&#8221;4.23.1&#8243; _module_preset=&#8221;default&#8221; global_colors_info=&#8221;{}&#8221;][\/et_pb_image][\/et_pb_column][\/et_pb_row][\/et_pb_section]<\/p>\n<span class=\"et_bloom_bottom_trigger\"><\/span>","protected":false},"excerpt":{"rendered":"<p>Prenesi aplikacijoIzkoristite popuste v restavracijah do 14 % in vsak dan odkrijte nove okuse! Preizkusite MealPass 7 dni brezpla\u010dno!Kako deluje MealPass? Prenesite aplikacijo in se registrirajte Izberite vrsto naro\u010dnine &#8211; poskusno, mese\u010dno ali letno Poi\u0161\u010dite \u017eeleno restavracijo na seznamu ali zemljevidu U\u017eivajte v kosilu, ve\u010derji ali ve\u010dernem izhodu in pri pla\u010dilu osebju restavracije poka\u017eite animacijo [&hellip;]<\/p>\n","protected":false},"author":1,"featured_media":0,"parent":0,"menu_order":0,"comment_status":"closed","ping_status":"closed","template":"","meta":{"_et_pb_use_builder":"on","_et_pb_old_content":"","_et_gb_content_width":"","footnotes":""},"yoast_head":"<!-- This site is optimized with the Yoast SEO plugin v24.5 - https:\/\/yoast.com\/wordpress\/plugins\/seo\/ -->\n<title>Prenesi aplikacijo %%sep% Obrok<\/title>\n<meta name=\"description\" content=\"Prenesite aplikacijo MealPass iz trgovin za Android in iOS, oglejte si kratka navodila za namestitev in uporabo aplikacije.\" \/>\n<meta name=\"robots\" content=\"index, follow, max-snippet:-1, max-image-preview:large, max-video-preview:-1\" \/>\n<link rel=\"canonical\" href=\"https:\/\/mealpass.hr\/sl\/prenesi-aplikacijo\/\" \/>\n<meta property=\"og:locale\" content=\"sl_SI\" \/>\n<meta property=\"og:type\" content=\"article\" \/>\n<meta property=\"og:title\" content=\"Prenesi aplikacijo %%sep% Obrok\" \/>\n<meta property=\"og:description\" content=\"Prenesite aplikacijo MealPass iz trgovin za Android in iOS, oglejte si kratka navodila za namestitev in uporabo aplikacije.\" \/>\n<meta property=\"og:url\" content=\"https:\/\/mealpass.hr\/sl\/prenesi-aplikacijo\/\" \/>\n<meta property=\"og:site_name\" content=\"Meal pass\" \/>\n<meta property=\"article:publisher\" content=\"https:\/\/www.facebook.com\/MealPass\/\" \/>\n<meta property=\"article:modified_time\" content=\"2026-03-14T18:46:49+00:00\" \/>\n<meta property=\"og:image\" content=\"https:\/\/mealpass.hr\/wp-content\/uploads\/2020\/10\/mealpass_crveno_FINAL_FINAL.png\" \/>\n\t<meta property=\"og:image:width\" content=\"1181\" \/>\n\t<meta property=\"og:image:height\" content=\"643\" \/>\n\t<meta property=\"og:image:type\" content=\"image\/png\" \/>\n<meta name=\"twitter:card\" content=\"summary_large_image\" \/>\n<meta name=\"twitter:label1\" content=\"Est. reading time\" \/>\n\t<meta name=\"twitter:data1\" content=\"4 minute\" \/>\n<script type=\"application\/ld+json\" class=\"yoast-schema-graph\">{\"@context\":\"https:\/\/schema.org\",\"@graph\":[{\"@type\":\"WebPage\",\"@id\":\"https:\/\/mealpass.hr\/sl\/prenesi-aplikacijo\/\",\"url\":\"https:\/\/mealpass.hr\/sl\/prenesi-aplikacijo\/\",\"name\":\"Prenesi aplikacijo %%sep% Obrok\",\"isPartOf\":{\"@id\":\"https:\/\/mealpass.hr\/#website\"},\"datePublished\":\"2022-03-12T14:46:45+00:00\",\"dateModified\":\"2026-03-14T18:46:49+00:00\",\"description\":\"Prenesite aplikacijo MealPass iz trgovin za Android in iOS, oglejte si kratka navodila za namestitev in uporabo aplikacije.\",\"breadcrumb\":{\"@id\":\"https:\/\/mealpass.hr\/sl\/prenesi-aplikacijo\/#breadcrumb\"},\"inLanguage\":\"sl-SI\",\"potentialAction\":[{\"@type\":\"ReadAction\",\"target\":[\"https:\/\/mealpass.hr\/sl\/prenesi-aplikacijo\/\"]}]},{\"@type\":\"BreadcrumbList\",\"@id\":\"https:\/\/mealpass.hr\/sl\/prenesi-aplikacijo\/#breadcrumb\",\"itemListElement\":[{\"@type\":\"ListItem\",\"position\":1,\"name\":\"Home\",\"item\":\"https:\/\/mealpass.hr\/sl\/domov\/\"},{\"@type\":\"ListItem\",\"position\":2,\"name\":\"Prenesi aplikacijo\"}]},{\"@type\":\"WebSite\",\"@id\":\"https:\/\/mealpass.hr\/#website\",\"url\":\"https:\/\/mealpass.hr\/\",\"name\":\"MealPass\",\"description\":\"Jedi vi\u0161e, plati manje\",\"publisher\":{\"@id\":\"https:\/\/mealpass.hr\/#organization\"},\"potentialAction\":[{\"@type\":\"SearchAction\",\"target\":{\"@type\":\"EntryPoint\",\"urlTemplate\":\"https:\/\/mealpass.hr\/?s={search_term_string}\"},\"query-input\":{\"@type\":\"PropertyValueSpecification\",\"valueRequired\":true,\"valueName\":\"search_term_string\"}}],\"inLanguage\":\"sl-SI\"},{\"@type\":\"Organization\",\"@id\":\"https:\/\/mealpass.hr\/#organization\",\"name\":\"MealPass Hrvatska\",\"alternateName\":\"MealPass\",\"url\":\"https:\/\/mealpass.hr\/\",\"logo\":{\"@type\":\"ImageObject\",\"inLanguage\":\"sl-SI\",\"@id\":\"https:\/\/mealpass.hr\/#\/schema\/logo\/image\/\",\"url\":\"https:\/\/mealpass.hr\/wp-content\/uploads\/2022\/08\/ikona.png\",\"contentUrl\":\"https:\/\/mealpass.hr\/wp-content\/uploads\/2022\/08\/ikona.png\",\"width\":117,\"height\":117,\"caption\":\"MealPass Hrvatska\"},\"image\":{\"@id\":\"https:\/\/mealpass.hr\/#\/schema\/logo\/image\/\"},\"sameAs\":[\"https:\/\/www.facebook.com\/MealPass\/\",\"https:\/\/www.linkedin.com\/company\/mealpass-croatia\/\"]}]}<\/script>\n<!-- \/ Yoast SEO plugin. -->","yoast_head_json":{"title":"Prenesi aplikacijo %%sep% Obrok","description":"Prenesite aplikacijo MealPass iz trgovin za Android in iOS, oglejte si kratka navodila za namestitev in uporabo aplikacije.","robots":{"index":"index","follow":"follow","max-snippet":"max-snippet:-1","max-image-preview":"max-image-preview:large","max-video-preview":"max-video-preview:-1"},"canonical":"https:\/\/mealpass.hr\/sl\/prenesi-aplikacijo\/","og_locale":"sl_SI","og_type":"article","og_title":"Prenesi aplikacijo %%sep% Obrok","og_description":"Prenesite aplikacijo MealPass iz trgovin za Android in iOS, oglejte si kratka navodila za namestitev in uporabo aplikacije.","og_url":"https:\/\/mealpass.hr\/sl\/prenesi-aplikacijo\/","og_site_name":"Meal pass","article_publisher":"https:\/\/www.facebook.com\/MealPass\/","article_modified_time":"2026-03-14T18:46:49+00:00","og_image":[{"width":1181,"height":643,"url":"https:\/\/mealpass.hr\/wp-content\/uploads\/2020\/10\/mealpass_crveno_FINAL_FINAL.png","type":"image\/png"}],"twitter_card":"summary_large_image","twitter_misc":{"Est. reading time":"4 minute"},"schema":{"@context":"https:\/\/schema.org","@graph":[{"@type":"WebPage","@id":"https:\/\/mealpass.hr\/sl\/prenesi-aplikacijo\/","url":"https:\/\/mealpass.hr\/sl\/prenesi-aplikacijo\/","name":"Prenesi aplikacijo %%sep% Obrok","isPartOf":{"@id":"https:\/\/mealpass.hr\/#website"},"datePublished":"2022-03-12T14:46:45+00:00","dateModified":"2026-03-14T18:46:49+00:00","description":"Prenesite aplikacijo MealPass iz trgovin za Android in iOS, oglejte si kratka navodila za namestitev in uporabo aplikacije.","breadcrumb":{"@id":"https:\/\/mealpass.hr\/sl\/prenesi-aplikacijo\/#breadcrumb"},"inLanguage":"sl-SI","potentialAction":[{"@type":"ReadAction","target":["https:\/\/mealpass.hr\/sl\/prenesi-aplikacijo\/"]}]},{"@type":"BreadcrumbList","@id":"https:\/\/mealpass.hr\/sl\/prenesi-aplikacijo\/#breadcrumb","itemListElement":[{"@type":"ListItem","position":1,"name":"Home","item":"https:\/\/mealpass.hr\/sl\/domov\/"},{"@type":"ListItem","position":2,"name":"Prenesi aplikacijo"}]},{"@type":"WebSite","@id":"https:\/\/mealpass.hr\/#website","url":"https:\/\/mealpass.hr\/","name":"MealPass","description":"Jedi vi\u0161e, plati manje","publisher":{"@id":"https:\/\/mealpass.hr\/#organization"},"potentialAction":[{"@type":"SearchAction","target":{"@type":"EntryPoint","urlTemplate":"https:\/\/mealpass.hr\/?s={search_term_string}"},"query-input":{"@type":"PropertyValueSpecification","valueRequired":true,"valueName":"search_term_string"}}],"inLanguage":"sl-SI"},{"@type":"Organization","@id":"https:\/\/mealpass.hr\/#organization","name":"MealPass Hrvatska","alternateName":"MealPass","url":"https:\/\/mealpass.hr\/","logo":{"@type":"ImageObject","inLanguage":"sl-SI","@id":"https:\/\/mealpass.hr\/#\/schema\/logo\/image\/","url":"https:\/\/mealpass.hr\/wp-content\/uploads\/2022\/08\/ikona.png","contentUrl":"https:\/\/mealpass.hr\/wp-content\/uploads\/2022\/08\/ikona.png","width":117,"height":117,"caption":"MealPass Hrvatska"},"image":{"@id":"https:\/\/mealpass.hr\/#\/schema\/logo\/image\/"},"sameAs":["https:\/\/www.facebook.com\/MealPass\/","https:\/\/www.linkedin.com\/company\/mealpass-croatia\/"]}]}},"_links":{"self":[{"href":"https:\/\/mealpass.hr\/sl\/wp-json\/wp\/v2\/pages\/2993"}],"collection":[{"href":"https:\/\/mealpass.hr\/sl\/wp-json\/wp\/v2\/pages"}],"about":[{"href":"https:\/\/mealpass.hr\/sl\/wp-json\/wp\/v2\/types\/page"}],"author":[{"embeddable":true,"href":"https:\/\/mealpass.hr\/sl\/wp-json\/wp\/v2\/users\/1"}],"replies":[{"embeddable":true,"href":"https:\/\/mealpass.hr\/sl\/wp-json\/wp\/v2\/comments?post=2993"}],"version-history":[{"count":13,"href":"https:\/\/mealpass.hr\/sl\/wp-json\/wp\/v2\/pages\/2993\/revisions"}],"predecessor-version":[{"id":3461,"href":"https:\/\/mealpass.hr\/sl\/wp-json\/wp\/v2\/pages\/2993\/revisions\/3461"}],"wp:attachment":[{"href":"https:\/\/mealpass.hr\/sl\/wp-json\/wp\/v2\/media?parent=2993"}],"curies":[{"name":"wp","href":"https:\/\/api.w.org\/{rel}","templated":true}]}}