{"id":1736,"date":"2020-10-05T22:39:56","date_gmt":"2020-10-05T21:39:56","guid":{"rendered":"https:\/\/mealpass.hr\/impresum-2\/"},"modified":"2024-03-01T21:39:52","modified_gmt":"2024-03-01T20:39:52","slug":"impresum-2","status":"publish","type":"page","link":"https:\/\/mealpass.hr\/en\/impresum-2\/","title":{"rendered":"Impresum"},"content":{"rendered":"<p>[et_pb_section fb_built=&#8221;1&#8243; _builder_version=&#8221;4.16&#8243; global_colors_info=&#8221;{}&#8221;][et_pb_row _builder_version=&#8221;4.16&#8243; background_size=&#8221;initial&#8221; background_position=&#8221;top_left&#8221; background_repeat=&#8221;repeat&#8221; global_colors_info=&#8221;{}&#8221;][et_pb_column type=&#8221;4_4&#8243; _builder_version=&#8221;4.16&#8243; custom_padding=&#8221;|||&#8221; global_colors_info=&#8221;{}&#8221; custom_padding__hover=&#8221;|||&#8221;][et_pb_text _builder_version=&#8221;4.16&#8243; header_2_font=&#8221;Abril Fatface||||||||&#8221; background_size=&#8221;initial&#8221; background_position=&#8221;top_left&#8221; background_repeat=&#8221;repeat&#8221; global_colors_info=&#8221;{}&#8221;]<\/p>\n<h2><!-- divi:heading --><strong>IMPRESUM <br \/><\/strong><\/h2>\n<p><strong><\/strong><\/p>\n<p><strong><\/strong><\/p>\n<p><strong>Veta Savjetovanje d.o.o., O\u017eujska 1, 10000 Zagreb, Hrvatska<\/strong><\/p>\n<p><strong>Registered in the commercial court in Zagreb MBS 081126210, director Sa\u0161a Jurkovi\u0107, <\/strong><\/p>\n<p><strong>Basic capital HRK 20,000 entered in full, MB 4801598, OIB 46740102542<\/strong><\/p>\n<p><strong>Raiffeisenbank d.d. Zagreb IBAN HR5124840081135050363<\/strong>    <\/p>\n<p>&nbsp;<\/p>\n<p><span> <\/span><br \/> <!-- \/divi:heading --><\/p>\n<p>[\/et_pb_text][\/et_pb_column][\/et_pb_row][\/et_pb_section]<\/p>\n<span class=\"et_bloom_bottom_trigger\"><\/span>","protected":false},"excerpt":{"rendered":"<p>IMPRESUM Veta Savjetovanje d.o.o., O\u017eujska 1, 10000 Zagreb, Hrvatska Registered in the commercial court in Zagreb MBS 081126210, director Sa\u0161a Jurkovi\u0107, Basic capital HRK 20,000 entered in full, MB 4801598, OIB 46740102542 Raiffeisenbank d.d. Zagreb IBAN HR5124840081135050363 &nbsp;<\/p>\n","protected":false},"author":1,"featured_media":0,"parent":0,"menu_order":0,"comment_status":"closed","ping_status":"closed","template":"","meta":{"_et_pb_use_builder":"on","_et_pb_old_content":"","_et_gb_content_width":"","footnotes":""},"yoast_head":"<!-- This site is optimized with the Yoast SEO plugin v24.5 - https:\/\/yoast.com\/wordpress\/plugins\/seo\/ -->\n<title>Impresum - MealPass<\/title>\n<meta name=\"robots\" content=\"index, follow, max-snippet:-1, max-image-preview:large, max-video-preview:-1\" \/>\n<link rel=\"canonical\" href=\"https:\/\/mealpass.hr\/en\/impresum-2\/\" \/>\n<meta property=\"og:locale\" content=\"en_US\" \/>\n<meta property=\"og:type\" content=\"article\" \/>\n<meta property=\"og:title\" content=\"Impresum - MealPass\" \/>\n<meta property=\"og:description\" content=\"IMPRESUM Veta Savjetovanje d.o.o., O\u017eujska 1, 10000 Zagreb, Hrvatska Registered in the commercial court in Zagreb MBS 081126210, director Sa\u0161a Jurkovi\u0107, Basic capital HRK 20,000 entered in full, MB 4801598, OIB 46740102542 Raiffeisenbank d.d. Zagreb IBAN HR5124840081135050363 &nbsp;\" \/>\n<meta property=\"og:url\" content=\"https:\/\/mealpass.hr\/en\/impresum-2\/\" \/>\n<meta property=\"og:site_name\" content=\"Meal pass\" \/>\n<meta property=\"article:publisher\" content=\"https:\/\/www.facebook.com\/MealPass\/\" \/>\n<meta property=\"article:modified_time\" content=\"2024-03-01T20:39:52+00:00\" \/>\n<meta property=\"og:image\" content=\"https:\/\/mealpass.hr\/wp-content\/uploads\/2020\/10\/mealpass_crveno_FINAL_FINAL.png\" \/>\n\t<meta property=\"og:image:width\" content=\"1181\" \/>\n\t<meta property=\"og:image:height\" content=\"643\" \/>\n\t<meta property=\"og:image:type\" content=\"image\/png\" \/>\n<meta name=\"twitter:card\" content=\"summary_large_image\" \/>\n<meta name=\"twitter:label1\" content=\"Est. reading time\" \/>\n\t<meta name=\"twitter:data1\" content=\"1 minute\" \/>\n<script type=\"application\/ld+json\" class=\"yoast-schema-graph\">{\"@context\":\"https:\/\/schema.org\",\"@graph\":[{\"@type\":\"WebPage\",\"@id\":\"https:\/\/mealpass.hr\/en\/impresum-2\/\",\"url\":\"https:\/\/mealpass.hr\/en\/impresum-2\/\",\"name\":\"Impresum - MealPass\",\"isPartOf\":{\"@id\":\"https:\/\/mealpass.hr\/#website\"},\"datePublished\":\"2020-10-05T21:39:56+00:00\",\"dateModified\":\"2024-03-01T20:39:52+00:00\",\"breadcrumb\":{\"@id\":\"https:\/\/mealpass.hr\/en\/impresum-2\/#breadcrumb\"},\"inLanguage\":\"en-US\",\"potentialAction\":[{\"@type\":\"ReadAction\",\"target\":[\"https:\/\/mealpass.hr\/en\/impresum-2\/\"]}]},{\"@type\":\"BreadcrumbList\",\"@id\":\"https:\/\/mealpass.hr\/en\/impresum-2\/#breadcrumb\",\"itemListElement\":[{\"@type\":\"ListItem\",\"position\":1,\"name\":\"Home\",\"item\":\"https:\/\/mealpass.hr\/en\/homepage\/\"},{\"@type\":\"ListItem\",\"position\":2,\"name\":\"Impresum\"}]},{\"@type\":\"WebSite\",\"@id\":\"https:\/\/mealpass.hr\/#website\",\"url\":\"https:\/\/mealpass.hr\/\",\"name\":\"MealPass\",\"description\":\"Jedi vi\u0161e, plati manje\",\"publisher\":{\"@id\":\"https:\/\/mealpass.hr\/#organization\"},\"potentialAction\":[{\"@type\":\"SearchAction\",\"target\":{\"@type\":\"EntryPoint\",\"urlTemplate\":\"https:\/\/mealpass.hr\/?s={search_term_string}\"},\"query-input\":{\"@type\":\"PropertyValueSpecification\",\"valueRequired\":true,\"valueName\":\"search_term_string\"}}],\"inLanguage\":\"en-US\"},{\"@type\":\"Organization\",\"@id\":\"https:\/\/mealpass.hr\/#organization\",\"name\":\"MealPass Hrvatska\",\"alternateName\":\"MealPass\",\"url\":\"https:\/\/mealpass.hr\/\",\"logo\":{\"@type\":\"ImageObject\",\"inLanguage\":\"en-US\",\"@id\":\"https:\/\/mealpass.hr\/#\/schema\/logo\/image\/\",\"url\":\"https:\/\/mealpass.hr\/wp-content\/uploads\/2022\/08\/ikona.png\",\"contentUrl\":\"https:\/\/mealpass.hr\/wp-content\/uploads\/2022\/08\/ikona.png\",\"width\":117,\"height\":117,\"caption\":\"MealPass Hrvatska\"},\"image\":{\"@id\":\"https:\/\/mealpass.hr\/#\/schema\/logo\/image\/\"},\"sameAs\":[\"https:\/\/www.facebook.com\/MealPass\/\",\"https:\/\/www.linkedin.com\/company\/mealpass-croatia\/\"]}]}<\/script>\n<!-- \/ Yoast SEO plugin. -->","yoast_head_json":{"title":"Impresum - MealPass","robots":{"index":"index","follow":"follow","max-snippet":"max-snippet:-1","max-image-preview":"max-image-preview:large","max-video-preview":"max-video-preview:-1"},"canonical":"https:\/\/mealpass.hr\/en\/impresum-2\/","og_locale":"en_US","og_type":"article","og_title":"Impresum - MealPass","og_description":"IMPRESUM Veta Savjetovanje d.o.o., O\u017eujska 1, 10000 Zagreb, Hrvatska Registered in the commercial court in Zagreb MBS 081126210, director Sa\u0161a Jurkovi\u0107, Basic capital HRK 20,000 entered in full, MB 4801598, OIB 46740102542 Raiffeisenbank d.d. Zagreb IBAN HR5124840081135050363 &nbsp;","og_url":"https:\/\/mealpass.hr\/en\/impresum-2\/","og_site_name":"Meal pass","article_publisher":"https:\/\/www.facebook.com\/MealPass\/","article_modified_time":"2024-03-01T20:39:52+00:00","og_image":[{"width":1181,"height":643,"url":"https:\/\/mealpass.hr\/wp-content\/uploads\/2020\/10\/mealpass_crveno_FINAL_FINAL.png","type":"image\/png"}],"twitter_card":"summary_large_image","twitter_misc":{"Est. reading time":"1 minute"},"schema":{"@context":"https:\/\/schema.org","@graph":[{"@type":"WebPage","@id":"https:\/\/mealpass.hr\/en\/impresum-2\/","url":"https:\/\/mealpass.hr\/en\/impresum-2\/","name":"Impresum - MealPass","isPartOf":{"@id":"https:\/\/mealpass.hr\/#website"},"datePublished":"2020-10-05T21:39:56+00:00","dateModified":"2024-03-01T20:39:52+00:00","breadcrumb":{"@id":"https:\/\/mealpass.hr\/en\/impresum-2\/#breadcrumb"},"inLanguage":"en-US","potentialAction":[{"@type":"ReadAction","target":["https:\/\/mealpass.hr\/en\/impresum-2\/"]}]},{"@type":"BreadcrumbList","@id":"https:\/\/mealpass.hr\/en\/impresum-2\/#breadcrumb","itemListElement":[{"@type":"ListItem","position":1,"name":"Home","item":"https:\/\/mealpass.hr\/en\/homepage\/"},{"@type":"ListItem","position":2,"name":"Impresum"}]},{"@type":"WebSite","@id":"https:\/\/mealpass.hr\/#website","url":"https:\/\/mealpass.hr\/","name":"MealPass","description":"Jedi vi\u0161e, plati manje","publisher":{"@id":"https:\/\/mealpass.hr\/#organization"},"potentialAction":[{"@type":"SearchAction","target":{"@type":"EntryPoint","urlTemplate":"https:\/\/mealpass.hr\/?s={search_term_string}"},"query-input":{"@type":"PropertyValueSpecification","valueRequired":true,"valueName":"search_term_string"}}],"inLanguage":"en-US"},{"@type":"Organization","@id":"https:\/\/mealpass.hr\/#organization","name":"MealPass Hrvatska","alternateName":"MealPass","url":"https:\/\/mealpass.hr\/","logo":{"@type":"ImageObject","inLanguage":"en-US","@id":"https:\/\/mealpass.hr\/#\/schema\/logo\/image\/","url":"https:\/\/mealpass.hr\/wp-content\/uploads\/2022\/08\/ikona.png","contentUrl":"https:\/\/mealpass.hr\/wp-content\/uploads\/2022\/08\/ikona.png","width":117,"height":117,"caption":"MealPass Hrvatska"},"image":{"@id":"https:\/\/mealpass.hr\/#\/schema\/logo\/image\/"},"sameAs":["https:\/\/www.facebook.com\/MealPass\/","https:\/\/www.linkedin.com\/company\/mealpass-croatia\/"]}]}},"_links":{"self":[{"href":"https:\/\/mealpass.hr\/en\/wp-json\/wp\/v2\/pages\/1736"}],"collection":[{"href":"https:\/\/mealpass.hr\/en\/wp-json\/wp\/v2\/pages"}],"about":[{"href":"https:\/\/mealpass.hr\/en\/wp-json\/wp\/v2\/types\/page"}],"author":[{"embeddable":true,"href":"https:\/\/mealpass.hr\/en\/wp-json\/wp\/v2\/users\/1"}],"replies":[{"embeddable":true,"href":"https:\/\/mealpass.hr\/en\/wp-json\/wp\/v2\/comments?post=1736"}],"version-history":[{"count":4,"href":"https:\/\/mealpass.hr\/en\/wp-json\/wp\/v2\/pages\/1736\/revisions"}],"predecessor-version":[{"id":2089,"href":"https:\/\/mealpass.hr\/en\/wp-json\/wp\/v2\/pages\/1736\/revisions\/2089"}],"wp:attachment":[{"href":"https:\/\/mealpass.hr\/en\/wp-json\/wp\/v2\/media?parent=1736"}],"curies":[{"name":"wp","href":"https:\/\/api.w.org\/{rel}","templated":true}]}}